{"id":282,"date":"2018-05-17T19:45:56","date_gmt":"2018-05-17T12:45:56","guid":{"rendered":"http:\/\/dunlop.mgift.vn\/?page_id=282"},"modified":"2019-05-10T21:15:11","modified_gmt":"2019-05-10T14:15:11","slug":"news","status":"publish","type":"page","link":"https:\/\/www.dunloptyre.vn\/vi\/news\/","title":{"rendered":"News"},"content":{"rendered":"\n\n<div id=\"wk-gridd12\" class=\"uk-grid-width-1-2 uk-grid-width-small-1-2 uk-grid-width-medium-1-2 uk-grid-width-large-1-2 uk-grid-width-xlarge-1-2 uk-grid uk-grid-match uk-text-left \" data-uk-grid-match=\"{target:'> div > .uk-panel', row:true}\" data-uk-grid-margin >\n\n\n    <div>\n        <div class=\"uk-panel\">\n\n            \n            \n                        <div class=\"uk-text-center uk-panel-teaser\"><div class=\"uk-overlay uk-overlay-hover \"><img loading=\"lazy\" decoding=\"async\" src=\"https:\/\/www.dunloptyre.vn\/wp-content\/uploads\/2018\/05\/happy-mid-autumn-festival.png\" class=\" uk-overlay-scale\" alt=\"T\u1ebft Trung Thu &#8211; H\u00e0nh Tr\u00ecnh \u0110\u1ebfn Cung Tr\u0103ng\" width=\"558\" height=\"277\"><div class=\"uk-overlay-panel uk-overlay-background uk-overlay-icon uk-overlay-fade\"><\/div><a class=\"uk-position-cover\" href=\"https:\/\/www.dunloptyre.vn\/vi\/tet-trung-thu-hanh-trinh-den-cung-trang\/\" title=\"T\u1ebft Trung Thu &amp;#8211; H\u00e0nh Tr\u00ecnh \u0110\u1ebfn Cung Tr\u0103ng\"><\/a><\/div><\/div>\n            \n            \n                        <h3 class=\"uk-panel-title\">\n\n                                    <a class=\"uk-link-reset\" href=\"https:\/\/www.dunloptyre.vn\/vi\/tet-trung-thu-hanh-trinh-den-cung-trang\/\">T\u1ebft Trung Thu &#8211; H\u00e0nh Tr\u00ecnh \u0110\u1ebfn Cung Tr\u0103ng<\/a>\n                \n                \n            <\/h3>\n            \n            \n            \n                        <div class=\"uk-margin\"><p style=\"line-height: 24pt;\"><strong>Khi l\u1ec5 h\u1ed9i t\u1ebft Trung Thu \u0111ang \u0111\u1ebfn g\u1ea7n h\u01a1n, l\u00e0 khi tr\u1ebb em c\u00e0ng tr\u00f4ng mong \u0111\u01b0\u1ee3c c\u00f9ng gia \u0111\u00ecnh \u0103n nh\u1eefng chi\u1ebfc b\u00e1nh Trung Thu v\u00e0 ch\u01a1i r\u01b0\u1edbc \u0111\u00e8n c\u00f9ng c\u00e1c b\u1ea1n nh\u1ecf trong x\u00f3m.<\/strong><\/p>\n<\/div>\n            \n            \n                        <p><a class=\"uk-button\" href=\"https:\/\/www.dunloptyre.vn\/vi\/tet-trung-thu-hanh-trinh-den-cung-trang\/\">Read more<\/a><\/p>\n            \n            \n        <\/div>\n    <\/div>\n\n\n    <div>\n        <div class=\"uk-panel\">\n\n            \n            \n            \n            \n                        <h3 class=\"uk-panel-title\">\n\n                                    <a class=\"uk-link-reset\" href=\"https:\/\/www.dunloptyre.vn\/vi\/south-africa-trip-hanh-trinh-den-nam-phi\/\">South Africa Trip &#8211; H\u00e0nh tr\u00ecnh \u0111\u1ebfn Nam Phi<\/a>\n                \n                \n            <\/h3>\n            \n            \n            \n                        <div class=\"uk-margin\"><p><strong>M\u1ed9t trong nh\u1eefng c\u1ea3m x\u00fac \u0111\u1eb7c bi\u1ec7t nh\u1ea5t c\u1ee7a ch\u00ednh nh\u1eefng th\u00e0nh vi\u00ean Dunlop l\u00e0 \u0111\u01b0\u1ee3c \u0111\u1ed3ng h\u00e0nh c\u00f9ng c\u00e1c kh\u00e1ch h\u00e0ng\/\u0111\u1ea1i l\u00fd th\u00e2n thi\u1ebft \u0111\u1ebfn th\u0103m v\u00f9ng \u0111\u1ea5t Kim C\u01b0\u01a1ng xa x\u00f4i Nam Phi. <\/strong><\/p>\n<\/div>\n            \n            \n                        <p><a class=\"uk-button\" href=\"https:\/\/www.dunloptyre.vn\/vi\/south-africa-trip-hanh-trinh-den-nam-phi\/\">Read more<\/a><\/p>\n            \n            \n        <\/div>\n    <\/div>\n\n\n    <div>\n        <div class=\"uk-panel\">\n\n            \n            \n            \n            \n                        <h3 class=\"uk-panel-title\">\n\n                                    <a class=\"uk-link-reset\" href=\"https:\/\/www.dunloptyre.vn\/vi\/mua-he-ruc-ro-don-con-mua-vang-cung-dunlop\/\">M\u00f9a h\u00e8 r\u1ef1c r\u1ee1, \u0111\u00f3n c\u01a1n m\u01b0a v\u00e0ng c\u00f9ng Dunlop<\/a>\n                \n                \n            <\/h3>\n            \n            \n            \n                        <div class=\"uk-margin\"><p><strong>K\u1ebft th\u00fac ch\u01b0\u01a1ng tr\u00ecnh &#8220;M\u00f9a h\u00e8 r\u1ef1c r\u1ee1, \u0111\u00f3n c\u01a1n m\u01b0a v\u00e0ng c\u00f9ng Dunlop&#8221;, nhi\u1ec1u kh\u00e1ch h\u00e0ng t\u1eeb tr\u00ean kh\u1eafp m\u1ecdi mi\u1ec1n \u0111\u1ea5t n\u01b0\u1edbc Vi\u1ec7t Nam \u0111\u00e3 may m\u1eafn d\u00e0nh \u0111\u01b0\u1ee3c nh\u1eefng gi\u1ea3i th\u01b0\u1edfng gi\u00e1 tr\u1ecb t\u1eeb Dunlop Vi\u1ec7t Nam. Ch\u00fang t\u00f4i tr\u00e2n tr\u1ecdng ch\u00fac m\u1eebng c\u00e1c kh\u00e1ch h\u00e0ng may m\u1eafn sau \u0111\u00e2y \u0111\u00e3 \u0111\u1ea1t \u0111\u01b0\u1ee3c nh\u1eefng ph\u1ea7n qu\u00e0 h\u1ea5p d\u1eabn t\u1eeb k\u1ebft qu\u1ea3 ch\u01b0\u01a1ng tr\u00ecnh b\u1ed1c th\u0103m tr\u00fang th\u01b0\u1edfng ng\u00e0y 31.10.2017 v\u1eeba qua.<\/strong><\/p>\n<\/div>\n            \n            \n                        <p><a class=\"uk-button\" href=\"https:\/\/www.dunloptyre.vn\/vi\/mua-he-ruc-ro-don-con-mua-vang-cung-dunlop\/\">Read more<\/a><\/p>\n            \n            \n        <\/div>\n    <\/div>\n\n\n<\/div>\n\n<script>\n(function($){\n\n    \/\/ get the images of the gallery and replace it by a canvas of the same size to fix the problem with overlapping images on load.\n    $('img[width][height]:not(.uk-overlay-panel)', $('#wk-gridd12')).each(function() {\n\n        var $img = $(this);\n\n        if (this.width == 'auto' || this.height == 'auto' || !$img.is(':visible')) {\n            return;\n        }\n\n        var $canvas = $('<canvas class=\"uk-responsive-width\"><\/canvas>').attr({width:$img.attr('width'), height:$img.attr('height')}),\n            img = new Image,\n            release = function() {\n                $canvas.remove();\n                $img.css('display', '');\n                release = function(){};\n            };\n\n        $img.css('display', 'none').after($canvas);\n\n        $(img).on('load', function(){ release(); });\n        setTimeout(function(){ release(); }, 1000);\n\n        img.src = this.src;\n\n    });\n\n})(jQuery);\n<\/script>\n\n","protected":false},"excerpt":{"rendered":"\n\n<div id=\"wk-grid9da\" class=\"uk-grid-width-1-2 uk-grid-width-small-1-2 uk-grid-width-medium-1-2 uk-grid-width-large-1-2 uk-grid-width-xlarge-1-2 uk-grid uk-grid-match uk-text-left \" data-uk-grid-match=\"{target:'> div > .uk-panel', row:true}\" data-uk-grid-margin >\n\n\n    <div>\n        <div class=\"uk-panel\">\n\n            \n            \n                        <div class=\"uk-text-center uk-panel-teaser\"><div class=\"uk-overlay uk-overlay-hover \"><img loading=\"lazy\" decoding=\"async\" src=\"https:\/\/www.dunloptyre.vn\/wp-content\/uploads\/2018\/05\/happy-mid-autumn-festival.png\" class=\" uk-overlay-scale\" alt=\"T\u1ebft Trung Thu &#8211; H\u00e0nh Tr\u00ecnh \u0110\u1ebfn Cung Tr\u0103ng\" width=\"558\" height=\"277\"><div class=\"uk-overlay-panel uk-overlay-background uk-overlay-icon uk-overlay-fade\"><\/div><a class=\"uk-position-cover\" href=\"https:\/\/www.dunloptyre.vn\/vi\/tet-trung-thu-hanh-trinh-den-cung-trang\/\" title=\"T\u1ebft Trung Thu &amp;#8211; H\u00e0nh Tr\u00ecnh \u0110\u1ebfn Cung Tr\u0103ng\"><\/a><\/div><\/div>\n            \n            \n                        <h3 class=\"uk-panel-title\">\n\n                                    <a class=\"uk-link-reset\" href=\"https:\/\/www.dunloptyre.vn\/vi\/tet-trung-thu-hanh-trinh-den-cung-trang\/\">T\u1ebft Trung Thu &#8211; H\u00e0nh Tr\u00ecnh \u0110\u1ebfn Cung Tr\u0103ng<\/a>\n                \n                \n            <\/h3>\n            \n            \n            \n                        <div class=\"uk-margin\"><p style=\"line-height: 24pt;\"><strong>Khi l\u1ec5 h\u1ed9i t\u1ebft Trung Thu \u0111ang \u0111\u1ebfn g\u1ea7n h\u01a1n, l\u00e0 khi tr\u1ebb em c\u00e0ng tr\u00f4ng mong \u0111\u01b0\u1ee3c c\u00f9ng gia \u0111\u00ecnh \u0103n nh\u1eefng chi\u1ebfc b\u00e1nh Trung Thu v\u00e0 ch\u01a1i r\u01b0\u1edbc \u0111\u00e8n c\u00f9ng c\u00e1c b\u1ea1n nh\u1ecf trong x\u00f3m.<\/strong><\/p>\n<\/div>\n            \n            \n                        <p><a class=\"uk-button\" href=\"https:\/\/www.dunloptyre.vn\/vi\/tet-trung-thu-hanh-trinh-den-cung-trang\/\">Read more<\/a><\/p>\n            \n            \n        <\/div>\n    <\/div>\n\n\n    <div>\n        <div class=\"uk-panel\">\n\n            \n            \n            \n            \n                        <h3 class=\"uk-panel-title\">\n\n                                    <a class=\"uk-link-reset\" href=\"https:\/\/www.dunloptyre.vn\/vi\/south-africa-trip-hanh-trinh-den-nam-phi\/\">South Africa Trip &#8211; H\u00e0nh tr\u00ecnh \u0111\u1ebfn Nam Phi<\/a>\n                \n                \n            <\/h3>\n            \n            \n            \n                        <div class=\"uk-margin\"><p><strong>M\u1ed9t trong nh\u1eefng c\u1ea3m x\u00fac \u0111\u1eb7c bi\u1ec7t nh\u1ea5t c\u1ee7a ch\u00ednh nh\u1eefng th\u00e0nh vi\u00ean Dunlop l\u00e0 \u0111\u01b0\u1ee3c \u0111\u1ed3ng h\u00e0nh c\u00f9ng c\u00e1c kh\u00e1ch h\u00e0ng\/\u0111\u1ea1i l\u00fd th\u00e2n thi\u1ebft \u0111\u1ebfn th\u0103m v\u00f9ng \u0111\u1ea5t Kim C\u01b0\u01a1ng xa x\u00f4i Nam Phi. <\/strong><\/p>\n<\/div>\n            \n            \n                        <p><a class=\"uk-button\" href=\"https:\/\/www.dunloptyre.vn\/vi\/south-africa-trip-hanh-trinh-den-nam-phi\/\">Read more<\/a><\/p>\n            \n            \n        <\/div>\n    <\/div>\n\n\n    <div>\n        <div class=\"uk-panel\">\n\n            \n            \n            \n            \n                        <h3 class=\"uk-panel-title\">\n\n                                    <a class=\"uk-link-reset\" href=\"https:\/\/www.dunloptyre.vn\/vi\/mua-he-ruc-ro-don-con-mua-vang-cung-dunlop\/\">M\u00f9a h\u00e8 r\u1ef1c r\u1ee1, \u0111\u00f3n c\u01a1n m\u01b0a v\u00e0ng c\u00f9ng Dunlop<\/a>\n                \n                \n            <\/h3>\n            \n            \n            \n                        <div class=\"uk-margin\"><p><strong>K\u1ebft th\u00fac ch\u01b0\u01a1ng tr\u00ecnh &#8220;M\u00f9a h\u00e8 r\u1ef1c r\u1ee1, \u0111\u00f3n c\u01a1n m\u01b0a v\u00e0ng c\u00f9ng Dunlop&#8221;, nhi\u1ec1u kh\u00e1ch h\u00e0ng t\u1eeb tr\u00ean kh\u1eafp m\u1ecdi mi\u1ec1n \u0111\u1ea5t n\u01b0\u1edbc Vi\u1ec7t Nam \u0111\u00e3 may m\u1eafn d\u00e0nh \u0111\u01b0\u1ee3c nh\u1eefng gi\u1ea3i th\u01b0\u1edfng gi\u00e1 tr\u1ecb t\u1eeb Dunlop Vi\u1ec7t Nam. Ch\u00fang t\u00f4i tr\u00e2n tr\u1ecdng ch\u00fac m\u1eebng c\u00e1c kh\u00e1ch h\u00e0ng may m\u1eafn sau \u0111\u00e2y \u0111\u00e3 \u0111\u1ea1t \u0111\u01b0\u1ee3c nh\u1eefng ph\u1ea7n qu\u00e0 h\u1ea5p d\u1eabn t\u1eeb k\u1ebft qu\u1ea3 ch\u01b0\u01a1ng tr\u00ecnh b\u1ed1c th\u0103m tr\u00fang th\u01b0\u1edfng ng\u00e0y 31.10.2017 v\u1eeba qua.<\/strong><\/p>\n<\/div>\n            \n            \n                        <p><a class=\"uk-button\" href=\"https:\/\/www.dunloptyre.vn\/vi\/mua-he-ruc-ro-don-con-mua-vang-cung-dunlop\/\">Read more<\/a><\/p>\n            \n            \n        <\/div>\n    <\/div>\n\n\n<\/div>\n\n<script>\n(function($){\n\n    \/\/ get the images of the gallery and replace it by a canvas of the same size to fix the problem with overlapping images on load.\n    $('img[width][height]:not(.uk-overlay-panel)', $('#wk-grid9da')).each(function() {\n\n        var $img = $(this);\n\n        if (this.width == 'auto' || this.height == 'auto' || !$img.is(':visible')) {\n            return;\n        }\n\n        var $canvas = $('<canvas class=\"uk-responsive-width\"><\/canvas>').attr({width:$img.attr('width'), height:$img.attr('height')}),\n            img = new Image,\n            release = function() {\n                $canvas.remove();\n                $img.css('display', '');\n                release = function(){};\n            };\n\n        $img.css('display', 'none').after($canvas);\n\n        $(img).on('load', function(){ release(); });\n        setTimeout(function(){ release(); }, 1000);\n\n        img.src = this.src;\n\n    });\n\n})(jQuery);\n<\/script>\n","protected":false},"author":1,"featured_media":0,"parent":0,"menu_order":0,"comment_status":"closed","ping_status":"closed","template":"","meta":{"footnotes":"","_links_to":"","_links_to_target":""},"_links":{"self":[{"href":"https:\/\/www.dunloptyre.vn\/vi\/wp-json\/wp\/v2\/pages\/282"}],"collection":[{"href":"https:\/\/www.dunloptyre.vn\/vi\/wp-json\/wp\/v2\/pages"}],"about":[{"href":"https:\/\/www.dunloptyre.vn\/vi\/wp-json\/wp\/v2\/types\/page"}],"author":[{"embeddable":true,"href":"https:\/\/www.dunloptyre.vn\/vi\/wp-json\/wp\/v2\/users\/1"}],"replies":[{"embeddable":true,"href":"https:\/\/www.dunloptyre.vn\/vi\/wp-json\/wp\/v2\/comments?post=282"}],"version-history":[{"count":42,"href":"https:\/\/www.dunloptyre.vn\/vi\/wp-json\/wp\/v2\/pages\/282\/revisions"}],"predecessor-version":[{"id":1274,"href":"https:\/\/www.dunloptyre.vn\/vi\/wp-json\/wp\/v2\/pages\/282\/revisions\/1274"}],"wp:attachment":[{"href":"https:\/\/www.dunloptyre.vn\/vi\/wp-json\/wp\/v2\/media?parent=282"}],"curies":[{"name":"wp","href":"https:\/\/api.w.org\/{rel}","templated":true}]}}