{"id":542,"date":"2018-06-06T09:36:07","date_gmt":"2018-06-06T02:36:07","guid":{"rendered":"http:\/\/dunlop.mgift.vn\/?page_id=542"},"modified":"2019-05-10T20:50:45","modified_gmt":"2019-05-10T13:50:45","slug":"about-ssw","status":"publish","type":"page","link":"https:\/\/www.dunloptyre.vn\/vi\/about-ssw\/","title":{"rendered":"V\u1ec1 SSW"},"content":{"rendered":"[vc_row css_animation=&#8221;&#8221; row_type=&#8221;row&#8221; use_row_as_full_screen_section=&#8221;yes&#8221; type=&#8221;full_width&#8221; angled_section=&#8221;no&#8221; text_align=&#8221;left&#8221; background_image_as_pattern=&#8221;without_pattern&#8221; z_index=&#8221;&#8221; css=&#8221;.vc_custom_1526887803972{padding-right: 30px !important;padding-left: 30px !important;}&#8221;][vc_column el_class=&#8221;about-bg&#8221;][vc_row_inner row_type=&#8221;row&#8221; type=&#8221;full_width&#8221; text_align=&#8221;left&#8221; css_animation=&#8221;&#8221;][vc_column_inner el_class=&#8221;about-content-col&#8221; css=&#8221;.vc_custom_1526887809428{padding-right: 50px !important;padding-left: 50px !important;}&#8221;][vc_empty_space height=&#8221;30px&#8221;][vc_column_text]\n<p style=\"text-align: center; line-height:24pt;\">Stamford Sport Wheels l\u00e0 m\u1ed9t c\u00f4ng ty thu\u1ed9c Stamford Tyres Corporation Limited (STCL) v\u00e0 l\u00e0 m\u1ed9t chuy\u00ean gia trong l\u0129nh v\u1ef1c l\u1ed1p v\u00e0 m\u00e2m xe tr\u00ean to\u00e0n th\u1ebf gi\u1edbi. C\u00f4ng ty \u0111\u01b0\u1ee3c th\u00e0nh l\u1eadp v\u00e0o th\u1eadp ni\u00ean 1930s v\u00e0 tr\u1ee5 s\u1edf ch\u00ednh \u0111\u01b0\u1ee3c \u0111\u1eb7t t\u1ea1i Singapore. Th\u1ebf m\u1ea1nh c\u1ee7a c\u00f4ng ty ch\u00fang t\u00f4i l\u00e0 ph\u00e2n ph\u1ed1i \u0111a qu\u1ed1c gia c\u00e1c m\u1eb7t h\u00e0ng ch\u1ea5t l\u01b0\u1ee3ng cao. T\u00ean c\u1ee7a c\u00f4ng ty ch\u00fang t\u00f4i, STCL, lu\u00f4n c\u00f3 m\u1eb7t trong b\u1ea3ng x\u1ebfp h\u1ea1ng ch\u00ednh c\u1ee7a C\u00f4ng Ty TNHH Th\u01b0\u01a1ng m\u1ea1i v\u00e0 Giao d\u1ecbch ch\u1ee9ng kho\u00e1n Singapore (SGX-ST).<\/p>\n<p>&nbsp;<\/p>\n<p style=\"text-align: center; line-height:24pt;\">Stamford Sport Wheels (SSW) \u0111\u01b0\u1ee3c th\u00e0nh l\u1eadp v\u00e0o n\u0103m 2004 v\u00e0 l\u00e0 m\u1ed9t trong c\u00e1c c\u00f4ng ty chuy\u00ean s\u1ea3n xu\u1ea5t m\u00e2m xe t\u1eeb h\u1ee3p kim nh\u00f4m si\u00eau nh\u1eb9. V\u1edbi \u0111\u1ed9i ng\u0169 thi\u1ebft k\u1ebf v\u00e0 k\u0129 s\u01b0 chuy\u00ean nghi\u1ec7p, ch\u00fang t\u00f4i c\u00f3 kh\u1ea3 n\u0103ng s\u1ea3n xu\u1ea5t ra m\u1ed9t lo\u1ea1t nh\u1eefng m\u00e2m xe \u0111a d\u1ea1ng v\u1ec1 phong c\u00e1ch, hi\u1ec7u n\u0103ng s\u1eed d\u1ee5ng v\u00e0 k\u00edch th\u01b0\u1edbc (t\u1eeb 13 t\u1edbi 24 inches), c\u00f3 th\u1ec3 \u0111\u01b0\u1ee3c s\u1eed d\u1ee5ng r\u1ed9ng r\u00e3i cho c\u00e1c lo\u1ea1i xe 4 b\u00e1nh n\u00f3i chung v\u00e0 xe ch\u1edf kh\u00e1ch, SUV, t\u1ea3i nh\u1eb9, 1 v\u00e0 2 c\u1ea7u n\u00f3i chung. Nh\u00e0 m\u00e1y ch\u00fang t\u00f4i \u0111\u01b0\u1ee3c x\u00e2y d\u1ef1ng tr\u00ean khu \u0111\u1ea5t 1.96 h\u00e9c-ta, thu\u1ed9c \u0111\u1ecba ph\u1eadn Nonthaburi, n\u1eb1m c\u00e1ch th\u1ee7 \u0111\u00f4 Bangkok 60 c\u00e2y s\u1ed1 v\u1ec1 ph\u00eda b\u1eafc. V\u1edbi h\u01a1n 400 nh\u00e2n c\u00f4ng v\u00e0 2 nh\u00e0 m\u00e1y s\u1ea3n xu\u1ea5t ti\u00ean ti\u1ebfn, ch\u00fang t\u00f4i, SSW, c\u00f3 th\u1ec3 s\u1ea3n xu\u1ea5t 800.000 chi\u1ebfc m\u00e2m m\u1ed7i n\u0103m. Kh\u00e1ch h\u00e0ng ch\u00ednh c\u1ee7a ch\u00fang t\u00f4i kh\u00f4ng ch\u1ec9 \u1edf th\u1ecb tr\u01b0\u1eddng n\u1ed9i \u0111\u1ecba, m\u00e0 c\u00f2n \u0111\u1ebfn t\u1eeb c\u00e1c ch\u00e2u l\u1ee5c tr\u00ean th\u1ebf gi\u1edbi nh\u01b0: \u00c1, \u00c2u, Phi, M\u1ef9, v\u00e0 \u00dac.<\/p>\n<p>&nbsp;<\/p>\n<p style=\"text-align: center; line-height:24pt;\">C\u00e1c c\u01a1 s\u1ea3n xu\u1ea5t c\u1ee7a c\u00f4ng ty \u0111\u1ec1u s\u1edf h\u1eefu nh\u1eefng c\u1ed7 m\u00e1y ti\u1ebfn ti\u1ebfn nh\u1ea5t trong ng\u00e0nh c\u00f4ng nghi\u1ec7p n\u00e0y. \u0110i\u1ec3n h\u00ecnh l\u00e0 m\u00e1y \u0111\u00fac v\u1edbi \u00e1p su\u1ea5t th\u1ea5p v\u00e0 m\u00e1y c\u00e2n b\u1eb1ng tr\u1ecdng l\u1ef1c. Ngo\u00e0i ra, ch\u00fang t\u00f4i c\u00f2n s\u1edf h\u1eefu m\u1ed9t d\u00e2y chuy\u1ec1n s\u01a1n hi\u1ec7n \u0111\u1ea1i, \u0111\u01b0\u1ee3c \u0111\u1eb7t trong m\u1ed9t m\u00f4i tr\u01b0\u1eddng mi\u1ec5n nhi\u1ec5m v\u1edbi b\u1ee5i b\u1ea9n. V\u1edbi \u0111i\u1ec1u ki\u1ec7n tr\u00ean, c\u00e1c s\u1ea3n ph\u1ea9m c\u1ee7a ch\u00fang t\u00f4i s\u1ebd lu\u00f4n \u0111\u1ea1t \u0111\u01b0\u1ee3c c\u00e1c ti\u00eau ch\u00ed v\u1ec1 ch\u1ea5t l\u01b0\u1ee3ng v\u00e0 th\u1ecfa m\u1ea3n nhu c\u1ea7u c\u1ee7a kh\u00e1ch h\u00e0ng kh\u00f3 t\u00ednh nh\u1ea5t. D\u01b0\u1edbi s\u1ef1 theo d\u00f5i g\u1eaft gao trong qu\u00e1 tr\u00ecnh ki\u1ec3m tra ch\u1ea5t l\u01b0\u1ee3ng s\u1ea3n ph\u1ea9m, nh\u00e0 m\u00e1y c\u1ee7a ch\u00fang t\u00f4i \u0111\u00e3 \u0111\u1ea1t \u0111\u01b0\u1ee3c ch\u1ee9ng ch\u1ec9 ch\u1ee9ng nh\u1eadn b\u1edfi TUV Rheinland, \u0110\u1ee9c (ISO9001:2008 v\u00e0 TS16949:2009) v\u00e0o n\u0103m 2006 v\u00e0 d\u00e2y chuy\u1ec1n s\u1ea3n xu\u1ea5t m\u00e2m xe h\u1ee3p kim \u0111\u00e3 \u0111\u01b0\u1ee3c ch\u1ee9ng nh\u1eadn b\u1edfi JWL \/ JWL-T (Nh\u1eadt), SNI (In-\u0111\u00f4-n\u00ea-xia), GOST (Nga), and TSE (Th\u1ed5 Nh\u0129 K\u1ef3).<\/p>\n<p>&nbsp;<\/p>\n<p style=\"text-align: center; line-height:24pt;\">SSW lu\u00f4n cung c\u1ea5p nh\u1eefng m\u1eabu m\u00e2m xe h\u1ee3p kim t\u1ed1t nh\u1ea5t v\u1edbi gi\u00e1 ph\u1ea3i ch\u0103ng. Ch\u00fang t\u00f4i li\u00ean t\u1ee5c ra s\u1ee9c nghi\u00ean c\u1ee9u nh\u1eefng v\u1eadt li\u1ec7u v\u00e0 c\u00f4ng ngh\u1ec7 s\u1ea3n xu\u1ea5t m\u1edbi nh\u1ea5t tr\u00ean th\u1ecb tr\u01b0\u1eddng \u0111\u1ec3 \u0111\u1ea3m b\u1ea3o r\u1eb1ng kh\u00e1ch h\u00e0ng ch\u00fang t\u00f4i, lu\u00f4n ti\u1ebfp c\u1eadn \u0111\u01b0\u1ee3c nh\u1eefng \u0111\u1ed9t ph\u00e1 m\u1edbi nh\u1ea5t trong \u201cTh\u1ebf Gi\u1edbi B\u00e1nh Xe\u201d. Sau c\u00f9ng, ch\u00fang t\u00f4i mu\u1ed1n tuy\u00ean b\u1ed1 r\u1eb1ng t\u1ea5t c\u1ea3 c\u00e1c m\u1eabu thi\u1ebft k\u1ebf c\u1ee7a ch\u00fang t\u00f4i lu\u00f4n \u0111\u1ea1t \u0111\u01b0\u1ee3c k\u1ebft qu\u1ea3 cao t\u1eeb c\u00e1c b\u00e0i ki\u1ec3m tra ch\u1ea5t l\u01b0\u1ee3ng nghi\u00eam ng\u1eb7t nh\u1ea5t, \u0111\u1ec3 \u0111\u1ea1t \u0111\u01b0\u1ee3c s\u1ef1 an t\u00e2m v\u00e0 \u0111\u1ed9 an to\u00e0n t\u1eeb c\u00e1c kh\u00e1ch h\u00e0ng s\u00e0nh \u0111i\u1ec7u nh\u1ea5t.<\/p>\n[\/vc_column_text][vc_empty_space height=&#8221;100px&#8221; el_class=&#8221;hidden-xs&#8221;][\/vc_column_inner][\/vc_row_inner][\/vc_column][\/vc_row]\n","protected":false},"excerpt":{"rendered":"[vc_row css_animation=\"\" row_type=\"row\" use_row_as_full_screen_section=\"yes\" type=\"full_width\" angled_section=\"no\" text_align=\"left\" background_image_as_pattern=\"without_pattern\" z_index=\"\" css=\".vc_custom_1526887803972{padding-right: 30px !important;padding-left: 30px !important;}\"][vc_column el_class=\"about-bg\"][vc_row_inner row_type=\"row\" type=\"full_width\" text_align=\"left\" css_animation=\"\"][vc_column_inner el_class=\"about-content-col\" css=\".vc_custom_1526887809428{padding-right: 50px !important;padding-left: 50px !important;}\"][vc_empty_space height=\"30px\"][vc_column_text] Stamford Sport Wheels l\u00e0 m\u1ed9t c\u00f4ng ty thu\u1ed9c Stamford Tyres Corporation Limited (STCL) v\u00e0 l\u00e0 m\u1ed9t chuy\u00ean gia trong l\u0129nh v\u1ef1c l\u1ed1p v\u00e0 m\u00e2m xe tr\u00ean to\u00e0n th\u1ebf gi\u1edbi.&hellip;","protected":false},"author":1,"featured_media":0,"parent":0,"menu_order":0,"comment_status":"closed","ping_status":"closed","template":"","meta":{"footnotes":"","_links_to":"","_links_to_target":""},"_links":{"self":[{"href":"https:\/\/www.dunloptyre.vn\/vi\/wp-json\/wp\/v2\/pages\/542"}],"collection":[{"href":"https:\/\/www.dunloptyre.vn\/vi\/wp-json\/wp\/v2\/pages"}],"about":[{"href":"https:\/\/www.dunloptyre.vn\/vi\/wp-json\/wp\/v2\/types\/page"}],"author":[{"embeddable":true,"href":"https:\/\/www.dunloptyre.vn\/vi\/wp-json\/wp\/v2\/users\/1"}],"replies":[{"embeddable":true,"href":"https:\/\/www.dunloptyre.vn\/vi\/wp-json\/wp\/v2\/comments?post=542"}],"version-history":[{"count":5,"href":"https:\/\/www.dunloptyre.vn\/vi\/wp-json\/wp\/v2\/pages\/542\/revisions"}],"predecessor-version":[{"id":1263,"href":"https:\/\/www.dunloptyre.vn\/vi\/wp-json\/wp\/v2\/pages\/542\/revisions\/1263"}],"wp:attachment":[{"href":"https:\/\/www.dunloptyre.vn\/vi\/wp-json\/wp\/v2\/media?parent=542"}],"curies":[{"name":"wp","href":"https:\/\/api.w.org\/{rel}","templated":true}]}}