{"id":1026,"date":"2018-10-16T15:26:39","date_gmt":"2018-10-16T08:26:39","guid":{"rendered":"http:\/\/dunlop.mgift.vn\/?post_type=product&#038;p=1026"},"modified":"2019-05-13T10:30:12","modified_gmt":"2019-05-13T03:30:12","slug":"ec300","status":"publish","type":"product","link":"https:\/\/www.dunloptyre.vn\/vi\/san-pham\/ec300\/","title":{"rendered":"ENASAVE EC300"},"content":{"rendered":"[vc_row css_animation=&#8221;&#8221; row_type=&#8221;row&#8221; use_row_as_full_screen_section=&#8221;no&#8221; type=&#8221;full_width&#8221; angled_section=&#8221;no&#8221; text_align=&#8221;left&#8221; background_image_as_pattern=&#8221;without_pattern&#8221;][vc_column]<div  class=\"lgc-column lgc-grid-parent lgc-grid-30 lgc-tablet-grid-30 lgc-mobile-grid-100 lgc-equal-heights \"><div  class=\"inside-grid-column\">\n<h1><span style=\"font-size: 18pt;\">ENASAVE EC300<\/span><\/h1>\n<p style=\"line-height:24px;\">Part of the ENASAVE family with a focus on maximizing\u00a0fuel efficiency and delivering excellent wet weather\u00a0traction and dry weather performance and handling.<\/p>\n<\/div><\/div><div  class=\"lgc-column lgc-grid-parent lgc-grid-70 lgc-tablet-grid-70 lgc-mobile-grid-100 lgc-equal-heights \"><div  class=\"inside-grid-column\">\n<p><img loading=\"lazy\" decoding=\"async\" class=\"aligncenter\" src=\"https:\/\/www.dunloptyre.vn\/wp-content\/uploads\/2018\/10\/ENASAVE-EC300-1.png\" alt=\"\" width=\"324\" height=\"432\" \/><img loading=\"lazy\" decoding=\"async\" class=\"aligncenter\" src=\"https:\/\/www.dunloptyre.vn\/wp-content\/uploads\/2018\/10\/ENASAVE-EC300-.png\" alt=\"\" width=\"460\" height=\"342\" \/><\/p><\/div><\/div><div class=\"lgc-clear\"><\/div>\n<table class=\"box-table-att\" style=\"line-height:24px;\">\n<thead>\n<tr>\n<th class=\"td-product-att\">Type size<\/th>\n<th class=\"td-product-att\">Load index<\/th>\n<th class=\"td-product-att\">Speed Symbol<\/th>\n<th class=\"td-product-att\">\u00a0<\/th>\n<th class=\"td-product-att\">TL or TT<\/th>\n<th class=\"td-product-att\">Overall Diam (mm)<\/th>\n<th class=\"td-product-att\">Section Width (mm)<\/th>\n<th class=\"td-product-att\">Measuring (inch)<\/th>\n<th class=\"td-product-att\">Approved (inch)<\/th>\n<th class=\"td-product-att\">Tread Depth (mm)<\/th>\n<\/tr>\n<\/thead>\n<tbody>\n<tr class=\"box-table-tr-bg-1\">\n<td>255\/70R16<\/td>\n<td>111<\/td>\n<td>H<\/td>\n<td>BLK<\/td>\n<td>K<\/td>\n<td>763<\/td>\n<td>254<\/td>\n<td>7,50<\/td>\n<td>6.50-8.50<\/td>\n<td>8,7<\/td>\n<\/tr>\n<tr class=\"box-table-tr-bg-1\">\n<td>265\/70R16<\/td>\n<td>112<\/td>\n<td>S<\/td>\n<td>BLK<\/td>\n<td>K<\/td>\n<td>776<\/td>\n<td>259<\/td>\n<td>8,00<\/td>\n<td>7.00-9.00<\/td>\n<td>8,7<\/td>\n<\/tr>\n<tr class=\"box-table-tr-bg-1\">\n<td>275\/70R16<\/td>\n<td>114<\/td>\n<td>S<\/td>\n<td>BLK<\/td>\n<td>K<\/td>\n<td>795<\/td>\n<td>275<\/td>\n<td>8,00<\/td>\n<td>7.00-9.00<\/td>\n<td>9,2<\/td>\n<\/tr>\n<tr class=\"box-table-tr-bg-1\">\n<td>265\/65R17<\/td>\n<td>110<\/td>\n<td>S<\/td>\n<td>BLK<\/td>\n<td>K<\/td>\n<td>775<\/td>\n<td>265<\/td>\n<td>8,00<\/td>\n<td>7.50-9.50<\/td>\n<td>8,7<\/td>\n<\/tr>\n<tr class=\"box-table-tr-bg-1\">\n<td>275\/70R16<\/td>\n<td>114<\/td>\n<td>H<\/td>\n<td>BKL<\/td>\n<td>K<\/td>\n<td>794<\/td>\n<td>276<\/td>\n<td>8.00<\/td>\n<td>7.00 &#8211; 9.00<\/td>\n<td>9.2<\/td>\n<\/tr>\n<tr class=\"box-table-tr-bg-1\">\n<td>275\/70R16<\/td>\n<td>114<\/td>\n<td>H<\/td>\n<td>BLK<\/td>\n<td>K<\/td>\n<td>795<\/td>\n<td>275<\/td>\n<td>8.00<\/td>\n<td>7.00 &#8211; 9.00<\/td>\n<td>9.2<\/td>\n<\/tr>\n<tr class=\"box-table-tr-bg-1\">\n<td>P245\/70R17<\/td>\n<td>108<\/td>\n<td>S<\/td>\n<td>BLK<\/td>\n<td>K<\/td>\n<td>777<\/td>\n<td>249<\/td>\n<td>7.00<\/td>\n<td>6.50 &#8211; 8.00<\/td>\n<td>8.7<\/td>\n<\/tr>\n<tr class=\"box-table-tr-bg-1\">\n<td>P265\/70R17<\/td>\n<td>113<\/td>\n<td>S<\/td>\n<td>BLK<\/td>\n<td>K<\/td>\n<td>801<\/td>\n<td>270<\/td>\n<td>8.00<\/td>\n<td>7.00 &#8211; 9.00<\/td>\n<td>8.7<\/td>\n<\/tr>\n<tr class=\"box-table-tr-bg-1\">\n<td>275\/65R17<\/td>\n<td>115<\/td>\n<td>H<\/td>\n<td>BLK<\/td>\n<td>K<\/td>\n<td>793<\/td>\n<td>277<\/td>\n<td>8.00<\/td>\n<td>7.50 &#8211; 9.50<\/td>\n<td>9.2<\/td>\n<\/tr>\n<tr class=\"box-table-tr-bg-1\">\n<td>245\/70R17<\/td>\n<td>110<\/td>\n<td>S<\/td>\n<td>BLK<\/td>\n<td>K<\/td>\n<td>778<\/td>\n<td>251<\/td>\n<td>7.00<\/td>\n<td>6.50 &#8211; 8.00<\/td>\n<td>9.0<\/td>\n<\/tr>\n<tr class=\"box-table-tr-bg-1\">\n<td>LT255\/70R16<\/td>\n<td>108\/104<\/td>\n<td>S<\/td>\n<td>BLK<\/td>\n<td>K<\/td>\n<td>766<\/td>\n<td>255<\/td>\n<td>7.50<\/td>\n<td>6,50 &#8211; 8.00<\/td>\n<td>8.7<\/td>\n<\/tr>\n<tr class=\"box-table-tr-bg-1\">\n<td>245\/70R16<\/td>\n<td>111<\/td>\n<td>S<\/td>\n<td>BLK<\/td>\n<td>K<\/td>\n<td>751<\/td>\n<td>248<\/td>\n<td>7.00<\/td>\n<td>6.00 &#8211; 8.00<\/td>\n<td>8.5<\/td>\n<\/tr>\n<tr class=\"box-table-tr-bg-1\">\n<td>265\/65R17<\/td>\n<td>112<\/td>\n<td>S<\/td>\n<td>BLK<\/td>\n<td>K<\/td>\n<td>777<\/td>\n<td>268<\/td>\n<td>8.00<\/td>\n<td>7.50 &#8211; 9.50<\/td>\n<td>8.7<\/td>\n<\/tr>\n<tr class=\"box-table-tr-bg-1\">\n<td>225\/70R17<\/td>\n<td>108<\/td>\n<td>S<\/td>\n<td>BLK<\/td>\n<td>K<\/td>\n<td>761<\/td>\n<td>223<\/td>\n<td>6.50<\/td>\n<td>6.00 &#8211; 7.50<\/td>\n<td>9.2<\/td>\n<\/tr>\n<tr class=\"box-table-tr-bg-1\">\n<td>265\/60R18<\/td>\n<td>110<\/td>\n<td>H<\/td>\n<td>BLK<\/td>\n<td>K<\/td>\n<td>778<\/td>\n<td>266<\/td>\n<td>8.00<\/td>\n<td>7.50 &#8211; 9.50<\/td>\n<td>8.7<\/td>\n<\/tr>\n<\/tbody>\n<\/table>\n[\/vc_column][\/vc_row]","protected":false},"excerpt":{"rendered":"<p><p>ENASAVE EC300 thu\u1ed9c trong nh\u00f3m s\u1ea3n ph\u1ea9m ENASAVE v\u1edbi ti\u00eau ch\u00ed th\u00e2n thi\u1ec7n v\u1edbi m\u00f4i tr\u01b0\u1eddng, ti\u1ebft ki\u1ec7m nhi\u00ean li\u1ec7u v\u00e0 t\u0103ng c\u01b0\u1eddng kh\u1ea3 n\u0103ng hi\u1ec7u su\u1ea5t b\u00e1m \u0111\u01b0\u1eddng cho c\u1ea3 th\u1eddi ti\u1ebft kh\u00f4 v\u00e0 \u01b0\u1edbt.<\/p>\n<\/p>","protected":false},"featured_media":1027,"comment_status":"closed","ping_status":"closed","template":"","meta":{"_links_to":"","_links_to_target":""},"_links":{"self":[{"href":"https:\/\/www.dunloptyre.vn\/vi\/wp-json\/wp\/v2\/product\/1026"}],"collection":[{"href":"https:\/\/www.dunloptyre.vn\/vi\/wp-json\/wp\/v2\/product"}],"about":[{"href":"https:\/\/www.dunloptyre.vn\/vi\/wp-json\/wp\/v2\/types\/product"}],"replies":[{"embeddable":true,"href":"https:\/\/www.dunloptyre.vn\/vi\/wp-json\/wp\/v2\/comments?post=1026"}],"wp:featuredmedia":[{"embeddable":true,"href":"https:\/\/www.dunloptyre.vn\/vi\/wp-json\/wp\/v2\/media\/1027"}],"wp:attachment":[{"href":"https:\/\/www.dunloptyre.vn\/vi\/wp-json\/wp\/v2\/media?parent=1026"}],"curies":[{"name":"wp","href":"https:\/\/api.w.org\/{rel}","templated":true}]}}