{"id":1034,"date":"2018-10-16T15:32:48","date_gmt":"2018-10-16T08:32:48","guid":{"rendered":"http:\/\/dunlop.mgift.vn\/?post_type=product&#038;p=1034"},"modified":"2019-05-13T13:40:42","modified_gmt":"2019-05-13T06:40:42","slug":"spsport9000","status":"publish","type":"product","link":"https:\/\/www.dunloptyre.vn\/vi\/san-pham\/spsport9000\/","title":{"rendered":"SP SPORT 9000"},"content":{"rendered":"[vc_row css_animation=&#8221;&#8221; row_type=&#8221;row&#8221; use_row_as_full_screen_section=&#8221;no&#8221; type=&#8221;full_width&#8221; angled_section=&#8221;no&#8221; text_align=&#8221;left&#8221; background_image_as_pattern=&#8221;without_pattern&#8221;]<div  class=\"lgc-column lgc-grid-parent lgc-grid-30 lgc-tablet-grid-30 lgc-mobile-grid-100 lgc-equal-heights \"><div  class=\"inside-grid-column\">\n<h1>SP SPORT 9000<\/h1>\n<p style=\"line-height:24pt;\">An ultra-high performance tyre with an advanced unidirectional tread pattern that fans outwards and utilises a silica compound for the tread. This tyre uses innovative construction and a new rubber polymer technology to ensure reduced aquaplaning, better wet and dry handling, improved stability, shorter braking distances and reduced fuel consumption. Ideal for high-performance cars providing high safety reserves even in unexpected situations.<\/p>\n<\/div><\/div><div  class=\"lgc-column lgc-grid-parent lgc-grid-70 lgc-tablet-grid-70 lgc-mobile-grid-100 lgc-equal-heights \"><div  class=\"inside-grid-column\">\n<img loading=\"lazy\" decoding=\"async\" class=\"aligncenter wp-image-1148\" src=\"https:\/\/www.dunloptyre.vn\/wp-content\/uploads\/2018\/10\/6f3d92df-3cf4-4ac0-97af-14feb0cccfb0.png\" alt=\"\" width=\"356\" height=\"356\" srcset=\"https:\/\/www.dunloptyre.vn\/wp-content\/uploads\/2018\/10\/6f3d92df-3cf4-4ac0-97af-14feb0cccfb0.png 800w, https:\/\/www.dunloptyre.vn\/wp-content\/uploads\/2018\/10\/6f3d92df-3cf4-4ac0-97af-14feb0cccfb0-150x150.png 150w, https:\/\/www.dunloptyre.vn\/wp-content\/uploads\/2018\/10\/6f3d92df-3cf4-4ac0-97af-14feb0cccfb0-300x300.png 300w, https:\/\/www.dunloptyre.vn\/wp-content\/uploads\/2018\/10\/6f3d92df-3cf4-4ac0-97af-14feb0cccfb0-768x768.png 768w, https:\/\/www.dunloptyre.vn\/wp-content\/uploads\/2018\/10\/6f3d92df-3cf4-4ac0-97af-14feb0cccfb0-250x250.png 250w, https:\/\/www.dunloptyre.vn\/wp-content\/uploads\/2018\/10\/6f3d92df-3cf4-4ac0-97af-14feb0cccfb0-570x570.png 570w, https:\/\/www.dunloptyre.vn\/wp-content\/uploads\/2018\/10\/6f3d92df-3cf4-4ac0-97af-14feb0cccfb0-500x500.png 500w, https:\/\/www.dunloptyre.vn\/wp-content\/uploads\/2018\/10\/6f3d92df-3cf4-4ac0-97af-14feb0cccfb0-700x700.png 700w, https:\/\/www.dunloptyre.vn\/wp-content\/uploads\/2018\/10\/6f3d92df-3cf4-4ac0-97af-14feb0cccfb0-600x600.png 600w, https:\/\/www.dunloptyre.vn\/wp-content\/uploads\/2018\/10\/6f3d92df-3cf4-4ac0-97af-14feb0cccfb0-100x100.png 100w\" sizes=\"(max-width: 356px) 100vw, 356px\" \/>\n<p><img loading=\"lazy\" decoding=\"async\" class=\"aligncenter  wp-image-1147\" src=\"https:\/\/www.dunloptyre.vn\/wp-content\/uploads\/2018\/10\/SP-SPORT-9000.png\" alt=\"\" width=\"467\" height=\"343\" srcset=\"https:\/\/www.dunloptyre.vn\/wp-content\/uploads\/2018\/10\/SP-SPORT-9000.png 1016w, https:\/\/www.dunloptyre.vn\/wp-content\/uploads\/2018\/10\/SP-SPORT-9000-300x220.png 300w, https:\/\/www.dunloptyre.vn\/wp-content\/uploads\/2018\/10\/SP-SPORT-9000-768x564.png 768w, https:\/\/www.dunloptyre.vn\/wp-content\/uploads\/2018\/10\/SP-SPORT-9000-700x514.png 700w, https:\/\/www.dunloptyre.vn\/wp-content\/uploads\/2018\/10\/SP-SPORT-9000-600x441.png 600w\" sizes=\"(max-width: 467px) 100vw, 467px\" \/><\/p><\/div><\/div><div class=\"lgc-clear\"><\/div>\n<table class=\"box-table-att\" style=\"line-height:24pt;\">\n<thead>\n<tr>\n<th class=\"td-product-att\">Type size<\/th>\n<th class=\"td-product-att\">Load index<\/th>\n<th class=\"td-product-att\">Speed Symbol<\/th>\n<th class=\"td-product-att\">&nbsp;<\/th>\n<th class=\"td-product-att\">TL or TT<\/th>\n<th class=\"td-product-att\">Overall Diam (mm)<\/th>\n<th class=\"td-product-att\">Section Width (mm)<\/th>\n<th class=\"td-product-att\">Measuring (inch)<\/th>\n<th class=\"td-product-att\">Approved (inch)<\/th>\n<th class=\"td-product-att\">Tread Depth (mm)<\/th>\n<\/tr>\n<\/thead>\n<tbody>\n<tr class=\"box-table-tr-bg-1\">\n<td>255\/70R16<\/td>\n<td>111<\/td>\n<td>H<\/td>\n<td>BLK<\/td>\n<td>K<\/td>\n<td>763<\/td>\n<td>254<\/td>\n<td>7,50<\/td>\n<td>6.50-8.50<\/td>\n<td>8,7<\/td>\n<\/tr>\n<tr class=\"box-table-tr-bg-1\">\n<td>265\/70R16<\/td>\n<td>112<\/td>\n<td>S<\/td>\n<td>BLK<\/td>\n<td>K<\/td>\n<td>776<\/td>\n<td>259<\/td>\n<td>8,00<\/td>\n<td>7.00-9.00<\/td>\n<td>8,7<\/td>\n<\/tr>\n<tr class=\"box-table-tr-bg-1\">\n<td>275\/70R16<\/td>\n<td>114<\/td>\n<td>S<\/td>\n<td>BLK<\/td>\n<td>K<\/td>\n<td>795<\/td>\n<td>275<\/td>\n<td>8,00<\/td>\n<td>7.00-9.00<\/td>\n<td>9,2<\/td>\n<\/tr>\n<tr class=\"box-table-tr-bg-1\">\n<td>265\/65R17<\/td>\n<td>110<\/td>\n<td>S<\/td>\n<td>BLK<\/td>\n<td>K<\/td>\n<td>775<\/td>\n<td>265<\/td>\n<td>8,00<\/td>\n<td>7.50-9.50<\/td>\n<td>8,7<\/td>\n<\/tr>\n<tr class=\"box-table-tr-bg-1\">\n<td>275\/70R16<\/td>\n<td>114<\/td>\n<td>H<\/td>\n<td>BKL<\/td>\n<td>K<\/td>\n<td>794<\/td>\n<td>276<\/td>\n<td>8.00<\/td>\n<td>7.00 &#8211; 9.00<\/td>\n<td>9.2<\/td>\n<\/tr>\n<tr class=\"box-table-tr-bg-1\">\n<td>275\/70R16<\/td>\n<td>114<\/td>\n<td>H<\/td>\n<td>BLK<\/td>\n<td>K<\/td>\n<td>795<\/td>\n<td>275<\/td>\n<td>8.00<\/td>\n<td>7.00 &#8211; 9.00<\/td>\n<td>9.2<\/td>\n<\/tr>\n<tr class=\"box-table-tr-bg-1\">\n<td>P245\/70R17<\/td>\n<td>108<\/td>\n<td>S<\/td>\n<td>BLK<\/td>\n<td>K<\/td>\n<td>777<\/td>\n<td>249<\/td>\n<td>7.00<\/td>\n<td>6.50 &#8211; 8.00<\/td>\n<td>8.7<\/td>\n<\/tr>\n<tr class=\"box-table-tr-bg-1\">\n<td>P265\/70R17<\/td>\n<td>113<\/td>\n<td>S<\/td>\n<td>BLK<\/td>\n<td>K<\/td>\n<td>801<\/td>\n<td>270<\/td>\n<td>8.00<\/td>\n<td>7.00 &#8211; 9.00<\/td>\n<td>8.7<\/td>\n<\/tr>\n<tr class=\"box-table-tr-bg-1\">\n<td>275\/65R17<\/td>\n<td>115<\/td>\n<td>H<\/td>\n<td>BLK<\/td>\n<td>K<\/td>\n<td>793<\/td>\n<td>277<\/td>\n<td>8.00<\/td>\n<td>7.50 &#8211; 9.50<\/td>\n<td>9.2<\/td>\n<\/tr>\n<tr class=\"box-table-tr-bg-1\">\n<td>245\/70R17<\/td>\n<td>110<\/td>\n<td>S<\/td>\n<td>BLK<\/td>\n<td>K<\/td>\n<td>778<\/td>\n<td>251<\/td>\n<td>7.00<\/td>\n<td>6.50 &#8211; 8.00<\/td>\n<td>9.0<\/td>\n<\/tr>\n<tr class=\"box-table-tr-bg-1\">\n<td>LT255\/70R16<\/td>\n<td>108\/104<\/td>\n<td>S<\/td>\n<td>BLK<\/td>\n<td>K<\/td>\n<td>766<\/td>\n<td>255<\/td>\n<td>7.50<\/td>\n<td>6,50 &#8211; 8.00<\/td>\n<td>8.7<\/td>\n<\/tr>\n<tr class=\"box-table-tr-bg-1\">\n<td>245\/70R16<\/td>\n<td>111<\/td>\n<td>S<\/td>\n<td>BLK<\/td>\n<td>K<\/td>\n<td>751<\/td>\n<td>248<\/td>\n<td>7.00<\/td>\n<td>6.00 &#8211; 8.00<\/td>\n<td>8.5<\/td>\n<\/tr>\n<tr class=\"box-table-tr-bg-1\">\n<td>265\/65R17<\/td>\n<td>112<\/td>\n<td>S<\/td>\n<td>BLK<\/td>\n<td>K<\/td>\n<td>777<\/td>\n<td>268<\/td>\n<td>8.00<\/td>\n<td>7.50 &#8211; 9.50<\/td>\n<td>8.7<\/td>\n<\/tr>\n<tr class=\"box-table-tr-bg-1\">\n<td>225\/70R17<\/td>\n<td>108<\/td>\n<td>S<\/td>\n<td>BLK<\/td>\n<td>K<\/td>\n<td>761<\/td>\n<td>223<\/td>\n<td>6.50<\/td>\n<td>6.00 &#8211; 7.50<\/td>\n<td>9.2<\/td>\n<\/tr>\n<tr class=\"box-table-tr-bg-1\">\n<td>265\/60R18<\/td>\n<td>110<\/td>\n<td>H<\/td>\n<td>BLK<\/td>\n<td>K<\/td>\n<td>778<\/td>\n<td>266<\/td>\n<td>8.00<\/td>\n<td>7.50 &#8211; 9.50<\/td>\n<td>8.7<\/td>\n<\/tr>\n<\/tbody>\n<\/table>\n[\/vc_column][\/vc_row]","protected":false},"excerpt":{"rendered":"<p><p>L\u1ed1p SP SPORT 5000 s\u1eed d\u1ee5ng c\u1ea5u tr\u00fac c\u1ea3i ti\u1ebfn v\u00e0 c\u00f4ng ngh\u1ec7 polymer m\u1edbi \u0111\u1ec3 \u0111\u1ea3m b\u1ea3o gi\u1ea3m aquaplaning, x\u1eed l\u00fd kh\u00f4 v\u00e0 \u01b0\u1edbt t\u1ed1t h\u01a1n, c\u1ea3i thi\u1ec7n \u0111\u1ed9 \u1ed5n \u0111\u1ecbnh, kho\u1ea3ng c\u00e1ch phanh ng\u1eafn h\u01a1n v\u00e0 gi\u1ea3m ti\u00eau th\u1ee5 nhi\u00ean li\u1ec7u.<\/p>\n<\/p>","protected":false},"featured_media":1148,"comment_status":"closed","ping_status":"closed","template":"","meta":{"_links_to":"","_links_to_target":""},"_links":{"self":[{"href":"https:\/\/www.dunloptyre.vn\/vi\/wp-json\/wp\/v2\/product\/1034"}],"collection":[{"href":"https:\/\/www.dunloptyre.vn\/vi\/wp-json\/wp\/v2\/product"}],"about":[{"href":"https:\/\/www.dunloptyre.vn\/vi\/wp-json\/wp\/v2\/types\/product"}],"replies":[{"embeddable":true,"href":"https:\/\/www.dunloptyre.vn\/vi\/wp-json\/wp\/v2\/comments?post=1034"}],"wp:featuredmedia":[{"embeddable":true,"href":"https:\/\/www.dunloptyre.vn\/vi\/wp-json\/wp\/v2\/media\/1148"}],"wp:attachment":[{"href":"https:\/\/www.dunloptyre.vn\/vi\/wp-json\/wp\/v2\/media?parent=1034"}],"curies":[{"name":"wp","href":"https:\/\/api.w.org\/{rel}","templated":true}]}}