{"id":1036,"date":"2018-10-16T15:33:49","date_gmt":"2018-10-16T08:33:49","guid":{"rendered":"http:\/\/dunlop.mgift.vn\/?post_type=product&#038;p=1036"},"modified":"2019-05-13T11:12:23","modified_gmt":"2019-05-13T04:12:23","slug":"sp-maxx-tt","status":"publish","type":"product","link":"https:\/\/www.dunloptyre.vn\/vi\/san-pham\/sp-maxx-tt\/","title":{"rendered":"SP SPORT MAXX TT"},"content":{"rendered":"[vc_row css_animation=&#8221;&#8221; row_type=&#8221;row&#8221; use_row_as_full_screen_section=&#8221;no&#8221; type=&#8221;full_width&#8221; angled_section=&#8221;no&#8221; text_align=&#8221;left&#8221; background_image_as_pattern=&#8221;without_pattern&#8221;][vc_column]<div  class=\"lgc-column lgc-grid-parent lgc-grid-30 lgc-tablet-grid-30 lgc-mobile-grid-100 lgc-equal-heights \"><div  class=\"inside-grid-column\">\n<h1><span style=\"font-size: 18pt;\">SP SPORT MAXX TT<\/span><\/h1>\n<p style=\"line-height:24px\">K\u1ebft h\u1ee3p c\u00e1c v\u1eadt li\u1ec7u s\u00e1ng t\u1ea1o nh\u1ea5t v\u1edbi c\u00e1c t\u00ednh n\u0103ng C\u00f4ng ngh\u1ec7 c\u1ea3m \u1ee9ng m\u1edbi nh\u1ea5t, Dunlop SP Sport Maxx TT m\u1edbi l\u00e0 lo\u1ea1i l\u1ed1p cao c\u1ea5p \u0111\u01b0\u1ee3c thi\u1ebft k\u1ebf \u0111\u1eb7c bi\u1ec7t \u0111\u1ec3 \u0111\u01b0a hi\u1ec7u su\u1ea5t l\u00ean m\u1ee9c cao h\u01a1n. S\u1ef1 k\u1ebft h\u1ee3p c\u1ee7a Kevlar Apex Construction, c\u00e1c h\u1ea1t Neo v\u00e0 c\u00e1c t\u00ednh n\u0103ng C\u00f4ng ngh\u1ec7 c\u1ea3m \u1ee9ng kh\u00e1c nhau cho ph\u00e9p ng\u01b0\u1eddi l\u00e1i \u0111\u1ea1t \u0111\u01b0\u1ee3c l\u00e1i xe ch\u00ednh x\u00e1c v\u00e0 cu\u1ed1i c\u00f9ng t\u1ed1i \u0111a h\u00f3a tr\u1ea3i nghi\u1ec7m l\u00e1i xe c\u1ee7a h\u1ecd.<\/p>\n<\/div><\/div><div  class=\"lgc-column lgc-grid-parent lgc-grid-70 lgc-tablet-grid-70 lgc-mobile-grid-100 lgc-equal-heights \"><div  class=\"inside-grid-column\">\n<p>&nbsp;<\/p>\n<p><img loading=\"lazy\" decoding=\"async\" class=\"aligncenter wp-image-1176\" src=\"https:\/\/www.dunloptyre.vn\/wp-content\/uploads\/2018\/10\/SP-SPORT-MAXX-TT-1.png\" alt=\"\" width=\"291\" height=\"420\" srcset=\"https:\/\/www.dunloptyre.vn\/wp-content\/uploads\/2018\/10\/SP-SPORT-MAXX-TT-1.png 900w, https:\/\/www.dunloptyre.vn\/wp-content\/uploads\/2018\/10\/SP-SPORT-MAXX-TT-1-208x300.png 208w, https:\/\/www.dunloptyre.vn\/wp-content\/uploads\/2018\/10\/SP-SPORT-MAXX-TT-1-768x1109.png 768w, https:\/\/www.dunloptyre.vn\/wp-content\/uploads\/2018\/10\/SP-SPORT-MAXX-TT-1-709x1024.png 709w, https:\/\/www.dunloptyre.vn\/wp-content\/uploads\/2018\/10\/SP-SPORT-MAXX-TT-1-700x1011.png 700w, https:\/\/www.dunloptyre.vn\/wp-content\/uploads\/2018\/10\/SP-SPORT-MAXX-TT-1-600x867.png 600w\" sizes=\"(max-width: 291px) 100vw, 291px\" \/><img loading=\"lazy\" decoding=\"async\" class=\"aligncenter wp-image-1140\" src=\"https:\/\/www.dunloptyre.vn\/wp-content\/uploads\/2018\/10\/SP-SPORT-MAXX-TT.png\" alt=\"\" width=\"495\" height=\"363\" srcset=\"https:\/\/www.dunloptyre.vn\/wp-content\/uploads\/2018\/10\/SP-SPORT-MAXX-TT.png 1010w, https:\/\/www.dunloptyre.vn\/wp-content\/uploads\/2018\/10\/SP-SPORT-MAXX-TT-300x220.png 300w, https:\/\/www.dunloptyre.vn\/wp-content\/uploads\/2018\/10\/SP-SPORT-MAXX-TT-768x563.png 768w, https:\/\/www.dunloptyre.vn\/wp-content\/uploads\/2018\/10\/SP-SPORT-MAXX-TT-700x513.png 700w, https:\/\/www.dunloptyre.vn\/wp-content\/uploads\/2018\/10\/SP-SPORT-MAXX-TT-600x440.png 600w\" sizes=\"(max-width: 495px) 100vw, 495px\" \/><\/p><\/div><\/div><div class=\"lgc-clear\"><\/div>\n<table class=\"box-table-att\" style=\"line-height:24px\">\n<thead>\n<tr>\n<th class=\"td-product-att\">Type size<\/th>\n<th class=\"td-product-att\">Load index<\/th>\n<th class=\"td-product-att\">Speed Symbol<\/th>\n<th class=\"td-product-att\">&nbsp;<\/th>\n<th class=\"td-product-att\">TL or TT<\/th>\n<th class=\"td-product-att\">Overall Diam (mm)<\/th>\n<th class=\"td-product-att\">Section Width (mm)<\/th>\n<th class=\"td-product-att\">Measuring (inch)<\/th>\n<th class=\"td-product-att\">Approved (inch)<\/th>\n<th class=\"td-product-att\">Tread Depth (mm)<\/th>\n<\/tr>\n<\/thead>\n<tbody>\n<tr class=\"box-table-tr-bg-1\">\n<td>255\/70R16<\/td>\n<td>111<\/td>\n<td>H<\/td>\n<td>BLK<\/td>\n<td>K<\/td>\n<td>763<\/td>\n<td>254<\/td>\n<td>7,50<\/td>\n<td>6.50-8.50<\/td>\n<td>8,7<\/td>\n<\/tr>\n<tr class=\"box-table-tr-bg-1\">\n<td>265\/70R16<\/td>\n<td>112<\/td>\n<td>S<\/td>\n<td>BLK<\/td>\n<td>K<\/td>\n<td>776<\/td>\n<td>259<\/td>\n<td>8,00<\/td>\n<td>7.00-9.00<\/td>\n<td>8,7<\/td>\n<\/tr>\n<tr class=\"box-table-tr-bg-1\">\n<td>275\/70R16<\/td>\n<td>114<\/td>\n<td>S<\/td>\n<td>BLK<\/td>\n<td>K<\/td>\n<td>795<\/td>\n<td>275<\/td>\n<td>8,00<\/td>\n<td>7.00-9.00<\/td>\n<td>9,2<\/td>\n<\/tr>\n<tr class=\"box-table-tr-bg-1\">\n<td>265\/65R17<\/td>\n<td>110<\/td>\n<td>S<\/td>\n<td>BLK<\/td>\n<td>K<\/td>\n<td>775<\/td>\n<td>265<\/td>\n<td>8,00<\/td>\n<td>7.50-9.50<\/td>\n<td>8,7<\/td>\n<\/tr>\n<tr class=\"box-table-tr-bg-1\">\n<td>275\/70R16<\/td>\n<td>114<\/td>\n<td>H<\/td>\n<td>BKL<\/td>\n<td>K<\/td>\n<td>794<\/td>\n<td>276<\/td>\n<td>8.00<\/td>\n<td>7.00 &#8211; 9.00<\/td>\n<td>9.2<\/td>\n<\/tr>\n<tr class=\"box-table-tr-bg-1\">\n<td>275\/70R16<\/td>\n<td>114<\/td>\n<td>H<\/td>\n<td>BLK<\/td>\n<td>K<\/td>\n<td>795<\/td>\n<td>275<\/td>\n<td>8.00<\/td>\n<td>7.00 &#8211; 9.00<\/td>\n<td>9.2<\/td>\n<\/tr>\n<tr class=\"box-table-tr-bg-1\">\n<td>P245\/70R17<\/td>\n<td>108<\/td>\n<td>S<\/td>\n<td>BLK<\/td>\n<td>K<\/td>\n<td>777<\/td>\n<td>249<\/td>\n<td>7.00<\/td>\n<td>6.50 &#8211; 8.00<\/td>\n<td>8.7<\/td>\n<\/tr>\n<tr class=\"box-table-tr-bg-1\">\n<td>P265\/70R17<\/td>\n<td>113<\/td>\n<td>S<\/td>\n<td>BLK<\/td>\n<td>K<\/td>\n<td>801<\/td>\n<td>270<\/td>\n<td>8.00<\/td>\n<td>7.00 &#8211; 9.00<\/td>\n<td>8.7<\/td>\n<\/tr>\n<tr class=\"box-table-tr-bg-1\">\n<td>275\/65R17<\/td>\n<td>115<\/td>\n<td>H<\/td>\n<td>BLK<\/td>\n<td>K<\/td>\n<td>793<\/td>\n<td>277<\/td>\n<td>8.00<\/td>\n<td>7.50 &#8211; 9.50<\/td>\n<td>9.2<\/td>\n<\/tr>\n<tr class=\"box-table-tr-bg-1\">\n<td>245\/70R17<\/td>\n<td>110<\/td>\n<td>S<\/td>\n<td>BLK<\/td>\n<td>K<\/td>\n<td>778<\/td>\n<td>251<\/td>\n<td>7.00<\/td>\n<td>6.50 &#8211; 8.00<\/td>\n<td>9.0<\/td>\n<\/tr>\n<tr class=\"box-table-tr-bg-1\">\n<td>LT255\/70R16<\/td>\n<td>108\/104<\/td>\n<td>S<\/td>\n<td>BLK<\/td>\n<td>K<\/td>\n<td>766<\/td>\n<td>255<\/td>\n<td>7.50<\/td>\n<td>6,50 &#8211; 8.00<\/td>\n<td>8.7<\/td>\n<\/tr>\n<tr class=\"box-table-tr-bg-1\">\n<td>245\/70R16<\/td>\n<td>111<\/td>\n<td>S<\/td>\n<td>BLK<\/td>\n<td>K<\/td>\n<td>751<\/td>\n<td>248<\/td>\n<td>7.00<\/td>\n<td>6.00 &#8211; 8.00<\/td>\n<td>8.5<\/td>\n<\/tr>\n<tr class=\"box-table-tr-bg-1\">\n<td>265\/65R17<\/td>\n<td>112<\/td>\n<td>S<\/td>\n<td>BLK<\/td>\n<td>K<\/td>\n<td>777<\/td>\n<td>268<\/td>\n<td>8.00<\/td>\n<td>7.50 &#8211; 9.50<\/td>\n<td>8.7<\/td>\n<\/tr>\n<tr class=\"box-table-tr-bg-1\">\n<td>225\/70R17<\/td>\n<td>108<\/td>\n<td>S<\/td>\n<td>BLK<\/td>\n<td>K<\/td>\n<td>761<\/td>\n<td>223<\/td>\n<td>6.50<\/td>\n<td>6.00 &#8211; 7.50<\/td>\n<td>9.2<\/td>\n<\/tr>\n<tr class=\"box-table-tr-bg-1\">\n<td>265\/60R18<\/td>\n<td>110<\/td>\n<td>H<\/td>\n<td>BLK<\/td>\n<td>K<\/td>\n<td>778<\/td>\n<td>266<\/td>\n<td>8.00<\/td>\n<td>7.50 &#8211; 9.50<\/td>\n<td>8.7<\/td>\n<\/tr>\n<\/tbody>\n<\/table>\n[\/vc_column][\/vc_row]","protected":false},"excerpt":{"rendered":"<p><p><span style=\"font-size: 10pt;\"> Dunlop SP Sport Maxx TT m\u1edbi l\u00e0 lo\u1ea1i l\u1ed1p cao c\u1ea5p \u0111\u01b0\u1ee3c thi\u1ebft k\u1ebf \u0111\u1eb7c bi\u1ec7t \u0111\u1ec3 \u0111\u01b0a hi\u1ec7u su\u1ea5t l\u00ean m\u1ed9t t\u1ea7m cao m\u1edbi.<\/span><\/p>\n<\/p>","protected":false},"featured_media":1037,"comment_status":"closed","ping_status":"closed","template":"","meta":{"_links_to":"","_links_to_target":""},"_links":{"self":[{"href":"https:\/\/www.dunloptyre.vn\/vi\/wp-json\/wp\/v2\/product\/1036"}],"collection":[{"href":"https:\/\/www.dunloptyre.vn\/vi\/wp-json\/wp\/v2\/product"}],"about":[{"href":"https:\/\/www.dunloptyre.vn\/vi\/wp-json\/wp\/v2\/types\/product"}],"replies":[{"embeddable":true,"href":"https:\/\/www.dunloptyre.vn\/vi\/wp-json\/wp\/v2\/comments?post=1036"}],"wp:featuredmedia":[{"embeddable":true,"href":"https:\/\/www.dunloptyre.vn\/vi\/wp-json\/wp\/v2\/media\/1037"}],"wp:attachment":[{"href":"https:\/\/www.dunloptyre.vn\/vi\/wp-json\/wp\/v2\/media?parent=1036"}],"curies":[{"name":"wp","href":"https:\/\/api.w.org\/{rel}","templated":true}]}}