{"id":1038,"date":"2018-10-16T15:54:39","date_gmt":"2018-10-16T08:54:39","guid":{"rendered":"http:\/\/dunlop.mgift.vn\/?post_type=product&#038;p=1038"},"modified":"2019-05-21T17:31:35","modified_gmt":"2019-05-21T10:31:35","slug":"grandtrekat25","status":"publish","type":"product","link":"https:\/\/www.dunloptyre.vn\/vi\/san-pham\/grandtrekat25\/","title":{"rendered":"GRANDTREK AT25"},"content":{"rendered":"[vc_row css_animation=&#8221;&#8221; row_type=&#8221;row&#8221; use_row_as_full_screen_section=&#8221;no&#8221; type=&#8221;full_width&#8221; angled_section=&#8221;no&#8221; text_align=&#8221;left&#8221; background_image_as_pattern=&#8221;without_pattern&#8221;][vc_column][nextpage title=&#8221;1&#8243;]<div  class=\"lgc-column lgc-grid-parent lgc-grid-30 lgc-tablet-grid-30 lgc-mobile-grid-100 lgc-equal-heights \"><div  class=\"inside-grid-column\">\n<h1><span style=\"font-size: 18pt;\">GRANDTREK AT25<\/span><\/h1>\n<p style=\"text-align: justify; line-height: 24px;\"><span style=\"font-size: 10pt;\">SERIES GRANDTREK TIRES <\/span> <span style=\"font-size: 10pt;\"> Bi\u1ebfn xe t\u1ea3i ho\u1eb7c SUV c\u1ee7a b\u1ea1n th\u00e0nh m\u1ed9t c\u1ed7 m\u00e1y trung b\u00ecnh, g\u1ecdn g\u00e0ng. <\/span> <span style=\"font-size: 10pt;\"> Dunlop L\u1ed1p xe Grandtrek k\u1ebft h\u1ee3p thi\u1ebft k\u1ebf cao v\u1edbi kh\u1ea3 n\u0103ng x\u1eed l\u00fd hi\u1ec7u su\u1ea5t cao cho xe SUV v\u00e0 xe t\u1ea3i. L\u1ed1p xe Grandtrek \u0111\u01b0\u1ee3c thi\u1ebft k\u1ebf v\u1edbi c\u00e1c b\u00ean \u0111\u01b0\u1ee3c gia c\u1ed1 \u0111\u1ec3 t\u0103ng kh\u1ea3 n\u0103ng c\u01a1 \u0111\u1ed9ng <\/span><\/p>\n<p style=\"text-align: justify; line-height: 24px;\"> <span style=\"font-size: 10pt;\"> Dunlop Grandtrek AT25 \u0111\u01b0\u1ee3c thi\u1ebft k\u1ebf cho th\u00f4ng s\u1ed1 k\u1ef9 thu\u1eadt c\u1ee7a thi\u1ebft b\u1ecb g\u1ed1c v\u1edbi m\u1ecdi kh\u1ea3 n\u0103ng \u0111\u1ecba h\u00ecnh <\/span><\/p>\n<\/div><\/div>\n<div  class=\"lgc-column lgc-grid-parent lgc-grid-70 lgc-tablet-grid-70 lgc-mobile-grid-100 lgc-equal-heights \"><div  class=\"inside-grid-column\"><img loading=\"lazy\" decoding=\"async\" class=\"aligncenter wp-image-1039 size-medium\" src=\"https:\/\/www.dunloptyre.vn\/wp-content\/uploads\/2018\/10\/AT25-300x300.png\" alt=\"\" width=\"300\" height=\"300\" srcset=\"https:\/\/www.dunloptyre.vn\/wp-content\/uploads\/2018\/10\/AT25-300x300.png 300w, https:\/\/www.dunloptyre.vn\/wp-content\/uploads\/2018\/10\/AT25-150x150.png 150w, https:\/\/www.dunloptyre.vn\/wp-content\/uploads\/2018\/10\/AT25-250x250.png 250w, https:\/\/www.dunloptyre.vn\/wp-content\/uploads\/2018\/10\/AT25-100x100.png 100w, https:\/\/www.dunloptyre.vn\/wp-content\/uploads\/2018\/10\/AT25.png 350w\" sizes=\"(max-width: 300px) 100vw, 300px\" \/>\n<p><img loading=\"lazy\" decoding=\"async\" class=\"aligncenter size-full wp-image-1120\" src=\"https:\/\/www.dunloptyre.vn\/wp-content\/uploads\/2018\/10\/Grandtrek-AT25.png\" alt=\"\" width=\"1002\" height=\"724\" srcset=\"https:\/\/www.dunloptyre.vn\/wp-content\/uploads\/2018\/10\/Grandtrek-AT25.png 1002w, https:\/\/www.dunloptyre.vn\/wp-content\/uploads\/2018\/10\/Grandtrek-AT25-300x217.png 300w, https:\/\/www.dunloptyre.vn\/wp-content\/uploads\/2018\/10\/Grandtrek-AT25-768x555.png 768w, https:\/\/www.dunloptyre.vn\/wp-content\/uploads\/2018\/10\/Grandtrek-AT25-1000x724.png 1000w, https:\/\/www.dunloptyre.vn\/wp-content\/uploads\/2018\/10\/Grandtrek-AT25-700x506.png 700w, https:\/\/www.dunloptyre.vn\/wp-content\/uploads\/2018\/10\/Grandtrek-AT25-600x434.png 600w\" sizes=\"(max-width: 1002px) 100vw, 1002px\" \/><\/p><\/div><\/div><div class=\"lgc-clear\"><\/div>\n<table class=\"box-table-att\" style=\"height: 568px; line-height: 24px;\">\n<thead>\n<tr style=\"height: 88px;\">\n<th class=\"td-product-att\" style=\"height: 88px; width: 101px;\">Type size<\/th>\n<th class=\"td-product-att\" style=\"height: 88px; width: 63px;\">Load index<\/th>\n<th class=\"td-product-att\" style=\"height: 88px; width: 64px;\">Speed Symbol<\/th>\n<th class=\"td-product-att\" style=\"height: 88px; width: 36px;\">&nbsp;<\/th>\n<th class=\"td-product-att\" style=\"height: 88px; width: 25px;\">TL or TT<\/th>\n<th class=\"td-product-att\" style=\"height: 88px; width: 65px;\">Overall Diam (mm)<\/th>\n<th class=\"td-product-att\" style=\"height: 88px; width: 64px;\">Section Width (mm)<\/th>\n<th class=\"td-product-att\" style=\"height: 88px; width: 91px;\">Measuring (inch)<\/th>\n<th class=\"td-product-att\" style=\"height: 88px; width: 85px;\">Approved (inch)<\/th>\n<th class=\"td-product-att\" style=\"height: 88px; width: 53px;\">Tread Depth (mm)<\/th>\n<\/tr>\n<\/thead>\n<tbody>\n<tr class=\"box-table-tr-bg-1\" style=\"height: 32px;\">\n<td style=\"height: 32px; width: 101px;\">255\/70R16<\/td>\n<td style=\"height: 32px; width: 63px;\">111<\/td>\n<td style=\"height: 32px; width: 64px;\">H<\/td>\n<td style=\"height: 32px; width: 36px;\">BLK<\/td>\n<td style=\"height: 32px; width: 25px;\">K<\/td>\n<td style=\"height: 32px; width: 65px;\">763<\/td>\n<td style=\"height: 32px; width: 64px;\">254<\/td>\n<td style=\"height: 32px; width: 91px;\">7,50<\/td>\n<td style=\"height: 32px; width: 85px;\">6.50-8.50<\/td>\n<td style=\"height: 32px; width: 53px;\">8,7<\/td>\n<\/tr>\n<tr class=\"box-table-tr-bg-1\" style=\"height: 32px;\">\n<td style=\"height: 32px; width: 101px;\">265\/70R16<\/td>\n<td style=\"height: 32px; width: 63px;\">112<\/td>\n<td style=\"height: 32px; width: 64px;\">S<\/td>\n<td style=\"height: 32px; width: 36px;\">BLK<\/td>\n<td style=\"height: 32px; width: 25px;\">K<\/td>\n<td style=\"height: 32px; width: 65px;\">776<\/td>\n<td style=\"height: 32px; width: 64px;\">259<\/td>\n<td style=\"height: 32px; width: 91px;\">8,00<\/td>\n<td style=\"height: 32px; width: 85px;\">7.00-9.00<\/td>\n<td style=\"height: 32px; width: 53px;\">8,7<\/td>\n<\/tr>\n<tr class=\"box-table-tr-bg-1\" style=\"height: 32px;\">\n<td style=\"height: 32px; width: 101px;\">275\/70R16<\/td>\n<td style=\"height: 32px; width: 63px;\">114<\/td>\n<td style=\"height: 32px; width: 64px;\">S<\/td>\n<td style=\"height: 32px; width: 36px;\">BLK<\/td>\n<td style=\"height: 32px; width: 25px;\">K<\/td>\n<td style=\"height: 32px; width: 65px;\">795<\/td>\n<td style=\"height: 32px; width: 64px;\">275<\/td>\n<td style=\"height: 32px; width: 91px;\">8,00<\/td>\n<td style=\"height: 32px; width: 85px;\">7.00-9.00<\/td>\n<td style=\"height: 32px; width: 53px;\">9,2<\/td>\n<\/tr>\n<tr class=\"box-table-tr-bg-1\" style=\"height: 32px;\">\n<td style=\"height: 32px; width: 101px;\">265\/65R17<\/td>\n<td style=\"height: 32px; width: 63px;\">110<\/td>\n<td style=\"height: 32px; width: 64px;\">S<\/td>\n<td style=\"height: 32px; width: 36px;\">BLK<\/td>\n<td style=\"height: 32px; width: 25px;\">K<\/td>\n<td style=\"height: 32px; width: 65px;\">775<\/td>\n<td style=\"height: 32px; width: 64px;\">265<\/td>\n<td style=\"height: 32px; width: 91px;\">8,00<\/td>\n<td style=\"height: 32px; width: 85px;\">7.50-9.50<\/td>\n<td style=\"height: 32px; width: 53px;\">8,7<\/td>\n<\/tr>\n<tr class=\"box-table-tr-bg-1\" style=\"height: 32px;\">\n<td style=\"height: 32px; width: 101px;\">275\/70R16<\/td>\n<td style=\"height: 32px; width: 63px;\">114<\/td>\n<td style=\"height: 32px; width: 64px;\">H<\/td>\n<td style=\"height: 32px; width: 36px;\">BKL<\/td>\n<td style=\"height: 32px; width: 25px;\">K<\/td>\n<td style=\"height: 32px; width: 65px;\">794<\/td>\n<td style=\"height: 32px; width: 64px;\">276<\/td>\n<td style=\"height: 32px; width: 91px;\">8.00<\/td>\n<td style=\"height: 32px; width: 85px;\">7.00 &#8211; 9.00<\/td>\n<td style=\"height: 32px; width: 53px;\">9.2<\/td>\n<\/tr>\n<tr class=\"box-table-tr-bg-1\" style=\"height: 32px;\">\n<td style=\"height: 32px; width: 101px;\">275\/70R16<\/td>\n<td style=\"height: 32px; width: 63px;\">114<\/td>\n<td style=\"height: 32px; width: 64px;\">H<\/td>\n<td style=\"height: 32px; width: 36px;\">BLK<\/td>\n<td style=\"height: 32px; width: 25px;\">K<\/td>\n<td style=\"height: 32px; width: 65px;\">795<\/td>\n<td style=\"height: 32px; width: 64px;\">275<\/td>\n<td style=\"height: 32px; width: 91px;\">8.00<\/td>\n<td style=\"height: 32px; width: 85px;\">7.00 &#8211; 9.00<\/td>\n<td style=\"height: 32px; width: 53px;\">9.2<\/td>\n<\/tr>\n<tr class=\"box-table-tr-bg-1\" style=\"height: 32px;\">\n<td style=\"height: 32px; width: 101px;\">P245\/70R17<\/td>\n<td style=\"height: 32px; width: 63px;\">108<\/td>\n<td style=\"height: 32px; width: 64px;\">S<\/td>\n<td style=\"height: 32px; width: 36px;\">BLK<\/td>\n<td style=\"height: 32px; width: 25px;\">K<\/td>\n<td style=\"height: 32px; width: 65px;\">777<\/td>\n<td style=\"height: 32px; width: 64px;\">249<\/td>\n<td style=\"height: 32px; width: 91px;\">7.00<\/td>\n<td style=\"height: 32px; width: 85px;\">6.50 &#8211; 8.00<\/td>\n<td style=\"height: 32px; width: 53px;\">8.7<\/td>\n<\/tr>\n<tr class=\"box-table-tr-bg-1\" style=\"height: 32px;\">\n<td style=\"height: 32px; width: 101px;\">P265\/70R17<\/td>\n<td style=\"height: 32px; width: 63px;\">113<\/td>\n<td style=\"height: 32px; width: 64px;\">S<\/td>\n<td style=\"height: 32px; width: 36px;\">BLK<\/td>\n<td style=\"height: 32px; width: 25px;\">K<\/td>\n<td style=\"height: 32px; width: 65px;\">801<\/td>\n<td style=\"height: 32px; width: 64px;\">270<\/td>\n<td style=\"height: 32px; width: 91px;\">8.00<\/td>\n<td style=\"height: 32px; width: 85px;\">7.00 &#8211; 9.00<\/td>\n<td style=\"height: 32px; width: 53px;\">8.7<\/td>\n<\/tr>\n<tr class=\"box-table-tr-bg-1\" style=\"height: 32px;\">\n<td style=\"height: 32px; width: 101px;\">275\/65R17<\/td>\n<td style=\"height: 32px; width: 63px;\">115<\/td>\n<td style=\"height: 32px; width: 64px;\">H<\/td>\n<td style=\"height: 32px; width: 36px;\">BLK<\/td>\n<td style=\"height: 32px; width: 25px;\">K<\/td>\n<td style=\"height: 32px; width: 65px;\">793<\/td>\n<td style=\"height: 32px; width: 64px;\">277<\/td>\n<td style=\"height: 32px; width: 91px;\">8.00<\/td>\n<td style=\"height: 32px; width: 85px;\">7.50 &#8211; 9.50<\/td>\n<td style=\"height: 32px; width: 53px;\">9.2<\/td>\n<\/tr>\n<tr class=\"box-table-tr-bg-1\" style=\"height: 32px;\">\n<td style=\"height: 32px; width: 101px;\">245\/70R17<\/td>\n<td style=\"height: 32px; width: 63px;\">110<\/td>\n<td style=\"height: 32px; width: 64px;\">S<\/td>\n<td style=\"height: 32px; width: 36px;\">BLK<\/td>\n<td style=\"height: 32px; width: 25px;\">K<\/td>\n<td style=\"height: 32px; width: 65px;\">778<\/td>\n<td style=\"height: 32px; width: 64px;\">251<\/td>\n<td style=\"height: 32px; width: 91px;\">7.00<\/td>\n<td style=\"height: 32px; width: 85px;\">6.50 &#8211; 8.00<\/td>\n<td style=\"height: 32px; width: 53px;\">9.0<\/td>\n<\/tr>\n<tr class=\"box-table-tr-bg-1\" style=\"height: 32px;\">\n<td style=\"height: 32px; width: 101px;\">LT255\/70R16<\/td>\n<td style=\"height: 32px; width: 63px;\">108\/104<\/td>\n<td style=\"height: 32px; width: 64px;\">S<\/td>\n<td style=\"height: 32px; width: 36px;\">BLK<\/td>\n<td style=\"height: 32px; width: 25px;\">K<\/td>\n<td style=\"height: 32px; width: 65px;\">766<\/td>\n<td style=\"height: 32px; width: 64px;\">255<\/td>\n<td style=\"height: 32px; width: 91px;\">7.50<\/td>\n<td style=\"height: 32px; width: 85px;\">6,50 &#8211; 8.00<\/td>\n<td style=\"height: 32px; width: 53px;\">8.7<\/td>\n<\/tr>\n<tr class=\"box-table-tr-bg-1\" style=\"height: 32px;\">\n<td style=\"height: 32px; width: 101px;\">245\/70R16<\/td>\n<td style=\"height: 32px; width: 63px;\">111<\/td>\n<td style=\"height: 32px; width: 64px;\">S<\/td>\n<td style=\"height: 32px; width: 36px;\">BLK<\/td>\n<td style=\"height: 32px; width: 25px;\">K<\/td>\n<td style=\"height: 32px; width: 65px;\">751<\/td>\n<td style=\"height: 32px; width: 64px;\">248<\/td>\n<td style=\"height: 32px; width: 91px;\">7.00<\/td>\n<td style=\"height: 32px; width: 85px;\">6.00 &#8211; 8.00<\/td>\n<td style=\"height: 32px; width: 53px;\">8.5<\/td>\n<\/tr>\n<tr class=\"box-table-tr-bg-1\" style=\"height: 32px;\">\n<td style=\"height: 32px; width: 101px;\">265\/65R17<\/td>\n<td style=\"height: 32px; width: 63px;\">112<\/td>\n<td style=\"height: 32px; width: 64px;\">S<\/td>\n<td style=\"height: 32px; width: 36px;\">BLK<\/td>\n<td style=\"height: 32px; width: 25px;\">K<\/td>\n<td style=\"height: 32px; width: 65px;\">777<\/td>\n<td style=\"height: 32px; width: 64px;\">268<\/td>\n<td style=\"height: 32px; width: 91px;\">8.00<\/td>\n<td style=\"height: 32px; width: 85px;\">7.50 &#8211; 9.50<\/td>\n<td style=\"height: 32px; width: 53px;\">8.7<\/td>\n<\/tr>\n<tr class=\"box-table-tr-bg-1\" style=\"height: 32px;\">\n<td style=\"height: 32px; width: 101px;\">225\/70R17<\/td>\n<td style=\"height: 32px; width: 63px;\">108<\/td>\n<td style=\"height: 32px; width: 64px;\">S<\/td>\n<td style=\"height: 32px; width: 36px;\">BLK<\/td>\n<td style=\"height: 32px; width: 25px;\">K<\/td>\n<td style=\"height: 32px; width: 65px;\">761<\/td>\n<td style=\"height: 32px; width: 64px;\">223<\/td>\n<td style=\"height: 32px; width: 91px;\">6.50<\/td>\n<td style=\"height: 32px; width: 85px;\">6.00 &#8211; 7.50<\/td>\n<td style=\"height: 32px; width: 53px;\">9.2<\/td>\n<\/tr>\n<tr class=\"box-table-tr-bg-1\" style=\"height: 32px;\">\n<td style=\"height: 32px; width: 101px;\">265\/60R18<\/td>\n<td style=\"height: 32px; width: 63px;\">110<\/td>\n<td style=\"height: 32px; width: 64px;\">H<\/td>\n<td style=\"height: 32px; width: 36px;\">BLK<\/td>\n<td style=\"height: 32px; width: 25px;\">K<\/td>\n<td style=\"height: 32px; width: 65px;\">778<\/td>\n<td style=\"height: 32px; width: 64px;\">266<\/td>\n<td style=\"height: 32px; width: 91px;\">8.00<\/td>\n<td style=\"height: 32px; width: 85px;\">7.50 &#8211; 9.50<\/td>\n<td style=\"height: 32px; width: 53px;\">8.7<\/td>\n<\/tr>\n<\/tbody>\n<\/table>","protected":false},"excerpt":{"rendered":"<p><p>Dunlop Grandtrek AT25 k\u1ebft h\u1ee3p thi\u1ebft k\u1ebf cao v\u1edbi kh\u1ea3 n\u0103ng x\u1eed l\u00fd hi\u1ec7u su\u1ea5t cao cho xe SUV v\u00e0 xe t\u1ea3i. L\u1ed1p xe Grandtrek \u0111\u01b0\u1ee3c thi\u1ebft k\u1ebf v\u1edbi c\u00e1c b\u00ean \u0111\u01b0\u1ee3c gia c\u1ed1 \u0111\u1ec3 t\u0103ng kh\u1ea3 n\u0103ng c\u01a1 \u0111\u1ed9ng ph\u00f9 h\u1ee3p v\u1edbi nhi\u1ec1u \u0111\u1ecba h\u00ecnh ph\u1ee9c t\u1ea1p.<\/p>\n<\/p>","protected":false},"featured_media":1039,"comment_status":"closed","ping_status":"closed","template":"","meta":{"_links_to":"","_links_to_target":""},"_links":{"self":[{"href":"https:\/\/www.dunloptyre.vn\/vi\/wp-json\/wp\/v2\/product\/1038"}],"collection":[{"href":"https:\/\/www.dunloptyre.vn\/vi\/wp-json\/wp\/v2\/product"}],"about":[{"href":"https:\/\/www.dunloptyre.vn\/vi\/wp-json\/wp\/v2\/types\/product"}],"replies":[{"embeddable":true,"href":"https:\/\/www.dunloptyre.vn\/vi\/wp-json\/wp\/v2\/comments?post=1038"}],"wp:featuredmedia":[{"embeddable":true,"href":"https:\/\/www.dunloptyre.vn\/vi\/wp-json\/wp\/v2\/media\/1039"}],"wp:attachment":[{"href":"https:\/\/www.dunloptyre.vn\/vi\/wp-json\/wp\/v2\/media?parent=1038"}],"curies":[{"name":"wp","href":"https:\/\/api.w.org\/{rel}","templated":true}]}}