{"id":156,"date":"2018-05-14T17:33:57","date_gmt":"2018-05-14T10:33:57","guid":{"rendered":"http:\/\/dunlop.mgift.vn\/?post_type=product&#038;p=156"},"modified":"2019-05-10T18:57:27","modified_gmt":"2019-05-10T11:57:27","slug":"at20","status":"publish","type":"product","link":"https:\/\/www.dunloptyre.vn\/vi\/san-pham\/at20\/","title":{"rendered":"GRANDTREK AT20"},"content":{"rendered":"[vc_row css_animation=&#8221;&#8221; row_type=&#8221;row&#8221; use_row_as_full_screen_section=&#8221;no&#8221; type=&#8221;full_width&#8221; angled_section=&#8221;no&#8221; text_align=&#8221;left&#8221; background_image_as_pattern=&#8221;without_pattern&#8221;][vc_column]<div  class=\"lgc-column lgc-grid-parent lgc-grid-30 lgc-tablet-grid-30 lgc-mobile-grid-100 lgc-equal-heights \"><div  class=\"inside-grid-column\">\n<h1><span style=\"font-size: 18pt;\">GRANDTREK AT20<\/span><\/h1>\n<p style=\"line-height:24px\">M\u1ed9t l\u1ed1p xe gi\u1ea3i tr\u00ed hi\u1ec7u su\u1ea5t cao cung c\u1ea5p s\u1ef1 tho\u1ea3i m\u00e1i tuy\u1ec7t v\u1eddi cho t\u1ea5t c\u1ea3 c\u00e1c v\u00f2ng. \u0110\u01b0\u1ee3c trang b\u1ecb OE t\u1ea1i Nh\u1eadt B\u1ea3n cho c\u00e1c xe SUV hi\u1ec7u su\u1ea5t cao<br \/>\n<\/p><\/div><\/div><div  class=\"lgc-column lgc-grid-parent lgc-grid-70 lgc-tablet-grid-70 lgc-mobile-grid-100 lgc-equal-heights \"><div  class=\"inside-grid-column\"><img loading=\"lazy\" decoding=\"async\" class=\"size-medium wp-image-204 aligncenter\" src=\"https:\/\/www.dunloptyre.vn\/wp-content\/uploads\/2018\/05\/Group-5-205x300.png\" alt=\"\" width=\"205\" height=\"300\" srcset=\"https:\/\/www.dunloptyre.vn\/wp-content\/uploads\/2018\/05\/Group-5-205x300.png 205w, https:\/\/www.dunloptyre.vn\/wp-content\/uploads\/2018\/05\/Group-5.png 393w\" sizes=\"(max-width: 205px) 100vw, 205px\" \/>\n<p><img loading=\"lazy\" decoding=\"async\" class=\"aligncenter size-full wp-image-1124\" src=\"https:\/\/www.dunloptyre.vn\/wp-content\/uploads\/2018\/05\/GRANTREK-AT20.png\" alt=\"\" width=\"1014\" height=\"748\" srcset=\"https:\/\/www.dunloptyre.vn\/wp-content\/uploads\/2018\/05\/GRANTREK-AT20.png 1014w, https:\/\/www.dunloptyre.vn\/wp-content\/uploads\/2018\/05\/GRANTREK-AT20-300x221.png 300w, https:\/\/www.dunloptyre.vn\/wp-content\/uploads\/2018\/05\/GRANTREK-AT20-768x567.png 768w, https:\/\/www.dunloptyre.vn\/wp-content\/uploads\/2018\/05\/GRANTREK-AT20-700x516.png 700w, https:\/\/www.dunloptyre.vn\/wp-content\/uploads\/2018\/05\/GRANTREK-AT20-600x443.png 600w\" sizes=\"(max-width: 1014px) 100vw, 1014px\" \/><\/p><\/div><\/div><div class=\"lgc-clear\"><\/div>\n<table class=\"box-table-att\" style=\"line-height:24px\">\n<thead>\n<tr>\n<th class=\"td-product-att\">Type size<\/th>\n<th class=\"td-product-att\">Load index<\/th>\n<th class=\"td-product-att\">Speed Symbol<\/th>\n<th class=\"td-product-att\">&nbsp;<\/th>\n<th class=\"td-product-att\">TL or TT<\/th>\n<th class=\"td-product-att\">Overall Diam (mm)<\/th>\n<th class=\"td-product-att\">Section Width (mm)<\/th>\n<th class=\"td-product-att\">Measuring (inch)<\/th>\n<th class=\"td-product-att\">Approved (inch)<\/th>\n<th class=\"td-product-att\">Tread Depth (mm)<\/th>\n<\/tr>\n<\/thead>\n<tbody>\n<tr class=\"box-table-tr-bg-1\">\n<td>255\/70R16<\/td>\n<td>111<\/td>\n<td>H<\/td>\n<td>BLK<\/td>\n<td>K<\/td>\n<td>763<\/td>\n<td>254<\/td>\n<td>7,50<\/td>\n<td>6.50-8.50<\/td>\n<td>8,7<\/td>\n<\/tr>\n<tr class=\"box-table-tr-bg-1\">\n<td>265\/70R16<\/td>\n<td>112<\/td>\n<td>S<\/td>\n<td>BLK<\/td>\n<td>K<\/td>\n<td>776<\/td>\n<td>259<\/td>\n<td>8,00<\/td>\n<td>7.00-9.00<\/td>\n<td>8,7<\/td>\n<\/tr>\n<tr class=\"box-table-tr-bg-1\">\n<td>275\/70R16<\/td>\n<td>114<\/td>\n<td>S<\/td>\n<td>BLK<\/td>\n<td>K<\/td>\n<td>795<\/td>\n<td>275<\/td>\n<td>8,00<\/td>\n<td>7.00-9.00<\/td>\n<td>9,2<\/td>\n<\/tr>\n<tr class=\"box-table-tr-bg-1\">\n<td>265\/65R17<\/td>\n<td>110<\/td>\n<td>S<\/td>\n<td>BLK<\/td>\n<td>K<\/td>\n<td>775<\/td>\n<td>265<\/td>\n<td>8,00<\/td>\n<td>7.50-9.50<\/td>\n<td>8,7<\/td>\n<\/tr>\n<tr class=\"box-table-tr-bg-1\">\n<td>275\/70R16<\/td>\n<td>114<\/td>\n<td>H<\/td>\n<td>BKL<\/td>\n<td>K<\/td>\n<td>794<\/td>\n<td>276<\/td>\n<td>8.00<\/td>\n<td>7.00 &#8211; 9.00<\/td>\n<td>9.2<\/td>\n<\/tr>\n<tr class=\"box-table-tr-bg-1\">\n<td>275\/70R16<\/td>\n<td>114<\/td>\n<td>H<\/td>\n<td>BLK<\/td>\n<td>K<\/td>\n<td>795<\/td>\n<td>275<\/td>\n<td>8.00<\/td>\n<td>7.00 &#8211; 9.00<\/td>\n<td>9.2<\/td>\n<\/tr>\n<tr class=\"box-table-tr-bg-1\">\n<td>P245\/70R17<\/td>\n<td>108<\/td>\n<td>S<\/td>\n<td>BLK<\/td>\n<td>K<\/td>\n<td>777<\/td>\n<td>249<\/td>\n<td>7.00<\/td>\n<td>6.50 &#8211; 8.00<\/td>\n<td>8.7<\/td>\n<\/tr>\n<tr class=\"box-table-tr-bg-1\">\n<td>P265\/70R17<\/td>\n<td>113<\/td>\n<td>S<\/td>\n<td>BLK<\/td>\n<td>K<\/td>\n<td>801<\/td>\n<td>270<\/td>\n<td>8.00<\/td>\n<td>7.00 &#8211; 9.00<\/td>\n<td>8.7<\/td>\n<\/tr>\n<tr class=\"box-table-tr-bg-1\">\n<td>275\/65R17<\/td>\n<td>115<\/td>\n<td>H<\/td>\n<td>BLK<\/td>\n<td>K<\/td>\n<td>793<\/td>\n<td>277<\/td>\n<td>8.00<\/td>\n<td>7.50 &#8211; 9.50<\/td>\n<td>9.2<\/td>\n<\/tr>\n<tr class=\"box-table-tr-bg-1\">\n<td>245\/70R17<\/td>\n<td>110<\/td>\n<td>S<\/td>\n<td>BLK<\/td>\n<td>K<\/td>\n<td>778<\/td>\n<td>251<\/td>\n<td>7.00<\/td>\n<td>6.50 &#8211; 8.00<\/td>\n<td>9.0<\/td>\n<\/tr>\n<tr class=\"box-table-tr-bg-1\">\n<td>LT255\/70R16<\/td>\n<td>108\/104<\/td>\n<td>S<\/td>\n<td>BLK<\/td>\n<td>K<\/td>\n<td>766<\/td>\n<td>255<\/td>\n<td>7.50<\/td>\n<td>6,50 &#8211; 8.00<\/td>\n<td>8.7<\/td>\n<\/tr>\n<tr class=\"box-table-tr-bg-1\">\n<td>245\/70R16<\/td>\n<td>111<\/td>\n<td>S<\/td>\n<td>BLK<\/td>\n<td>K<\/td>\n<td>751<\/td>\n<td>248<\/td>\n<td>7.00<\/td>\n<td>6.00 &#8211; 8.00<\/td>\n<td>8.5<\/td>\n<\/tr>\n<tr class=\"box-table-tr-bg-1\">\n<td>265\/65R17<\/td>\n<td>112<\/td>\n<td>S<\/td>\n<td>BLK<\/td>\n<td>K<\/td>\n<td>777<\/td>\n<td>268<\/td>\n<td>8.00<\/td>\n<td>7.50 &#8211; 9.50<\/td>\n<td>8.7<\/td>\n<\/tr>\n<tr class=\"box-table-tr-bg-1\">\n<td>225\/70R17<\/td>\n<td>108<\/td>\n<td>S<\/td>\n<td>BLK<\/td>\n<td>K<\/td>\n<td>761<\/td>\n<td>223<\/td>\n<td>6.50<\/td>\n<td>6.00 &#8211; 7.50<\/td>\n<td>9.2<\/td>\n<\/tr>\n<tr class=\"box-table-tr-bg-1\">\n<td>265\/60R18<\/td>\n<td>110<\/td>\n<td>H<\/td>\n<td>BLK<\/td>\n<td>K<\/td>\n<td>778<\/td>\n<td>266<\/td>\n<td>8.00<\/td>\n<td>7.50 &#8211; 9.50<\/td>\n<td>8.7<\/td>\n<\/tr>\n<\/tbody>\n<\/table>\n[\/vc_column][\/vc_row]","protected":false},"excerpt":{"rendered":"<p><p>\u0110\u01b0\u1ee3c ph\u00e1t tri\u1ec3n cho xe SUV sang tr\u1ecdng v\u00e0 th\u1ec3 hi\u1ec7n chuy\u1ebfn \u0111i su\u00f4n s\u1ebb tr\u00ean \u0111\u01b0\u1eddng cao t\u1ed1c v\u00e0 cung c\u1ea5p cho m\u1ed9t s\u1ed1 m\u1edf r\u1ed9ng qu\u1ea3ng c\u00e1o s\u1eed d\u1ee5ng \u0111\u01b0\u1eddng b\u1ed9 t\u1ed1t.<\/p>\n<\/p>","protected":false},"featured_media":758,"comment_status":"closed","ping_status":"closed","template":"","meta":{"_links_to":"","_links_to_target":""},"_links":{"self":[{"href":"https:\/\/www.dunloptyre.vn\/vi\/wp-json\/wp\/v2\/product\/156"}],"collection":[{"href":"https:\/\/www.dunloptyre.vn\/vi\/wp-json\/wp\/v2\/product"}],"about":[{"href":"https:\/\/www.dunloptyre.vn\/vi\/wp-json\/wp\/v2\/types\/product"}],"replies":[{"embeddable":true,"href":"https:\/\/www.dunloptyre.vn\/vi\/wp-json\/wp\/v2\/comments?post=156"}],"wp:featuredmedia":[{"embeddable":true,"href":"https:\/\/www.dunloptyre.vn\/vi\/wp-json\/wp\/v2\/media\/758"}],"wp:attachment":[{"href":"https:\/\/www.dunloptyre.vn\/vi\/wp-json\/wp\/v2\/media?parent=156"}],"curies":[{"name":"wp","href":"https:\/\/api.w.org\/{rel}","templated":true}]}}