{"id":166,"date":"2018-05-15T14:07:15","date_gmt":"2018-05-15T07:07:15","guid":{"rendered":"http:\/\/dunlop.mgift.vn\/?post_type=product&#038;p=166"},"modified":"2019-05-13T10:37:45","modified_gmt":"2019-05-13T03:37:45","slug":"max050","status":"publish","type":"product","link":"https:\/\/www.dunloptyre.vn\/vi\/san-pham\/max050\/","title":{"rendered":"SP SPORT MAXX 050"},"content":{"rendered":"[vc_row css_animation=&#8221;&#8221; row_type=&#8221;row&#8221; use_row_as_full_screen_section=&#8221;no&#8221; type=&#8221;full_width&#8221; angled_section=&#8221;no&#8221; text_align=&#8221;left&#8221; background_image_as_pattern=&#8221;without_pattern&#8221;][vc_column]<div  class=\"lgc-column lgc-grid-parent lgc-grid-30 lgc-tablet-grid-30 lgc-mobile-grid-100 lgc-equal-heights \"><div  class=\"inside-grid-column\">\n<h1><span style=\"font-size: 18pt;\">SP SPORT MAXX 050<\/span><\/h1>\n<div style=\"line-height:24pt;\" class=\"product-description\" style=\"text-align: left;\">The SP Sport Maxx 050 is a tyre designed for, and comes as, original equipment on some sporty coupes, sports cars and luxury performance sedans. It offers a smooth, quiet ride. The SP Sport Maxx 050 handles amazingly well on wet and dry roads.<\/div>\n<\/div><\/div><div  class=\"lgc-column lgc-grid-parent lgc-grid-70 lgc-tablet-grid-70 lgc-mobile-grid-100 lgc-equal-heights \"><div  class=\"inside-grid-column\"><img loading=\"lazy\" decoding=\"async\" class=\"aligncenter wp-image-704 \" src=\"https:\/\/www.dunloptyre.vn\/wp-content\/uploads\/2018\/05\/Max050.png\" alt=\"\" width=\"397\" height=\"397\" srcset=\"https:\/\/www.dunloptyre.vn\/wp-content\/uploads\/2018\/05\/Max050.png 300w, https:\/\/www.dunloptyre.vn\/wp-content\/uploads\/2018\/05\/Max050-150x150.png 150w, https:\/\/www.dunloptyre.vn\/wp-content\/uploads\/2018\/05\/Max050-250x250.png 250w, https:\/\/www.dunloptyre.vn\/wp-content\/uploads\/2018\/05\/Max050-100x100.png 100w\" sizes=\"(max-width: 397px) 100vw, 397px\" \/><img loading=\"lazy\" decoding=\"async\" class=\"aligncenter wp-image-1113\" src=\"https:\/\/www.dunloptyre.vn\/wp-content\/uploads\/2018\/05\/SP-SPORT-MAXX-050.png\" alt=\"\" width=\"539\" height=\"389\" srcset=\"https:\/\/www.dunloptyre.vn\/wp-content\/uploads\/2018\/05\/SP-SPORT-MAXX-050.png 1016w, https:\/\/www.dunloptyre.vn\/wp-content\/uploads\/2018\/05\/SP-SPORT-MAXX-050-300x217.png 300w, https:\/\/www.dunloptyre.vn\/wp-content\/uploads\/2018\/05\/SP-SPORT-MAXX-050-768x555.png 768w, https:\/\/www.dunloptyre.vn\/wp-content\/uploads\/2018\/05\/SP-SPORT-MAXX-050-700x506.png 700w, https:\/\/www.dunloptyre.vn\/wp-content\/uploads\/2018\/05\/SP-SPORT-MAXX-050-600x433.png 600w\" sizes=\"(max-width: 539px) 100vw, 539px\" \/>\n<\/div><\/div><div class=\"lgc-clear\"><\/div>\n<table class=\"box-table-att\" style=\"line-height:24pt;\">\n<thead>\n<tr>\n<th class=\"td-product-att\">Type size<\/th>\n<th class=\"td-product-att\">Load index<\/th>\n<th class=\"td-product-att\">Speed Symbol<\/th>\n<th class=\"td-product-att\"><\/th>\n<th class=\"td-product-att\">TL or TT<\/th>\n<th class=\"td-product-att\">Overall Diam (mm)<\/th>\n<th class=\"td-product-att\">Section Width (mm)<\/th>\n<th class=\"td-product-att\">Measuring (inch)<\/th>\n<th class=\"td-product-att\">Approved (inch)<\/th>\n<th class=\"td-product-att\">Tread Depth (mm)<\/th>\n<\/tr>\n<\/thead>\n<tbody>\n<tr class=\"box-table-tr-bg-1\">\n<td>225\/50R17<\/td>\n<td>94<\/td>\n<td>W<\/td>\n<td>BLK<\/td>\n<td>K<\/td>\n<td>658<\/td>\n<td>233<\/td>\n<td>7.5<\/td>\n<td>6.00 &#8211; 8.00<\/td>\n<td>8.1<\/td>\n<\/tr>\n<tr class=\"box-table-tr-bg-1\">\n<td>235\/45R18<\/td>\n<td>94<\/td>\n<td>Y<\/td>\n<td>BLK<\/td>\n<td>K<\/td>\n<td>668<\/td>\n<td>245<\/td>\n<td>8.00<\/td>\n<td>7.50 &#8211; 9.00<\/td>\n<td>7.8<\/td>\n<\/tr>\n<tr class=\"box-table-tr-bg-1\">\n<td>235\/40R19<\/td>\n<td>96<\/td>\n<td>Y<\/td>\n<td>BLK<\/td>\n<td>K<\/td>\n<td>668<\/td>\n<td>244<\/td>\n<td>8.00<\/td>\n<td>8.00 &#8211; 9.50<\/td>\n<td>7.8<\/td>\n<\/tr>\n<tr class=\"box-table-tr-bg-1\">\n<td>245\/45R19<\/td>\n<td>98<\/td>\n<td>Y<\/td>\n<td>BLK<\/td>\n<td>K<\/td>\n<td>706<\/td>\n<td>249<\/td>\n<td>8.00<\/td>\n<td>7.50 &#8211; 9.00<\/td>\n<td>7.9<\/td>\n<\/tr>\n<tr class=\"box-table-tr-bg-1\">\n<td>245\/45R19<\/td>\n<td>102<\/td>\n<td>Y<\/td>\n<td>BLK<\/td>\n<td>K<\/td>\n<td>706<\/td>\n<td>249<\/td>\n<td>8.00<\/td>\n<td>7.50 &#8211; 9.00<\/td>\n<td>7.9<\/td>\n<\/tr>\n<tr class=\"box-table-tr-bg-1\">\n<td>265\/35R19<\/td>\n<td>94<\/td>\n<td>Y<\/td>\n<td>BLK<\/td>\n<td>K<\/td>\n<td>671<\/td>\n<td>275<\/td>\n<td>9.00<\/td>\n<td>9.00 &#8211; 10.50<\/td>\n<td>7.5<\/td>\n<\/tr>\n<tr class=\"box-table-tr-bg-1\">\n<td>225\/60R18<\/td>\n<td>100<\/td>\n<td>H<\/td>\n<td>BLK<\/td>\n<td>K<\/td>\n<td>732<\/td>\n<td>229<\/td>\n<td>7.0<\/td>\n<td>6.0 &#8211; 8.0<\/td>\n<td>8.0<\/td>\n<\/tr>\n<\/tbody>\n<\/table>\n[\/vc_column][\/vc_row]","protected":false},"excerpt":{"rendered":"<p><div>SP Sport Maxx 050 l\u00e0 m\u1ed9t l\u1ed1p \u0111\u01b0\u1ee3c thi\u1ebft k\u1ebf cho, v\u00e0 \u0111i k\u00e8m nh\u01b0, thi\u1ebft b\u1ecb g\u1ed1c tr\u00ean m\u1ed9t s\u1ed1 xe Coupe th\u1ec3 thao, xe th\u1ec3 thao v\u00e0 xe sedan hi\u1ec7u su\u1ea5t cao c\u1ea5p.<\/div>\n<\/p>","protected":false},"featured_media":704,"comment_status":"open","ping_status":"closed","template":"","meta":{"_links_to":"","_links_to_target":""},"_links":{"self":[{"href":"https:\/\/www.dunloptyre.vn\/vi\/wp-json\/wp\/v2\/product\/166"}],"collection":[{"href":"https:\/\/www.dunloptyre.vn\/vi\/wp-json\/wp\/v2\/product"}],"about":[{"href":"https:\/\/www.dunloptyre.vn\/vi\/wp-json\/wp\/v2\/types\/product"}],"replies":[{"embeddable":true,"href":"https:\/\/www.dunloptyre.vn\/vi\/wp-json\/wp\/v2\/comments?post=166"}],"wp:featuredmedia":[{"embeddable":true,"href":"https:\/\/www.dunloptyre.vn\/vi\/wp-json\/wp\/v2\/media\/704"}],"wp:attachment":[{"href":"https:\/\/www.dunloptyre.vn\/vi\/wp-json\/wp\/v2\/media?parent=166"}],"curies":[{"name":"wp","href":"https:\/\/api.w.org\/{rel}","templated":true}]}}