{"id":168,"date":"2018-05-15T14:26:37","date_gmt":"2018-05-15T07:26:37","guid":{"rendered":"http:\/\/dunlop.mgift.vn\/?post_type=product&#038;p=168"},"modified":"2019-05-15T15:53:01","modified_gmt":"2019-05-15T08:53:01","slug":"pt2a","status":"publish","type":"product","link":"https:\/\/www.dunloptyre.vn\/vi\/san-pham\/pt2a\/","title":{"rendered":"GRANDTREK PT2A"},"content":{"rendered":"[vc_row css_animation=&#8221;&#8221; row_type=&#8221;row&#8221; use_row_as_full_screen_section=&#8221;no&#8221; type=&#8221;full_width&#8221; angled_section=&#8221;no&#8221; text_align=&#8221;left&#8221; background_image_as_pattern=&#8221;without_pattern&#8221;][vc_column]<div  class=\"lgc-column lgc-grid-parent lgc-grid-30 lgc-tablet-grid-30 lgc-mobile-grid-100 lgc-equal-heights \"><div  class=\"inside-grid-column\">\n<h1><span style=\"font-size: 18pt; \">GRANDTREK PT2A<\/span><\/h1>\n<p style=\"text-align: justify; line-height:24pt;\">Developed for exclusive on-road performance, the Grandtrek PT 2A is a 4&#215;4 radial tyre which adopts &#8220;Digital Rolling Simulation&#8221; technology. The tyre is designed for comfort and high speed stability.<\/p>\n<\/div><\/div><div  class=\"lgc-column lgc-grid-parent lgc-grid-70 lgc-tablet-grid-70 lgc-mobile-grid-100 lgc-equal-heights \"><div  class=\"inside-grid-column\"><img loading=\"lazy\" decoding=\"async\" class=\"aligncenter wp-image-710 size-full\" src=\"https:\/\/www.dunloptyre.vn\/wp-content\/uploads\/2018\/05\/PT2A-1.png\" alt=\"\" width=\"300\" height=\"300\" srcset=\"https:\/\/www.dunloptyre.vn\/wp-content\/uploads\/2018\/05\/PT2A-1.png 300w, https:\/\/www.dunloptyre.vn\/wp-content\/uploads\/2018\/05\/PT2A-1-150x150.png 150w, https:\/\/www.dunloptyre.vn\/wp-content\/uploads\/2018\/05\/PT2A-1-250x250.png 250w, https:\/\/www.dunloptyre.vn\/wp-content\/uploads\/2018\/05\/PT2A-1-100x100.png 100w\" sizes=\"(max-width: 300px) 100vw, 300px\" \/>\n<p><img loading=\"lazy\" decoding=\"async\" class=\"aligncenter size-full wp-image-1128\" src=\"https:\/\/www.dunloptyre.vn\/wp-content\/uploads\/2018\/05\/GRANDTREK-PT2A-.png\" alt=\"\" width=\"998\" height=\"722\" srcset=\"https:\/\/www.dunloptyre.vn\/wp-content\/uploads\/2018\/05\/GRANDTREK-PT2A-.png 998w, https:\/\/www.dunloptyre.vn\/wp-content\/uploads\/2018\/05\/GRANDTREK-PT2A--300x217.png 300w, https:\/\/www.dunloptyre.vn\/wp-content\/uploads\/2018\/05\/GRANDTREK-PT2A--768x556.png 768w, https:\/\/www.dunloptyre.vn\/wp-content\/uploads\/2018\/05\/GRANDTREK-PT2A--700x506.png 700w, https:\/\/www.dunloptyre.vn\/wp-content\/uploads\/2018\/05\/GRANDTREK-PT2A--600x434.png 600w\" sizes=\"(max-width: 998px) 100vw, 998px\" \/><\/p><\/div><\/div><div class=\"lgc-clear\"><\/div>\n<table class=\"box-table-att\" style=\"line-height:24pt;\">\n<thead>\n<tr>\n<th class=\"td-product-att\">Type size<\/th>\n<th class=\"td-product-att\">Load index<\/th>\n<th class=\"td-product-att\">Speed Symbol<\/th>\n<th class=\"td-product-att\">&nbsp;<\/th>\n<th class=\"td-product-att\">TL or TT<\/th>\n<th class=\"td-product-att\">Overall Diam (mm)<\/th>\n<th class=\"td-product-att\">Section Width (mm)<\/th>\n<th class=\"td-product-att\">Measuring (inch)<\/th>\n<th class=\"td-product-att\">Approved (inch)<\/th>\n<th class=\"td-product-att\">Tread Depth (mm)<\/th>\n<\/tr>\n<\/thead>\n<tbody>\n<tr class=\"box-table-tr-bg-1\">\n<td>215\/65R16<\/td>\n<td>98<\/td>\n<td>S<\/td>\n<td>BLK<\/td>\n<td>K<\/td>\n<td>689<\/td>\n<td>219<\/td>\n<td>6.5<\/td>\n<td>6.0 &#8211; 7.5<\/td>\n<td>7.9<\/td>\n<\/tr>\n<tr class=\"box-table-tr-bg-1\">\n<td>235\/60R16<\/td>\n<td>100<\/td>\n<td>H<\/td>\n<td>BLK<\/td>\n<td>K<\/td>\n<td>688<\/td>\n<td>140<\/td>\n<td>7.0<\/td>\n<td>6.5 &#8211; 8.5<\/td>\n<td>7.9<\/td>\n<\/tr>\n<tr class=\"box-table-tr-bg-1\">\n<td>235\/60R18<\/td>\n<td>103<\/td>\n<td>H<\/td>\n<td>BLK<\/td>\n<td>K<\/td>\n<td>740<\/td>\n<td>238<\/td>\n<td>7.0<\/td>\n<td>6.5 &#8211; 8.5<\/td>\n<td>7.9<\/td>\n<\/tr>\n<tr class=\"box-table-tr-bg-1\">\n<td>285\/50R20<\/td>\n<td>112<\/td>\n<td>V<\/td>\n<td>BLK<\/td>\n<td>K<\/td>\n<td>797<\/td>\n<td>294<\/td>\n<td>9.00<\/td>\n<td>8.00 &#8211; 10.00<\/td>\n<td>8.2<\/td>\n<\/tr>\n<tr class=\"box-table-tr-bg-1\">\n<td>P225\/60R15<\/td>\n<td>102<\/td>\n<td>S<\/td>\n<td>CH\u1eee N\u1ed4I<\/td>\n<td>K<\/td>\n<td>688<\/td>\n<td>260<\/td>\n<td>7.50<\/td>\n<td>7.00 &#8211; 9.00<\/td>\n<td>8.1<\/td>\n<\/tr>\n<tr class=\"box-table-tr-bg-1\">\n<td>205\/70R15<\/td>\n<td>95<\/td>\n<td>S<\/td>\n<td>BLK<\/td>\n<td>K<\/td>\n<td>669<\/td>\n<td>212<\/td>\n<td>6.00<\/td>\n<td>5.00 &#8211; 7.00<\/td>\n<td>8.1<\/td>\n<\/tr>\n<tr class=\"box-table-tr-bg-1\">\n<td>265\/70R15<\/td>\n<td>110<\/td>\n<td>H<\/td>\n<td>BLK<\/td>\n<td>K<\/td>\n<td>754<\/td>\n<td>270<\/td>\n<td>8.00<\/td>\n<td>7.00 &#8211; 9.00<\/td>\n<td>8.6<\/td>\n<\/tr>\n<tr class=\"box-table-tr-bg-1\">\n<td>215\/75R15<\/td>\n<td>100<\/td>\n<td>S<\/td>\n<td>BLK<\/td>\n<td>K<\/td>\n<td>704<\/td>\n<td>219<\/td>\n<td>6.00<\/td>\n<td>5.50 &#8211; 7.00<\/td>\n<td>8.2<\/td>\n<\/tr>\n<tr class=\"box-table-tr-bg-1\">\n<td>235\/75R15<\/td>\n<td>105<\/td>\n<td>S<\/td>\n<td>BLK<\/td>\n<td>K<\/td>\n<td>734<\/td>\n<td>238<\/td>\n<td>6.50<\/td>\n<td>6.00 &#8211; 8.00<\/td>\n<td>8.4<\/td>\n<\/tr>\n<tr class=\"box-table-tr-bg-1\">\n<td>216\/60R16<\/td>\n<td>95<\/td>\n<td>H<\/td>\n<td>BLK<\/td>\n<td>K<\/td>\n<td>664<\/td>\n<td>220<\/td>\n<td>6.50<\/td>\n<td>6.00 &#8211; 7.50<\/td>\n<td>7.9<\/td>\n<\/tr>\n<tr class=\"box-table-tr-bg-1\">\n<td>215\/75R16<\/td>\n<td>99<\/td>\n<td>S<\/td>\n<td>BLK<\/td>\n<td>K<\/td>\n<td>708<\/td>\n<td>223<\/td>\n<td>6.50<\/td>\n<td>5.50 &#8211; 7.00<\/td>\n<td>8.2<\/td>\n<\/tr>\n<tr class=\"box-table-tr-bg-1\">\n<td>245\/70R16<\/td>\n<td>107<\/td>\n<td>S<\/td>\n<td>BLK<\/td>\n<td>K<\/td>\n<td>750<\/td>\n<td>246<\/td>\n<td>7.00<\/td>\n<td>6.50 &#8211; 8.00<\/td>\n<td>8.4<\/td>\n<\/tr>\n<tr class=\"box-table-tr-bg-1\">\n<td>245\/70R16<\/td>\n<td>111<\/td>\n<td>S<\/td>\n<td>BLK<\/td>\n<td>K<\/td>\n<td>749<\/td>\n<td>243<\/td>\n<td>7.00<\/td>\n<td>6.50 &#8211; 8.00<\/td>\n<td>8.4<\/td>\n<\/tr>\n<tr class=\"box-table-tr-bg-1\">\n<td>265\/70R16<\/td>\n<td>112<\/td>\n<td>H<\/td>\n<td>BLK<\/td>\n<td>K<\/td>\n<td>778<\/td>\n<td>280<\/td>\n<td>8.00<\/td>\n<td>7.00 &#8211; 9.00<\/td>\n<td>8.6<\/td>\n<\/tr>\n<tr class=\"box-table-tr-bg-1\">\n<td>275\/70R16<\/td>\n<td>114<\/td>\n<td>H<\/td>\n<td>BLK<\/td>\n<td>K<\/td>\n<td>793<\/td>\n<td>280<\/td>\n<td>8.00<\/td>\n<td>7.00 &#8211; 9.02<\/td>\n<td>8.6<\/td>\n<\/tr>\n<tr class=\"box-table-tr-bg-1\">\n<td>215\/55R17<\/td>\n<td>93<\/td>\n<td>V<\/td>\n<td>BLK<\/td>\n<td>K<\/td>\n<td>667<\/td>\n<td>222<\/td>\n<td>7.00<\/td>\n<td>6.00 &#8211; 7.50<\/td>\n<td>8.0<\/td>\n<\/tr>\n<tr class=\"box-table-tr-bg-1\">\n<td>235\/55R17<\/td>\n<td>99<\/td>\n<td>H<\/td>\n<td>BLK<\/td>\n<td>K<\/td>\n<td>689<\/td>\n<td>243<\/td>\n<td>7.50<\/td>\n<td>6.50 &#8211; 8.50<\/td>\n<td>8.0<\/td>\n<\/tr>\n<tr class=\"box-table-tr-bg-1\">\n<td>215\/60R17<\/td>\n<td>96<\/td>\n<td>H<\/td>\n<td>BLK<\/td>\n<td>K<\/td>\n<td>693<\/td>\n<td>218<\/td>\n<td>6.50<\/td>\n<td>6.00 &#8211; 7.50<\/td>\n<td>7.9<\/td>\n<\/tr>\n<tr class=\"box-table-tr-bg-1\">\n<td>225\/60R17<\/td>\n<td>99<\/td>\n<td>H<\/td>\n<td>BLK<\/td>\n<td>K<\/td>\n<td>704<\/td>\n<td>227<\/td>\n<td>6.50<\/td>\n<td>6.00 &#8211; 8.00<\/td>\n<td>7.9<\/td>\n<\/tr>\n<tr class=\"box-table-tr-bg-1\">\n<td>235\/60R17<\/td>\n<td>102<\/td>\n<td>V<\/td>\n<td>BLK<\/td>\n<td>K<\/td>\n<td>713<\/td>\n<td>237<\/td>\n<td>7.00<\/td>\n<td>6.50 &#8211; 8.50<\/td>\n<td>8.1<\/td>\n<\/tr>\n<tr class=\"box-table-tr-bg-1\">\n<td>285\/60R17<\/td>\n<td>111<\/td>\n<td>H<\/td>\n<td>BLK<\/td>\n<td>K<\/td>\n<td>774<\/td>\n<td>290<\/td>\n<td>8.50<\/td>\n<td>8.00- 10.00<\/td>\n<td>8.4<\/td>\n<\/tr>\n<tr class=\"box-table-tr-bg-1\">\n<td>225\/65R17<\/td>\n<td>101<\/td>\n<td>H<\/td>\n<td>BLK<\/td>\n<td>K<\/td>\n<td>725<\/td>\n<td>227<\/td>\n<td>6.50<\/td>\n<td>6.00 &#8211; 8.00<\/td>\n<td>7.9<\/td>\n<\/tr>\n<tr class=\"box-table-tr-bg-1\">\n<td>235\/65R17<\/td>\n<td>108<\/td>\n<td>V<\/td>\n<td>BLK<\/td>\n<td>K<\/td>\n<td>737<\/td>\n<td>241<\/td>\n<td>7.00<\/td>\n<td>6.50 &#8211; 8.50<\/td>\n<td>8.1<\/td>\n<\/tr>\n<tr class=\"box-table-tr-bg-1\">\n<td>265\/65R17<\/td>\n<td>112<\/td>\n<td>H<\/td>\n<td>BLK<\/td>\n<td>K<\/td>\n<td>777<\/td>\n<td>272<\/td>\n<td>8.00<\/td>\n<td>7.50 &#8211; 9.50<\/td>\n<td>8.0<\/td>\n<\/tr>\n<tr class=\"box-table-tr-bg-1\">\n<td>275\/65R17<\/td>\n<td>114<\/td>\n<td>H<\/td>\n<td>BLK<\/td>\n<td>K<\/td>\n<td>789<\/td>\n<td>280<\/td>\n<td>8.00<\/td>\n<td>7.50 &#8211; 9.50<\/td>\n<td>8.1<\/td>\n<\/tr>\n<tr class=\"box-table-tr-bg-1\">\n<td>P285\/60R18<\/td>\n<td>114<\/td>\n<td>H<\/td>\n<td>BLK<\/td>\n<td>K<\/td>\n<td>800<\/td>\n<td>289<\/td>\n<td>8.50<\/td>\n<td>8.00 &#8211; 10.00<\/td>\n<td>8.4<\/td>\n<\/tr>\n<tr class=\"box-table-tr-bg-1\">\n<td>225\/55R18<\/td>\n<td>97<\/td>\n<td>V<\/td>\n<td>BLK<\/td>\n<td>K<\/td>\n<td>706<\/td>\n<td>229<\/td>\n<td>7.00<\/td>\n<td>6.00 &#8211; 7.50<\/td>\n<td>8.0<\/td>\n<\/tr>\n<tr class=\"box-table-tr-bg-1\">\n<td>225\/55R18<\/td>\n<td>98<\/td>\n<td>V<\/td>\n<td>BLK<\/td>\n<td>K<\/td>\n<td>706<\/td>\n<td>231<\/td>\n<td>7.00<\/td>\n<td>6.00 &#8211; 8.00<\/td>\n<td>8.0<\/td>\n<\/tr>\n<tr class=\"box-table-tr-bg-1\">\n<td>235\/55R18<\/td>\n<td>99<\/td>\n<td>V<\/td>\n<td>BLK<\/td>\n<td>K<\/td>\n<td>714<\/td>\n<td>246<\/td>\n<td>7.50<\/td>\n<td>6.50 &#8211; 8.50<\/td>\n<td>8.0<\/td>\n<\/tr>\n<tr class=\"box-table-tr-bg-1\">\n<td>255\/55R18<\/td>\n<td>109<\/td>\n<td>V<\/td>\n<td>BLK<\/td>\n<td>K<\/td>\n<td>736<\/td>\n<td>266<\/td>\n<td>8.00<\/td>\n<td>7.00 &#8211; 9.00<\/td>\n<td>8.2<\/td>\n<\/tr>\n<tr class=\"box-table-tr-bg-1\">\n<td>255\/60R18<\/td>\n<td>112<\/td>\n<td>V<\/td>\n<td>BLK<\/td>\n<td>K<\/td>\n<td>762<\/td>\n<td>256<\/td>\n<td>7.50<\/td>\n<td>7.00 &#8211; 9.00<\/td>\n<td>8.1<\/td>\n<\/tr>\n<tr class=\"box-table-tr-bg-1\">\n<td>265\/60R18<\/td>\n<td>110<\/td>\n<td>H<\/td>\n<td>BLK<\/td>\n<td>K<\/td>\n<td>777<\/td>\n<td>272<\/td>\n<td>8.00<\/td>\n<td>7.50 &#8211; 9.50<\/td>\n<td>8.0<\/td>\n<\/tr>\n<tr class=\"box-table-tr-bg-1\">\n<td>225\/65R18<\/td>\n<td>103<\/td>\n<td>S<\/td>\n<td>BLK<\/td>\n<td>K<\/td>\n<td>745<\/td>\n<td>238<\/td>\n<td>7.00<\/td>\n<td>6.00 &#8211; 8.00<\/td>\n<td>7.9<\/td>\n<\/tr>\n<tr class=\"box-table-tr-bg-1\">\n<td>235\/55R19<\/td>\n<td>101<\/td>\n<td>V<\/td>\n<td>BLK<\/td>\n<td>K<\/td>\n<td>742<\/td>\n<td>240<\/td>\n<td>7.50<\/td>\n<td>6.50 &#8211; 8.50<\/td>\n<td>8.0<\/td>\n<\/tr>\n<tr class=\"box-table-tr-bg-1\">\n<td>245\/55R19<\/td>\n<td>103<\/td>\n<td>S<\/td>\n<td>BLK<\/td>\n<td>K<\/td>\n<td>753<\/td>\n<td>250<\/td>\n<td>7.50<\/td>\n<td>7.00 &#8211; 8.50<\/td>\n<td>8.0<\/td>\n<\/tr>\n<tr class=\"box-table-tr-bg-1\">\n<td>265\/50R20<\/td>\n<td>107<\/td>\n<td>V<\/td>\n<td>BLK<\/td>\n<td>K<\/td>\n<td>773<\/td>\n<td>274<\/td>\n<td>8.50<\/td>\n<td>7.50 &#8211; 9.50<\/td>\n<td>8.2<\/td>\n<\/tr>\n<\/tbody>\n<\/table>\n[\/vc_column][\/vc_row]","protected":false},"excerpt":{"rendered":"<p><p>Grandtrek PT2A \u0111\u00e3 \u0111\u01b0\u1ee3c thi\u1ebft k\u1ebf t\u1ea1i Nh\u1eadt B\u1ea3n \u0111\u1ec3 mang \u0111\u1ebfn s\u1ef1 y\u00ean t\u0129nh v\u01b0\u1ee3t tr\u1ed9i, \u0111\u1ed9 \u1ed5n \u0111\u1ecbnh t\u1ed1c \u0111\u1ed9 cao v\u00e0 s\u1ef1 tho\u1ea3i m\u00e1i cho xe SUV v\u00e0 xe 4 ch\u1ed7.<\/p>\n<\/p>","protected":false},"featured_media":710,"comment_status":"open","ping_status":"closed","template":"","meta":{"_links_to":"","_links_to_target":""},"_links":{"self":[{"href":"https:\/\/www.dunloptyre.vn\/vi\/wp-json\/wp\/v2\/product\/168"}],"collection":[{"href":"https:\/\/www.dunloptyre.vn\/vi\/wp-json\/wp\/v2\/product"}],"about":[{"href":"https:\/\/www.dunloptyre.vn\/vi\/wp-json\/wp\/v2\/types\/product"}],"replies":[{"embeddable":true,"href":"https:\/\/www.dunloptyre.vn\/vi\/wp-json\/wp\/v2\/comments?post=168"}],"wp:featuredmedia":[{"embeddable":true,"href":"https:\/\/www.dunloptyre.vn\/vi\/wp-json\/wp\/v2\/media\/710"}],"wp:attachment":[{"href":"https:\/\/www.dunloptyre.vn\/vi\/wp-json\/wp\/v2\/media?parent=168"}],"curies":[{"name":"wp","href":"https:\/\/api.w.org\/{rel}","templated":true}]}}