{"id":177,"date":"2018-05-15T15:01:50","date_gmt":"2018-05-15T08:01:50","guid":{"rendered":"http:\/\/dunlop.mgift.vn\/?post_type=product&#038;p=177"},"modified":"2019-05-13T10:44:34","modified_gmt":"2019-05-13T03:44:34","slug":"sptmaxx","status":"publish","type":"product","link":"https:\/\/www.dunloptyre.vn\/vi\/san-pham\/sptmaxx\/","title":{"rendered":"SP SPORT MAXX"},"content":{"rendered":"[vc_row css_animation=&#8221;&#8221; row_type=&#8221;row&#8221; use_row_as_full_screen_section=&#8221;no&#8221; type=&#8221;full_width&#8221; angled_section=&#8221;no&#8221; text_align=&#8221;left&#8221; background_image_as_pattern=&#8221;without_pattern&#8221;][vc_column]<div  class=\"lgc-column lgc-grid-parent lgc-grid-30 lgc-tablet-grid-30 lgc-mobile-grid-100 lgc-equal-heights \"><div  class=\"inside-grid-column\">\n<h1><span style=\"font-size: 18pt;\">SP SPORT MAXX<\/span><\/h1>\n<p style=\"line-height:24pt;\">This is a new-generation directional tyre with exceptional driving capability for high-performance vehicles OE homologated on vehicles such as Alfa Romeo and Audi A4 and BMW amongst others.<\/p>\n<h1><span style=\"font-size: 16px;\"><\/span><\/h1><\/div><\/div><div  class=\"lgc-column lgc-grid-parent lgc-grid-70 lgc-tablet-grid-70 lgc-mobile-grid-100 lgc-equal-heights \"><div  class=\"inside-grid-column\">\n<p><img loading=\"lazy\" decoding=\"async\" class=\"aligncenter wp-image-718 \" src=\"https:\/\/www.dunloptyre.vn\/wp-content\/uploads\/2018\/05\/Sptmaxx.png\" alt=\"\" width=\"400\" height=\"400\" srcset=\"https:\/\/www.dunloptyre.vn\/wp-content\/uploads\/2018\/05\/Sptmaxx.png 300w, https:\/\/www.dunloptyre.vn\/wp-content\/uploads\/2018\/05\/Sptmaxx-150x150.png 150w, https:\/\/www.dunloptyre.vn\/wp-content\/uploads\/2018\/05\/Sptmaxx-250x250.png 250w, https:\/\/www.dunloptyre.vn\/wp-content\/uploads\/2018\/05\/Sptmaxx-100x100.png 100w\" sizes=\"(max-width: 400px) 100vw, 400px\" \/><\/p>\n<p><img loading=\"lazy\" decoding=\"async\" class=\"aligncenter  wp-image-1126\" src=\"https:\/\/www.dunloptyre.vn\/wp-content\/uploads\/2018\/05\/SP-SPORT-MAXX.png\" alt=\"\" width=\"526\" height=\"390\" srcset=\"https:\/\/www.dunloptyre.vn\/wp-content\/uploads\/2018\/05\/SP-SPORT-MAXX.png 1014w, https:\/\/www.dunloptyre.vn\/wp-content\/uploads\/2018\/05\/SP-SPORT-MAXX-300x222.png 300w, https:\/\/www.dunloptyre.vn\/wp-content\/uploads\/2018\/05\/SP-SPORT-MAXX-768x570.png 768w, https:\/\/www.dunloptyre.vn\/wp-content\/uploads\/2018\/05\/SP-SPORT-MAXX-700x519.png 700w, https:\/\/www.dunloptyre.vn\/wp-content\/uploads\/2018\/05\/SP-SPORT-MAXX-600x445.png 600w\" sizes=\"(max-width: 526px) 100vw, 526px\" \/><\/p><\/div><\/div><div class=\"lgc-clear\"><\/div>\n<table class=\"box-table-att\" style=\"line-height:24pt;\">\n<thead>\n<tr>\n<th class=\"td-product-att\">Type size<\/th>\n<th class=\"td-product-att\">Load index<\/th>\n<th class=\"td-product-att\">Speed Symbol<\/th>\n<th class=\"td-product-att\">&nbsp;<\/th>\n<th class=\"td-product-att\">TL or TT<\/th>\n<th class=\"td-product-att\">Overall Diam (mm)<\/th>\n<th class=\"td-product-att\">Section Width (mm)<\/th>\n<th class=\"td-product-att\">Measuring (inch)<\/th>\n<th class=\"td-product-att\">Approved (inch)<\/th>\n<th class=\"td-product-att\">Tread Depth (mm)<\/th>\n<\/tr>\n<\/thead>\n<tbody>\n<tr class=\"box-table-tr-bg-1\">\n<td>235\/50R19<\/td>\n<td>99<\/td>\n<td>V<\/td>\n<td>BLK<\/td>\n<td>K<\/td>\n<td>710<\/td>\n<td>250<\/td>\n<td>7,50<\/td>\n<td>7.00-8.00<\/td>\n<td>7,6<\/td>\n<\/tr>\n<tr class=\"box-table-tr-bg-1\">\n<td>245\/45R19<\/td>\n<td>98<\/td>\n<td>Y<\/td>\n<td>BLK<\/td>\n<td>K<\/td>\n<td>701<\/td>\n<td>246<\/td>\n<td>8,00<\/td>\n<td>7.50-9.00<\/td>\n<td>8,1<\/td>\n<\/tr>\n<tr class=\"box-table-tr-bg-1\">\n<td>255\/45R19<\/td>\n<td>100<\/td>\n<td>V<\/td>\n<td>BLK<\/td>\n<td>K<\/td>\n<td>710<\/td>\n<td>260<\/td>\n<td>9,00<\/td>\n<td>8.00-9.00<\/td>\n<td>7,5<\/td>\n<\/tr>\n<tr class=\"box-table-tr-bg-1\">\n<td>275\/40R19<\/td>\n<td>101<\/td>\n<td>Y<\/td>\n<td>BLK<\/td>\n<td>K<\/td>\n<td>702<\/td>\n<td>276<\/td>\n<td>9,50<\/td>\n<td>9.00-11.00<\/td>\n<td>7,9<\/td>\n<\/tr>\n<tr class=\"box-table-tr-bg-1\">\n<td>275\/55R19<\/td>\n<td>111<\/td>\n<td>V<\/td>\n<td>BLK<\/td>\n<td>K<\/td>\n<td>760<\/td>\n<td>280<\/td>\n<td>8,00<\/td>\n<td>7.50-8.50<\/td>\n<td>7,3<\/td>\n<\/tr>\n<tr class=\"box-table-tr-bg-1\">\n<td>235\/45R20<\/td>\n<td>100<\/td>\n<td>W<\/td>\n<td>BLK<\/td>\n<td>K<\/td>\n<td>705<\/td>\n<td>250<\/td>\n<td>8,50<\/td>\n<td>8.00-9.00<\/td>\n<td>7,9<\/td>\n<\/tr>\n<tr class=\"box-table-tr-bg-1\">\n<td>275\/40R20RF<\/td>\n<td>106<\/td>\n<td>W<\/td>\n<td>BLK<\/td>\n<td>K<\/td>\n<td>700<\/td>\n<td>280<\/td>\n<td>9,50<\/td>\n<td>9.00-10.00<\/td>\n<td>6,0<\/td>\n<\/tr>\n<tr class=\"box-table-tr-bg-1\">\n<td>315\/35R20RF<\/td>\n<td>110<\/td>\n<td>W<\/td>\n<td>BLK<\/td>\n<td>K<\/td>\n<td>700<\/td>\n<td>320<\/td>\n<td>10,50<\/td>\n<td>10.00-11.00<\/td>\n<td>7,4<\/td>\n<\/tr>\n<tr class=\"box-table-tr-bg-1\">\n<td>295\/35R21<\/td>\n<td>107<\/td>\n<td>Y<\/td>\n<td>BLK<\/td>\n<td>K<\/td>\n<td>720<\/td>\n<td>300<\/td>\n<td>10,00<\/td>\n<td>9.50-10.50<\/td>\n<td>7,5<\/td>\n<\/tr>\n<tr class=\"box-table-tr-bg-1\">\n<td>265\/35ZR22<\/td>\n<td>102<\/td>\n<td>Z<\/td>\n<td>BLK<\/td>\n<td>K<\/td>\n<td>730<\/td>\n<td>270<\/td>\n<td>9,50<\/td>\n<td>9.00-10.00<\/td>\n<td>8.1<\/td>\n<\/tr>\n<tr class=\"box-table-tr-bg-1\">\n<td>255\/45ZR18<\/td>\n<td>99<\/td>\n<td>Y<\/td>\n<td>BLK<\/td>\n<td>K<\/td>\n<td>684<\/td>\n<td>259<\/td>\n<td>8.5<\/td>\n<td>8.00 &#8211; 9.50<\/td>\n<td>8.1<\/td>\n<\/tr>\n<tr class=\"box-table-tr-bg-1\">\n<td>275\/40ZR18<\/td>\n<td>99<\/td>\n<td>Y<\/td>\n<td>BLK<\/td>\n<td>K<\/td>\n<td>675<\/td>\n<td>276<\/td>\n<td>9.50<\/td>\n<td>9.00 &#8211; 11.0<\/td>\n<td>7.9<\/td>\n<\/tr>\n<tr class=\"box-table-tr-bg-1\">\n<td>245\/30ZR19<\/td>\n<td>&nbsp;<\/td>\n<td>&nbsp;<\/td>\n<td>BLK<\/td>\n<td>K<\/td>\n<td>632<\/td>\n<td>245<\/td>\n<td>8.50<\/td>\n<td>8.00 &#8211; 9.00<\/td>\n<td>8.1<\/td>\n<\/tr>\n<tr class=\"box-table-tr-bg-1\">\n<td>245\/35ZR19<\/td>\n<td>93<\/td>\n<td>Y<\/td>\n<td>BLK<\/td>\n<td>K<\/td>\n<td>656<\/td>\n<td>246<\/td>\n<td>8.50<\/td>\n<td>8.00 &#8211; 9.50<\/td>\n<td>8.1<\/td>\n<\/tr>\n<tr class=\"box-table-tr-bg-1\">\n<td>245\/40ZR19<\/td>\n<td>98<\/td>\n<td>Y<\/td>\n<td>BLK<\/td>\n<td>K<\/td>\n<td>677<\/td>\n<td>247<\/td>\n<td>8.50<\/td>\n<td>8.00 &#8211; 9.50<\/td>\n<td>8.0<\/td>\n<\/tr>\n<tr class=\"box-table-tr-bg-1\">\n<td>265\/30ZR19<\/td>\n<td>93<\/td>\n<td>Y<\/td>\n<td>BLK<\/td>\n<td>K<\/td>\n<td>644<\/td>\n<td>265<\/td>\n<td>9.50<\/td>\n<td>9.00 &#8211; 10.0<\/td>\n<td>7.9<\/td>\n<\/tr>\n<tr class=\"box-table-tr-bg-1\">\n<td>275\/35ZR19<\/td>\n<td>100<\/td>\n<td>Y<\/td>\n<td>BLK<\/td>\n<td>K<\/td>\n<td>676<\/td>\n<td>270<\/td>\n<td>9.50<\/td>\n<td>9.00 &#8211; 11.0<\/td>\n<td>7.9<\/td>\n<\/tr>\n<tr class=\"box-table-tr-bg-1\">\n<td>275\/40R19<\/td>\n<td>101<\/td>\n<td>Y<\/td>\n<td>BLK<\/td>\n<td>K<\/td>\n<td>702<\/td>\n<td>276<\/td>\n<td>9.50<\/td>\n<td>9.00 &#8211; 11.0<\/td>\n<td>7.9<\/td>\n<\/tr>\n<tr class=\"box-table-tr-bg-1\">\n<td>295\/35ZR19<\/td>\n<td>100<\/td>\n<td>Y<\/td>\n<td>BLK<\/td>\n<td>K<\/td>\n<td>660<\/td>\n<td>293<\/td>\n<td>10.50<\/td>\n<td>10.00 &#8211; 11.00<\/td>\n<td>7.7<\/td>\n<\/tr>\n<tr class=\"box-table-tr-bg-1\">\n<td>235\/30ZR20<\/td>\n<td>&nbsp;<\/td>\n<td>&nbsp;<\/td>\n<td>BLK<\/td>\n<td>K<\/td>\n<td>648<\/td>\n<td>240<\/td>\n<td>8.50<\/td>\n<td>8.50<\/td>\n<td>8.1<\/td>\n<\/tr>\n<tr class=\"box-table-tr-bg-1\">\n<td>245\/35ZR20<\/td>\n<td>95<\/td>\n<td>Y<\/td>\n<td>BLK<\/td>\n<td>K<\/td>\n<td>680<\/td>\n<td>244<\/td>\n<td>8.50<\/td>\n<td>8.00 &#8211; 9.50<\/td>\n<td>8.1<\/td>\n<\/tr>\n<tr class=\"box-table-tr-bg-1\">\n<td>255\/35ZR20<\/td>\n<td>97<\/td>\n<td>Y<\/td>\n<td>BLK<\/td>\n<td>K<\/td>\n<td>685<\/td>\n<td>254<\/td>\n<td>9.00<\/td>\n<td>8.50 &#8211; 10.00<\/td>\n<td>8.1<\/td>\n<\/tr>\n<tr class=\"box-table-tr-bg-1\">\n<td>195\/50ZR15<\/td>\n<td>82<\/td>\n<td>W<\/td>\n<td>BLK<\/td>\n<td>K<\/td>\n<td>575<\/td>\n<td>196<\/td>\n<td>6.00<\/td>\n<td>5.50 &#8211; 7.00<\/td>\n<td>8.1<\/td>\n<\/tr>\n<tr class=\"box-table-tr-bg-1\">\n<td>205\/50ZR16<\/td>\n<td>87<\/td>\n<td>Y<\/td>\n<td>BLK<\/td>\n<td>K<\/td>\n<td>611<\/td>\n<td>209<\/td>\n<td>6.50<\/td>\n<td>5.50 &#8211; 7.50<\/td>\n<td>8.1<\/td>\n<\/tr>\n<tr class=\"box-table-tr-bg-1\">\n<td>205\/55ZR16<\/td>\n<td>91<\/td>\n<td>W<\/td>\n<td>BLK<\/td>\n<td>K<\/td>\n<td>630<\/td>\n<td>216<\/td>\n<td>6.50<\/td>\n<td>5.50 &#8211; 7.50<\/td>\n<td>8.1<\/td>\n<\/tr>\n<tr class=\"box-table-tr-bg-1\">\n<td>215\/55ZR16<\/td>\n<td>93<\/td>\n<td>Y<\/td>\n<td>BLK<\/td>\n<td>K<\/td>\n<td>643<\/td>\n<td>231<\/td>\n<td>7.00<\/td>\n<td>6.00-7.50<\/td>\n<td>8.1<\/td>\n<\/tr>\n<tr class=\"box-table-tr-bg-1\">\n<td>225\/50ZR16<\/td>\n<td>92<\/td>\n<td>Y<\/td>\n<td>BLK<\/td>\n<td>K<\/td>\n<td>631<\/td>\n<td>230<\/td>\n<td>7.00<\/td>\n<td>6.00 &#8211; 8.00<\/td>\n<td>8.1<\/td>\n<\/tr>\n<tr class=\"box-table-tr-bg-1\">\n<td>235\/60ZR16<\/td>\n<td>100<\/td>\n<td>W<\/td>\n<td>BLK<\/td>\n<td>K<\/td>\n<td>687<\/td>\n<td>240<\/td>\n<td>7.00<\/td>\n<td>6.50 &#8211; 8.50<\/td>\n<td>8.1<\/td>\n<\/tr>\n<tr class=\"box-table-tr-bg-1\">\n<td>205\/45ZR17<\/td>\n<td>88<\/td>\n<td>W<\/td>\n<td>BLK<\/td>\n<td>K<\/td>\n<td>620<\/td>\n<td>208<\/td>\n<td>7.00<\/td>\n<td>6.50 &#8211; 7.50<\/td>\n<td>8.1<\/td>\n<\/tr>\n<tr class=\"box-table-tr-bg-1\">\n<td>215\/35ZR17<\/td>\n<td>&nbsp;<\/td>\n<td>&nbsp;<\/td>\n<td>BLK<\/td>\n<td>K<\/td>\n<td>581<\/td>\n<td>215<\/td>\n<td>7.50<\/td>\n<td>7.00 &#8211; 8.50<\/td>\n<td>8.1<\/td>\n<\/tr>\n<tr class=\"box-table-tr-bg-1\">\n<td>215\/45ZR17<\/td>\n<td>91<\/td>\n<td>Y<\/td>\n<td>BLK<\/td>\n<td>K<\/td>\n<td>625<\/td>\n<td>213<\/td>\n<td>7.00<\/td>\n<td>7.00 &#8211; 8.00<\/td>\n<td>8.1<\/td>\n<\/tr>\n<tr class=\"box-table-tr-bg-1\">\n<td>225\/45ZR17<\/td>\n<td>94<\/td>\n<td>Y<\/td>\n<td>BLK<\/td>\n<td>K<\/td>\n<td>636<\/td>\n<td>225<\/td>\n<td>7.50<\/td>\n<td>7.00 &#8211; 8.50<\/td>\n<td>8.1<\/td>\n<\/tr>\n<tr class=\"box-table-tr-bg-1\">\n<td>235\/40ZR17<\/td>\n<td>94<\/td>\n<td>Y<\/td>\n<td>BLK<\/td>\n<td>K<\/td>\n<td>622<\/td>\n<td>241<\/td>\n<td>8.50<\/td>\n<td>8.00 &#8211; 9.50<\/td>\n<td>8.1<\/td>\n<\/tr>\n<tr class=\"box-table-tr-bg-1\">\n<td>235\/45ZR17<\/td>\n<td>97<\/td>\n<td>Y<\/td>\n<td>BLK<\/td>\n<td>K<\/td>\n<td>645<\/td>\n<td>237<\/td>\n<td>8.00<\/td>\n<td>7.50-9.00<\/td>\n<td>8.1<\/td>\n<\/tr>\n<tr class=\"box-table-tr-bg-1\">\n<td>246\/45R17<\/td>\n<td>95<\/td>\n<td>Y<\/td>\n<td>BLK<\/td>\n<td>K<\/td>\n<td>651<\/td>\n<td>241<\/td>\n<td>8.00<\/td>\n<td>7.50 &#8211; 9.00<\/td>\n<td>7.9<\/td>\n<\/tr>\n<tr class=\"box-table-tr-bg-1\">\n<td>255\/40ZR17<\/td>\n<td>98<\/td>\n<td>Y<\/td>\n<td>BLK<\/td>\n<td>K<\/td>\n<td>635<\/td>\n<td>262<\/td>\n<td>9.00<\/td>\n<td>8.50 &#8211; 10.00<\/td>\n<td>8.1<\/td>\n<\/tr>\n<tr class=\"box-table-tr-bg-1\">\n<td>205.45ZR18<\/td>\n<td>90<\/td>\n<td>W<\/td>\n<td>BLK<\/td>\n<td>K<\/td>\n<td>645<\/td>\n<td>208<\/td>\n<td>7.00<\/td>\n<td>6.50 &#8211; 7.50<\/td>\n<td>8.1<\/td>\n<\/tr>\n<tr class=\"box-table-tr-bg-1\">\n<td>225\/40ZR18<\/td>\n<td>92<\/td>\n<td>Y<\/td>\n<td>BLK<\/td>\n<td>K<\/td>\n<td>637<\/td>\n<td>231<\/td>\n<td>8.00<\/td>\n<td>7.50 &#8211; 9.00<\/td>\n<td>8.1<\/td>\n<\/tr>\n<tr class=\"box-table-tr-bg-1\">\n<td>235\/40ZR18<\/td>\n<td>91<\/td>\n<td>Y<\/td>\n<td>BLK<\/td>\n<td>K<\/td>\n<td>641<\/td>\n<td>242<\/td>\n<td>8.50<\/td>\n<td>8.00 &#8211; 9.50<\/td>\n<td>8.1<\/td>\n<\/tr>\n<tr class=\"box-table-tr-bg-1\">\n<td>245\/40ZR18<\/td>\n<td>93<\/td>\n<td>Y<\/td>\n<td>BLK<\/td>\n<td>K<\/td>\n<td>652<\/td>\n<td>242<\/td>\n<td>8.50<\/td>\n<td>8.00 &#8211; 9.50<\/td>\n<td>8.1<\/td>\n<\/tr>\n<tr class=\"box-table-tr-bg-1\">\n<td>245\/45ZR18<\/td>\n<td>96<\/td>\n<td>Y<\/td>\n<td>BLK<\/td>\n<td>K<\/td>\n<td>678<\/td>\n<td>245<\/td>\n<td>8.00<\/td>\n<td>7.50 &#8211; 9.00<\/td>\n<td>8.1<\/td>\n<\/tr>\n<tr class=\"box-table-tr-bg-1\">\n<td>245\/50ZR18<\/td>\n<td>100<\/td>\n<td>Y<\/td>\n<td>BLK<\/td>\n<td>K<\/td>\n<td>700<\/td>\n<td>249<\/td>\n<td>7.50<\/td>\n<td>7.00 &#8211; 8.50<\/td>\n<td>8.1<\/td>\n<\/tr>\n<tr class=\"box-table-tr-bg-1\">\n<td>235\/45 R17<\/td>\n<td>94<\/td>\n<td>V<\/td>\n<td>BLK<\/td>\n<td>K<\/td>\n<td>642<\/td>\n<td>234<\/td>\n<td>8.0<\/td>\n<td>7.5 &#8211; 9.0<\/td>\n<td>8.0<\/td>\n<\/tr>\n<tr class=\"box-table-tr-bg-1\">\n<td>235\/40R18<\/td>\n<td>95<\/td>\n<td>Y<\/td>\n<td>BLK<\/td>\n<td>K<\/td>\n<td>643<\/td>\n<td>242<\/td>\n<td>8.5<\/td>\n<td>8.0 &#8211; 9.5<\/td>\n<td>8.0<\/td>\n<\/tr>\n<\/tbody>\n<\/table>\n[\/vc_column][\/vc_row]","protected":false},"excerpt":{"rendered":"<p><p>L\u1ed1p xe mang l\u1ea1i hi\u1ec7u su\u1ea5t n\u00e2ng cao trong \u0111i\u1ec1u ki\u1ec7n \u1ea9m \u01b0\u1edbt v\u00e0 kh\u00f4 r\u00e1o v\u00e0 ph\u00f9 h\u1ee3p v\u1edbi ph\u1ea7n l\u1edbn c\u00e1c lo\u1ea1i xe hi\u1ec7u su\u1ea5t cao bao g\u1ed3m c\u1ea3 Lexus &#038; Audi.<\/p>\n<\/p>","protected":false},"featured_media":718,"comment_status":"open","ping_status":"closed","template":"","meta":{"_links_to":"","_links_to_target":""},"_links":{"self":[{"href":"https:\/\/www.dunloptyre.vn\/vi\/wp-json\/wp\/v2\/product\/177"}],"collection":[{"href":"https:\/\/www.dunloptyre.vn\/vi\/wp-json\/wp\/v2\/product"}],"about":[{"href":"https:\/\/www.dunloptyre.vn\/vi\/wp-json\/wp\/v2\/types\/product"}],"replies":[{"embeddable":true,"href":"https:\/\/www.dunloptyre.vn\/vi\/wp-json\/wp\/v2\/comments?post=177"}],"wp:featuredmedia":[{"embeddable":true,"href":"https:\/\/www.dunloptyre.vn\/vi\/wp-json\/wp\/v2\/media\/718"}],"wp:attachment":[{"href":"https:\/\/www.dunloptyre.vn\/vi\/wp-json\/wp\/v2\/media?parent=177"}],"curies":[{"name":"wp","href":"https:\/\/api.w.org\/{rel}","templated":true}]}}