{"id":178,"date":"2018-05-15T15:20:41","date_gmt":"2018-05-15T08:20:41","guid":{"rendered":"http:\/\/dunlop.mgift.vn\/?post_type=product&#038;p=178"},"modified":"2019-05-10T19:27:19","modified_gmt":"2019-05-10T12:27:19","slug":"sptr1","status":"publish","type":"product","link":"https:\/\/www.dunloptyre.vn\/vi\/san-pham\/sptr1\/","title":{"rendered":"SP TOURING R1"},"content":{"rendered":"[vc_row css_animation=&#8221;&#8221; row_type=&#8221;row&#8221; use_row_as_full_screen_section=&#8221;no&#8221; type=&#8221;full_width&#8221; angled_section=&#8221;no&#8221; text_align=&#8221;left&#8221; background_image_as_pattern=&#8221;without_pattern&#8221;][vc_column]<div  class=\"lgc-column lgc-grid-parent lgc-grid-30 lgc-tablet-grid-30 lgc-mobile-grid-100 lgc-equal-heights \"><div  class=\"inside-grid-column\">\n<h1><span style=\"font-size: 18pt;\">SP TOURING R1&nbsp;<\/span><\/h1>\n<p style=\"line-height:24pt;\">The SP Touring R1 delivers improved durability with a sporty tread and wider groove design delivering greater stiffness for improved handling. The tougher steel belt construction assists to maintain position on the road delivering even road contact for improved wear, while the circular profile helps distribute tension and reduces deformation resulting in improved surface contact shape and pressure for better cornering. An enhanced groove design provides improved water evacuation for better stability in the wet. Suitable for small and medium cars.<\/p>\n<\/div><\/div><div  class=\"lgc-column lgc-grid-parent lgc-grid-70 lgc-tablet-grid-70 lgc-mobile-grid-100 lgc-equal-heights \"><div  class=\"inside-grid-column\">\n<p>&nbsp;<\/p>\n<p><img loading=\"lazy\" decoding=\"async\" class=\"aligncenter wp-image-1146\" src=\"https:\/\/www.dunloptyre.vn\/wp-content\/uploads\/2018\/05\/SP-TOURING-R1-copy.png\" alt=\"\" width=\"275\" height=\"413\" srcset=\"https:\/\/www.dunloptyre.vn\/wp-content\/uploads\/2018\/05\/SP-TOURING-R1-copy.png 533w, https:\/\/www.dunloptyre.vn\/wp-content\/uploads\/2018\/05\/SP-TOURING-R1-copy-200x300.png 200w\" sizes=\"(max-width: 275px) 100vw, 275px\" \/><\/p>\n<p>&nbsp;<\/p>\n<\/div><\/div><div class=\"lgc-clear\"><\/div>\n<table class=\"box-table-att\" style=\"line-height:24pt;\">\n<thead>\n<tr style=\"background-color: yellow; color: black;\">\n<th class=\"td-product-att\">K\u00edch c\u1ee1 l\u1ed1p<\/th>\n<th class=\"td-product-att\">Ch\u1ec9 s\u1ed1 t\u1ea3i tr\u1ecdng<\/th>\n<th class=\"td-product-att\">K\u00ed hi\u1ec7u t\u1ed1c \u0111\u1ed9<\/th>\n<th class=\"td-product-att\">Ki\u1ec3u h\u00f4ng<\/th>\n<th class=\"td-product-att\">Kh\u00f4ng (K) hay c\u00f3 (C) Ru\u1ed9t<\/th>\n<th class=\"td-product-att\">\u0110\u01b0\u1eddng k\u00ednh b\u00ean ngo\u00e0i (mm)<\/th>\n<th class=\"td-product-att\">Chi\u1ec1u r\u1ed9ng (mm)<\/th>\n<th class=\"td-product-att\">M\u00e2m chu\u1ea9n (inch)<\/th>\n<th class=\"td-product-att\">\u0110\u1ed9 sai l\u1ec7ch cho ph\u00e9p (inch)<\/th>\n<th class=\"td-product-att\">\u0110\u1ed9 s\u00e2u gai (mm)<\/th>\n<\/tr>\n<\/thead>\n<tbody>\n<tr class=\"box-table-tr-bg-1\">\n<td>195\/55R15<\/td>\n<td>85<\/td>\n<td>V<\/td>\n<td>BLK<\/td>\n<td>K<\/td>\n<td>595<\/td>\n<td>197<\/td>\n<td>6.0<\/td>\n<td>5.5 &#8211; 7.0<\/td>\n<td>8.0<\/td>\n<\/tr>\n<tr class=\"box-table-tr-bg-1\">\n<td>195\/60R15<\/td>\n<td>88<\/td>\n<td>H<\/td>\n<td>BLK<\/td>\n<td>K<\/td>\n<td>614<\/td>\n<td>197<\/td>\n<td>6.0<\/td>\n<td>5.5 &#8211; 7.0<\/td>\n<td>7.9<\/td>\n<\/tr>\n<tr class=\"box-table-tr-bg-1\">\n<td>205\/60R15<\/td>\n<td>91<\/td>\n<td>H<\/td>\n<td>BLK<\/td>\n<td>K<\/td>\n<td>626<\/td>\n<td>205<\/td>\n<td>6.0<\/td>\n<td>5.5 &#8211; 7.5<\/td>\n<td>8.0<\/td>\n<\/tr>\n<tr class=\"box-table-tr-bg-1\">\n<td>205\/60R15<\/td>\n<td>91<\/td>\n<td>V<\/td>\n<td>BLK<\/td>\n<td>K<\/td>\n<td>624<\/td>\n<td>204<\/td>\n<td>6.0<\/td>\n<td>5.5 &#8211; 7.5<\/td>\n<td>8.0<\/td>\n<\/tr>\n<tr class=\"box-table-tr-bg-1\">\n<td>185\/65R15<\/td>\n<td>88<\/td>\n<td>H<\/td>\n<td>BLK<\/td>\n<td>K<\/td>\n<td>619<\/td>\n<td>204<\/td>\n<td>6.0<\/td>\n<td>5.5 &#8211; 7.5<\/td>\n<td>7.9<\/td>\n<\/tr>\n<tr class=\"box-table-tr-bg-1\">\n<td>195\/65R15<\/td>\n<td>91<\/td>\n<td>H<\/td>\n<td>BLK<\/td>\n<td>K<\/td>\n<td>633<\/td>\n<td>200<\/td>\n<td>6.0<\/td>\n<td>5.5 &#8211; 7.0<\/td>\n<td>7.9<\/td>\n<\/tr>\n<tr class=\"box-table-tr-bg-1\">\n<td>195\/65R15<\/td>\n<td>91<\/td>\n<td>V<\/td>\n<td>BLK<\/td>\n<td>K<\/td>\n<td>632<\/td>\n<td>199<\/td>\n<td>6.0<\/td>\n<td>5.5 &#8211; 7.0<\/td>\n<td>7.9<\/td>\n<\/tr>\n<tr class=\"box-table-tr-bg-1\">\n<td>205\/65R15<\/td>\n<td>94<\/td>\n<td>H<\/td>\n<td>BLK<\/td>\n<td>K<\/td>\n<td>645<\/td>\n<td>208<\/td>\n<td>6.0<\/td>\n<td>5.5 &#8211; 7.5<\/td>\n<td>7.9<\/td>\n<\/tr>\n<tr class=\"box-table-tr-bg-1\">\n<td>205\/65R15<\/td>\n<td>94<\/td>\n<td>V<\/td>\n<td>BLK<\/td>\n<td>K<\/td>\n<td>644<\/td>\n<td>208<\/td>\n<td>6.0<\/td>\n<td>5.5 &#8211; 7.5<\/td>\n<td>7.9<\/td>\n<\/tr>\n<tr class=\"box-table-tr-bg-1\">\n<td>215\/65R15<\/td>\n<td>96<\/td>\n<td>H<\/td>\n<td>BLK<\/td>\n<td>K<\/td>\n<td>659<\/td>\n<td>219<\/td>\n<td>6.5<\/td>\n<td>6.0 &#8211; 7.5<\/td>\n<td>7.9<\/td>\n<\/tr>\n<tr class=\"box-table-tr-bg-1\">\n<td>215\/65R15<\/td>\n<td>96<\/td>\n<td>V<\/td>\n<td>BLK<\/td>\n<td>K<\/td>\n<td>659<\/td>\n<td>220<\/td>\n<td>6.5<\/td>\n<td>6.0 &#8211; 7.5<\/td>\n<td>7.9<\/td>\n<\/tr>\n<tr class=\"box-table-tr-bg-1\">\n<td>225\/50R16<\/td>\n<td>92<\/td>\n<td>V<\/td>\n<td>BLK<\/td>\n<td>K<\/td>\n<td>630<\/td>\n<td>225<\/td>\n<td>7.0<\/td>\n<td>6.0 &#8211; 8.0<\/td>\n<td>8.0<\/td>\n<\/tr>\n<tr class=\"box-table-tr-bg-1\">\n<td>205\/55R16<\/td>\n<td>91<\/td>\n<td>V<\/td>\n<td>BLK<\/td>\n<td>K<\/td>\n<td>632<\/td>\n<td>209<\/td>\n<td>6.5<\/td>\n<td>5.5 &#8211; 7.5<\/td>\n<td>8.0<\/td>\n<\/tr>\n<tr class=\"box-table-tr-bg-1\">\n<td>215\/55R16<\/td>\n<td>93<\/td>\n<td>W<\/td>\n<td>BLK<\/td>\n<td>K<\/td>\n<td>640<\/td>\n<td>222<\/td>\n<td>7.0<\/td>\n<td>6.0 &#8211; 7.5<\/td>\n<td>8.0<\/td>\n<\/tr>\n<tr class=\"box-table-tr-bg-1\">\n<td>225\/55R16<\/td>\n<td>95<\/td>\n<td>W<\/td>\n<td>BLK<\/td>\n<td>K<\/td>\n<td>652<\/td>\n<td>227<\/td>\n<td>7.0<\/td>\n<td>6.0 &#8211; 8.0<\/td>\n<td>8.1<\/td>\n<\/tr>\n<tr class=\"box-table-tr-bg-1\">\n<td>205\/60R16<\/td>\n<td>92<\/td>\n<td>H<\/td>\n<td>BLK<\/td>\n<td>K<\/td>\n<td>652<\/td>\n<td>206<\/td>\n<td>6.0<\/td>\n<td>5.5 &#8211; 7.5<\/td>\n<td>8.0<\/td>\n<\/tr>\n<tr class=\"box-table-tr-bg-1\">\n<td>205\/60R16<\/td>\n<td>92<\/td>\n<td>V<\/td>\n<td>BLK<\/td>\n<td>K<\/td>\n<td>650<\/td>\n<td>207<\/td>\n<td>6.0<\/td>\n<td>5.5 &#8211; 7.5<\/td>\n<td>8.0<\/td>\n<\/tr>\n<tr class=\"box-table-tr-bg-1\">\n<td>215\/60R16<\/td>\n<td>95<\/td>\n<td>H<\/td>\n<td>BLK<\/td>\n<td>K<\/td>\n<td>664<\/td>\n<td>220<\/td>\n<td>6.5<\/td>\n<td>6.0 &#8211; 7.5<\/td>\n<td>8.0<\/td>\n<\/tr>\n<tr class=\"box-table-tr-bg-1\">\n<td>215\/60R16<\/td>\n<td>95<\/td>\n<td>V<\/td>\n<td>BLK<\/td>\n<td>K<\/td>\n<td>662<\/td>\n<td>220<\/td>\n<td>6.5<\/td>\n<td>6.0 &#8211; 7.5<\/td>\n<td>8.0<\/td>\n<\/tr>\n<tr class=\"box-table-tr-bg-1\">\n<td>225\/60R16<\/td>\n<td>98<\/td>\n<td>V<\/td>\n<td>BLK<\/td>\n<td>K<\/td>\n<td>675<\/td>\n<td>226<\/td>\n<td>6.5<\/td>\n<td>6.0 &#8211; 8.0<\/td>\n<td>8.0<\/td>\n<\/tr>\n<tr class=\"box-table-tr-bg-1\">\n<td>225\/60R16<\/td>\n<td>98<\/td>\n<td>W<\/td>\n<td>BLK<\/td>\n<td>K<\/td>\n<td>674<\/td>\n<td>227<\/td>\n<td>6.5<\/td>\n<td>6.0 &#8211; 8.0<\/td>\n<td>8.0<\/td>\n<\/tr>\n<tr class=\"box-table-tr-bg-1\">\n<td>235\/60R16<\/td>\n<td>100<\/td>\n<td>W<\/td>\n<td>BLK<\/td>\n<td>K<\/td>\n<td>687<\/td>\n<td>237<\/td>\n<td>7.0<\/td>\n<td>6.5 &#8211; 8.5<\/td>\n<td>8.0<\/td>\n<\/tr>\n<tr class=\"box-table-tr-bg-1\">\n<td>205\/65R16<\/td>\n<td>95<\/td>\n<td>H<\/td>\n<td>BLK<\/td>\n<td>K<\/td>\n<td>670<\/td>\n<td>209<\/td>\n<td>6.0<\/td>\n<td>5.5 &#8211; 7.5<\/td>\n<td>7.9<\/td>\n<\/tr>\n<tr class=\"box-table-tr-bg-1\">\n<td>205\/65R16<\/td>\n<td>95<\/td>\n<td>V<\/td>\n<td>BLK<\/td>\n<td>K<\/td>\n<td>670<\/td>\n<td>209<\/td>\n<td>6.0<\/td>\n<td>5.5 &#8211; 7.5<\/td>\n<td>8.0<\/td>\n<\/tr>\n<tr class=\"box-table-tr-bg-1\">\n<td>215\/45R17<\/td>\n<td>87<\/td>\n<td>W<\/td>\n<td>BLK<\/td>\n<td>K<\/td>\n<td>624<\/td>\n<td>210<\/td>\n<td>7.0<\/td>\n<td>7.0 &#8211; 8.0<\/td>\n<td>8.0<\/td>\n<\/tr>\n<tr class=\"box-table-tr-bg-1\">\n<td>225\/45R17<\/td>\n<td>91<\/td>\n<td>W<\/td>\n<td>BLK<\/td>\n<td>K<\/td>\n<td>634<\/td>\n<td>223<\/td>\n<td>7.5<\/td>\n<td>7.0 &#8211; 8.5<\/td>\n<td>8.0<\/td>\n<\/tr>\n<tr class=\"box-table-tr-bg-1\">\n<td>225\/45R17<\/td>\n<td>94<\/td>\n<td>W<\/td>\n<td>BLK<\/td>\n<td>K<\/td>\n<td>634<\/td>\n<td>221<\/td>\n<td>7.5<\/td>\n<td>7.0 &#8211; 8.5<\/td>\n<td>8.0<\/td>\n<\/tr>\n<tr class=\"box-table-tr-bg-1\">\n<td>235\/45R17<\/td>\n<td>94<\/td>\n<td>W<\/td>\n<td>BLK<\/td>\n<td>K<\/td>\n<td>642<\/td>\n<td>234<\/td>\n<td>8.0<\/td>\n<td>7.5 &#8211; 9.0<\/td>\n<td>8.0<\/td>\n<\/tr>\n<tr class=\"box-table-tr-bg-1\">\n<td>245\/45R17<\/td>\n<td>95<\/td>\n<td>W<\/td>\n<td>BLK<\/td>\n<td>K<\/td>\n<td>652<\/td>\n<td>240<\/td>\n<td>8.0<\/td>\n<td>7.5 &#8211; 9.0<\/td>\n<td>8.1<\/td>\n<\/tr>\n<tr class=\"box-table-tr-bg-1\">\n<td>215\/50R17<\/td>\n<td>91<\/td>\n<td>V<\/td>\n<td>BLK<\/td>\n<td>K<\/td>\n<td>648<\/td>\n<td>218<\/td>\n<td>7.0<\/td>\n<td>6.0 &#8211; 7.5<\/td>\n<td>8.0<\/td>\n<\/tr>\n<tr class=\"box-table-tr-bg-1\">\n<td>225\/50R17<\/td>\n<td>98<\/td>\n<td>W<\/td>\n<td>BLK<\/td>\n<td>K<\/td>\n<td>657<\/td>\n<td>226<\/td>\n<td>7.0<\/td>\n<td>6.0 &#8211; 8.0<\/td>\n<td>8.0<\/td>\n<\/tr>\n<tr class=\"box-table-tr-bg-1\">\n<td>225\/50R17<\/td>\n<td>94<\/td>\n<td>W<\/td>\n<td>BLK<\/td>\n<td>K<\/td>\n<td>657<\/td>\n<td>226<\/td>\n<td>7.0<\/td>\n<td>6.0 &#8211; 8.0<\/td>\n<td>8.0<\/td>\n<\/tr>\n<tr class=\"box-table-tr-bg-1\">\n<td>215\/55R17<\/td>\n<td>94<\/td>\n<td>V<\/td>\n<td>BLK<\/td>\n<td>K<\/td>\n<td>666<\/td>\n<td>223<\/td>\n<td>7.0<\/td>\n<td>6.0 &#8211; 7.5<\/td>\n<td>8.0<\/td>\n<\/tr>\n<tr class=\"box-table-tr-bg-1\">\n<td>225\/55R17<\/td>\n<td>97<\/td>\n<td>W<\/td>\n<td>BLK<\/td>\n<td>K<\/td>\n<td>680<\/td>\n<td>229<\/td>\n<td>7.0<\/td>\n<td>6.0 &#8211; 8.0<\/td>\n<td>8.1<\/td>\n<\/tr>\n<tr class=\"box-table-tr-bg-1\">\n<td>225\/40R18<\/td>\n<td>88<\/td>\n<td>W<\/td>\n<td>BLK<\/td>\n<td>K<\/td>\n<td>638<\/td>\n<td>229<\/td>\n<td>8.0<\/td>\n<td>7.5 &#8211; 9.0<\/td>\n<td>8.0<\/td>\n<\/tr>\n<tr class=\"box-table-tr-bg-1\">\n<td>225\/40R18<\/td>\n<td>92<\/td>\n<td>W<\/td>\n<td>BLK<\/td>\n<td>K<\/td>\n<td>638<\/td>\n<td>229<\/td>\n<td>8.0<\/td>\n<td>7.5 &#8211; 9.0<\/td>\n<td>8.0<\/td>\n<\/tr>\n<tr class=\"box-table-tr-bg-1\">\n<td>235\/40R18<\/td>\n<td>91<\/td>\n<td>W<\/td>\n<td>BLK<\/td>\n<td>K<\/td>\n<td>643<\/td>\n<td>244<\/td>\n<td>8.5<\/td>\n<td>8.0 &#8211; 9.5<\/td>\n<td>8.0<\/td>\n<\/tr>\n<tr class=\"box-table-tr-bg-1\">\n<td>235\/40R18<\/td>\n<td>95<\/td>\n<td>W<\/td>\n<td>BLK<\/td>\n<td>K<\/td>\n<td>643<\/td>\n<td>242<\/td>\n<td>8.5<\/td>\n<td>8.0 &#8211; 9.5<\/td>\n<td>8.0<\/td>\n<\/tr>\n<tr class=\"box-table-tr-bg-1\">\n<td>245\/40R18<\/td>\n<td>93<\/td>\n<td>W<\/td>\n<td>BLK<\/td>\n<td>K<\/td>\n<td>653<\/td>\n<td>246<\/td>\n<td>8.5<\/td>\n<td>8.0 &#8211; 9.5<\/td>\n<td>8.1<\/td>\n<\/tr>\n<tr class=\"box-table-tr-bg-1\">\n<td>245\/40R18<\/td>\n<td>97<\/td>\n<td>W<\/td>\n<td>BLK<\/td>\n<td>K<\/td>\n<td>653<\/td>\n<td>244<\/td>\n<td>8.5<\/td>\n<td>8.0 &#8211; 9.5<\/td>\n<td>8.1<\/td>\n<\/tr>\n<tr class=\"box-table-tr-bg-1\">\n<td>225\/45R18<\/td>\n<td>91<\/td>\n<td>W<\/td>\n<td>BLK<\/td>\n<td>K<\/td>\n<td>657<\/td>\n<td>224<\/td>\n<td>7.5<\/td>\n<td>7.0 &#8211; 8.5<\/td>\n<td>8.0<\/td>\n<\/tr>\n<tr class=\"box-table-tr-bg-1\">\n<td>225\/45R18<\/td>\n<td>95<\/td>\n<td>W<\/td>\n<td>BLK<\/td>\n<td>K<\/td>\n<td>661<\/td>\n<td>222<\/td>\n<td>7.5<\/td>\n<td>7.0 &#8211; 8.5<\/td>\n<td>8.0<\/td>\n<\/tr>\n<tr class=\"box-table-tr-bg-1\">\n<td>245\/45R18<\/td>\n<td>100<\/td>\n<td>W<\/td>\n<td>BLK<\/td>\n<td>K<\/td>\n<td>678<\/td>\n<td>239<\/td>\n<td>8.0<\/td>\n<td>7.5 &#8211; 9.0<\/td>\n<td>8.1<\/td>\n<\/tr>\n<tr class=\"box-table-tr-bg-1\">\n<td>255\/45R18<\/td>\n<td>103<\/td>\n<td>W<\/td>\n<td>BLK<\/td>\n<td>K<\/td>\n<td>688<\/td>\n<td>255<\/td>\n<td>8.5<\/td>\n<td>8.0 &#8211; 9.5<\/td>\n<td>8.1<\/td>\n<\/tr>\n<tr class=\"box-table-tr-bg-1\">\n<td>235\/50R18<\/td>\n<td>97<\/td>\n<td>W<\/td>\n<td>BLK<\/td>\n<td>K<\/td>\n<td>691<\/td>\n<td>236<\/td>\n<td>7.5<\/td>\n<td>6.5 &#8211; 8.5<\/td>\n<td>8.0<\/td>\n<\/tr>\n<tr class=\"box-table-tr-bg-1\">\n<td>235\/55R18<\/td>\n<td>100<\/td>\n<td>V<\/td>\n<td>BLK<\/td>\n<td>K<\/td>\n<td>714<\/td>\n<td>239<\/td>\n<td>7.5<\/td>\n<td>6.5 &#8211; 8.5<\/td>\n<td>8.0<\/td>\n<\/tr>\n<tr class=\"box-table-tr-bg-1\">\n<td>245\/45R19<\/td>\n<td>98<\/td>\n<td>W<\/td>\n<td>BLK<\/td>\n<td>K<\/td>\n<td>703<\/td>\n<td>240<\/td>\n<td>8.0<\/td>\n<td>7.5 &#8211; 9.0<\/td>\n<td>8.1<\/td>\n<\/tr>\n<tr class=\"box-table-tr-bg-1\">\n<td>245\/45R18<\/td>\n<td>96<\/td>\n<td>W<\/td>\n<td>BLK<\/td>\n<td>K<\/td>\n<td>677<\/td>\n<td>237<\/td>\n<td>8.0<\/td>\n<td>7.5 &#8211; 9.0<\/td>\n<td>8.1<\/td>\n<\/tr>\n<tr class=\"box-table-tr-bg-1\">\n<td>235\/45 R17<\/td>\n<td>94<\/td>\n<td>V<\/td>\n<td>BLK<\/td>\n<td>K<\/td>\n<td>642<\/td>\n<td>234<\/td>\n<td>8.0<\/td>\n<td>7.5 &#8211; 9.0<\/td>\n<td>8.0<\/td>\n<\/tr>\n<tr class=\"box-table-tr-bg-1\">\n<td>235\/40R18<\/td>\n<td>95<\/td>\n<td>Y<\/td>\n<td>BLK<\/td>\n<td>K<\/td>\n<td>643<\/td>\n<td>242<\/td>\n<td>8.5<\/td>\n<td>8.0 &#8211; 9.5<\/td>\n<td>8.0<\/td>\n<\/tr>\n<tr class=\"box-table-tr-bg-1\">\n<td>245\/40 R18<\/td>\n<td>93<\/td>\n<td>W<\/td>\n<td>BLK<\/td>\n<td>K<\/td>\n<td>653<\/td>\n<td>246<\/td>\n<td>8.50<\/td>\n<td>8.00 &#8211; 9.50<\/td>\n<td>8.1<\/td>\n<\/tr>\n<tr class=\"box-table-tr-bg-1\">\n<td>225\/50R17<\/td>\n<td>98<\/td>\n<td>W<\/td>\n<td>BLK<\/td>\n<td>K<\/td>\n<td>657<\/td>\n<td>226<\/td>\n<td>7.00<\/td>\n<td>6.00 &#8211; 8.00<\/td>\n<td>8.0<\/td>\n<\/tr>\n<tr class=\"box-table-tr-bg-1\">\n<td>225\/50R17<\/td>\n<td>94<\/td>\n<td>W<\/td>\n<td>BLK<\/td>\n<td>K<\/td>\n<td>657<\/td>\n<td>226<\/td>\n<td>7.00<\/td>\n<td>6.00 &#8211; 8.00<\/td>\n<td>8.0<\/td>\n<\/tr>\n<\/tbody>\n<\/table>\n[\/vc_column][\/vc_row]","protected":false},"excerpt":{"rendered":"<p><p>V\u1edbi t\u00ednh n\u0103ng v\u01b0\u1ee3t tr\u1ed9i v\u1ec1 \u0111\u1ed9 b\u1ec1n cao, t\u0103ng kh\u1ea3 n\u0103ng \u1ed5n \u0111\u1ecbnh, ti\u1ebfng \u1ed3n th\u1ea5p v\u00e0 tho\u1ea3i m\u00e1i l\u00e1i xe tr\u00ean \u0111\u01b0\u1eddng tr\u01a1n. H\u1ee3p ch\u1ea5t l\u1ed1p l\u00e0 s\u1ef1 k\u1ebft h\u1ee3p 2 lo\u1ea1i g\u1ed3m polymer \u0111\u1eb7t bi\u1ec7t gi\u00fap k\u00e9o d\u00e0i tu\u1ed5i th\u1ecd l\u1ed1p xe.<\/p>\n<\/p>","protected":false},"featured_media":722,"comment_status":"open","ping_status":"closed","template":"","meta":{"_links_to":"","_links_to_target":""},"_links":{"self":[{"href":"https:\/\/www.dunloptyre.vn\/vi\/wp-json\/wp\/v2\/product\/178"}],"collection":[{"href":"https:\/\/www.dunloptyre.vn\/vi\/wp-json\/wp\/v2\/product"}],"about":[{"href":"https:\/\/www.dunloptyre.vn\/vi\/wp-json\/wp\/v2\/types\/product"}],"replies":[{"embeddable":true,"href":"https:\/\/www.dunloptyre.vn\/vi\/wp-json\/wp\/v2\/comments?post=178"}],"wp:featuredmedia":[{"embeddable":true,"href":"https:\/\/www.dunloptyre.vn\/vi\/wp-json\/wp\/v2\/media\/722"}],"wp:attachment":[{"href":"https:\/\/www.dunloptyre.vn\/vi\/wp-json\/wp\/v2\/media?parent=178"}],"curies":[{"name":"wp","href":"https:\/\/api.w.org\/{rel}","templated":true}]}}