{"id":179,"date":"2018-05-15T15:22:43","date_gmt":"2018-05-15T08:22:43","guid":{"rendered":"http:\/\/dunlop.mgift.vn\/?post_type=product&#038;p=179"},"modified":"2019-05-21T15:10:37","modified_gmt":"2019-05-21T08:10:37","slug":"st20","status":"publish","type":"product","link":"https:\/\/www.dunloptyre.vn\/vi\/san-pham\/st20\/","title":{"rendered":"GRANDTREK ST20"},"content":{"rendered":"[vc_row css_animation=&#8221;&#8221; row_type=&#8221;row&#8221; use_row_as_full_screen_section=&#8221;no&#8221; type=&#8221;full_width&#8221; angled_section=&#8221;no&#8221; text_align=&#8221;left&#8221; background_image_as_pattern=&#8221;without_pattern&#8221;][vc_column]<div  class=\"lgc-column lgc-grid-parent lgc-grid-30 lgc-tablet-grid-30 lgc-mobile-grid-100 lgc-equal-heights \"><div  class=\"inside-grid-column\">\n<h1><span style=\"font-size: 18pt;\">GRANTREK ST20<\/span><\/h1>\n<p style=\"line-height:24pt; text-align:justify;\">M&amp;S rated tyre with an all-season tread design that helps deliver year-round traction and enhanced wet handling<br \/>\nCircumferential tread grooves help pump water away from the footprint for excellent wet traction<br \/>\n5-Pitch Technology\u2122 aids noise reduction for a quiet ride<br \/>\nBlack serrated sidewall and raised black letter design give it a stylish edge<\/p>\n<\/div><\/div><div  class=\"lgc-column lgc-grid-parent lgc-grid-70 lgc-tablet-grid-70 lgc-mobile-grid-100 lgc-equal-heights \"><div  class=\"inside-grid-column\">\n<p>&nbsp;<\/p>\n<p><img loading=\"lazy\" decoding=\"async\" class=\"aligncenter wp-image-723 \" src=\"https:\/\/www.dunloptyre.vn\/wp-content\/uploads\/2018\/05\/St20.png\" alt=\"\" width=\"366\" height=\"366\" srcset=\"https:\/\/www.dunloptyre.vn\/wp-content\/uploads\/2018\/05\/St20.png 300w, https:\/\/www.dunloptyre.vn\/wp-content\/uploads\/2018\/05\/St20-150x150.png 150w, https:\/\/www.dunloptyre.vn\/wp-content\/uploads\/2018\/05\/St20-250x250.png 250w, https:\/\/www.dunloptyre.vn\/wp-content\/uploads\/2018\/05\/St20-100x100.png 100w\" sizes=\"(max-width: 366px) 100vw, 366px\" \/><\/p>\n<p>&nbsp;<\/p>\n<\/div><\/div><div class=\"lgc-clear\"><\/div>\n<table class=\"box-table-att\" style=\"line-height:24pt;\">\n<thead>\n<tr>\n<th class=\"td-product-att\">Type size<\/th>\n<th class=\"td-product-att\">Load index<\/th>\n<th class=\"td-product-att\">Speed Symbol<\/th>\n<th class=\"td-product-att\"><\/th>\n<th class=\"td-product-att\">TL or TT<\/th>\n<th class=\"td-product-att\">Overall Diam (mm)<\/th>\n<th class=\"td-product-att\">Section Width (mm)<\/th>\n<th class=\"td-product-att\">Measuring (inch)<\/th>\n<th class=\"td-product-att\">Approved (inch)<\/th>\n<th class=\"td-product-att\">Tread Depth (mm)<\/th>\n<\/tr>\n<\/thead>\n<tbody>\n<tr class=\"box-table-tr-bg-1\">\n<td>215\/70R16<\/td>\n<td>99<\/td>\n<td>H<\/td>\n<td>BLK<\/td>\n<td>K<\/td>\n<td>705<\/td>\n<td>225<\/td>\n<td>6.50<\/td>\n<td>5.50 &#8211; 7.00<\/td>\n<td>7.8<\/td>\n<\/tr>\n<tr class=\"box-table-tr-bg-1\">\n<td>235\/60R16<\/td>\n<td>100<\/td>\n<td>H<\/td>\n<td>BLK<\/td>\n<td>K<\/td>\n<td>691<\/td>\n<td>231<\/td>\n<td>7.00<\/td>\n<td>6.50 &#8211; 8.50<\/td>\n<td>7.8<\/td>\n<\/tr>\n<tr class=\"box-table-tr-bg-1\">\n<td>235\/60R16<\/td>\n<td>100<\/td>\n<td>H<\/td>\n<td>BLK<\/td>\n<td>K<\/td>\n<td>691<\/td>\n<td>231<\/td>\n<td>7.00<\/td>\n<td>6.50- 8.50<\/td>\n<td>7.8<\/td>\n<\/tr>\n<tr class=\"box-table-tr-bg-1\">\n<td>P225\/60 R17<\/td>\n<td>98<\/td>\n<td>H<\/td>\n<td>BLK<\/td>\n<td>K<\/td>\n<td>707<\/td>\n<td>233<\/td>\n<td>6.50<\/td>\n<td>6.00 &#8211; 8.00<\/td>\n<td>8.1<\/td>\n<\/tr>\n<tr class=\"box-table-tr-bg-1\">\n<td>215\/60 R17<\/td>\n<td>96<\/td>\n<td>H<\/td>\n<td>BLK<\/td>\n<td>K<\/td>\n<td>692<\/td>\n<td>220<\/td>\n<td>6.50<\/td>\n<td>6.50 &#8211; 7.00<\/td>\n<td>8.2<\/td>\n<\/tr>\n<tr class=\"box-table-tr-bg-1\">\n<td>225\/65 R18<\/td>\n<td>103<\/td>\n<td>H<\/td>\n<td>BLK<\/td>\n<td>K<\/td>\n<td>753<\/td>\n<td>240<\/td>\n<td>6.50<\/td>\n<td>6.00 &#8211; 8.00<\/td>\n<td>8.4<\/td>\n<\/tr>\n<tr class=\"box-table-tr-bg-1\">\n<td>216\/65R16<\/td>\n<td>98<\/td>\n<td>S<\/td>\n<td>BLK<\/td>\n<td>K<\/td>\n<td>690<\/td>\n<td>216<\/td>\n<td>6.50<\/td>\n<td>6.00 &#8211; 7.50<\/td>\n<td>8.2<\/td>\n<\/tr>\n<tr class=\"box-table-tr-bg-1\">\n<td>215\/65R16<\/td>\n<td>98<\/td>\n<td>H<\/td>\n<td>BLK<\/td>\n<td>K<\/td>\n<td>690<\/td>\n<td>216<\/td>\n<td>6.50<\/td>\n<td>6.00 &#8211; 7.50<\/td>\n<td>8.2<\/td>\n<\/tr>\n<\/tbody>\n<\/table>\n[\/vc_column][\/vc_row]","protected":false},"excerpt":{"rendered":"<p><p>V\u1edbi thi\u1ebft k\u1ebf m\u00e3 gai th\u00f4ng minh v\u00e0 tinh t\u1ebf mang \u0111\u1ebfn s\u1ef1 tho\u1ea3i m\u00e1i v\u00e0 \u00eam \u00e1i c\u0169ng nh\u01b0 mang l\u1ea1i hi\u1ec7u qu\u1ea3 v\u01b0\u1ee3t tr\u1ed9i cho vi\u1ec7c s\u1eed d\u1ee5ng \u0111\u01b0\u1eddng cao t\u1ed1c.<\/p>\n<\/p>","protected":false},"featured_media":723,"comment_status":"open","ping_status":"closed","template":"","meta":{"_links_to":"","_links_to_target":""},"_links":{"self":[{"href":"https:\/\/www.dunloptyre.vn\/vi\/wp-json\/wp\/v2\/product\/179"}],"collection":[{"href":"https:\/\/www.dunloptyre.vn\/vi\/wp-json\/wp\/v2\/product"}],"about":[{"href":"https:\/\/www.dunloptyre.vn\/vi\/wp-json\/wp\/v2\/types\/product"}],"replies":[{"embeddable":true,"href":"https:\/\/www.dunloptyre.vn\/vi\/wp-json\/wp\/v2\/comments?post=179"}],"wp:featuredmedia":[{"embeddable":true,"href":"https:\/\/www.dunloptyre.vn\/vi\/wp-json\/wp\/v2\/media\/723"}],"wp:attachment":[{"href":"https:\/\/www.dunloptyre.vn\/vi\/wp-json\/wp\/v2\/media?parent=179"}],"curies":[{"name":"wp","href":"https:\/\/api.w.org\/{rel}","templated":true}]}}