{"id":180,"date":"2018-05-15T15:24:43","date_gmt":"2018-05-15T08:24:43","guid":{"rendered":"http:\/\/dunlop.mgift.vn\/?post_type=product&#038;p=180"},"modified":"2019-05-10T19:21:06","modified_gmt":"2019-05-10T12:21:06","slug":"st30","status":"publish","type":"product","link":"https:\/\/www.dunloptyre.vn\/vi\/san-pham\/st30\/","title":{"rendered":"GRANDTREK ST30"},"content":{"rendered":"[vc_row css_animation=&#8221;&#8221; row_type=&#8221;row&#8221; use_row_as_full_screen_section=&#8221;no&#8221; type=&#8221;full_width&#8221; angled_section=&#8221;no&#8221; text_align=&#8221;left&#8221; background_image_as_pattern=&#8221;without_pattern&#8221;][vc_column]<div  class=\"lgc-column lgc-grid-parent lgc-grid-30 lgc-tablet-grid-30 lgc-mobile-grid-100 lgc-equal-heights \"><div  class=\"inside-grid-column\">\n<h1><span style=\"font-size: 18pt;\">GRANDTREK ST30<\/span><\/h1>\n<p style=\"line-height:24pt;\">Grandtrek <em>ST30<\/em> tyres are designed to combine ride and noise comfort with year- round traction, even in light snow. Drive with confidence and style.<\/p>\n<\/div><\/div><div  class=\"lgc-column lgc-grid-parent lgc-grid-70 lgc-tablet-grid-70 lgc-mobile-grid-100 lgc-equal-heights \"><div  class=\"inside-grid-column\"><img loading=\"lazy\" decoding=\"async\" class=\"aligncenter wp-image-724 size-full\" src=\"https:\/\/www.dunloptyre.vn\/wp-content\/uploads\/2018\/05\/St30.png\" alt=\"\" width=\"300\" height=\"300\" srcset=\"https:\/\/www.dunloptyre.vn\/wp-content\/uploads\/2018\/05\/St30.png 300w, https:\/\/www.dunloptyre.vn\/wp-content\/uploads\/2018\/05\/St30-150x150.png 150w, https:\/\/www.dunloptyre.vn\/wp-content\/uploads\/2018\/05\/St30-250x250.png 250w, https:\/\/www.dunloptyre.vn\/wp-content\/uploads\/2018\/05\/St30-100x100.png 100w\" sizes=\"(max-width: 300px) 100vw, 300px\" \/>\n<p>&nbsp;<\/p>\n<\/div><\/div><div class=\"lgc-clear\"><\/div>\n<table class=\"box-table-att\" style=\"line-height:24pt;\">\n<thead>\n<tr style=\"background-color: yellow; color: black;\">\n<th class=\"td-product-att\">K\u00edch c\u1ee1 l\u1ed1p<\/th>\n<th class=\"td-product-att\">Ch\u1ec9 s\u1ed1 t\u1ea3i tr\u1ecdng<\/th>\n<th class=\"td-product-att\">K\u00ed hi\u1ec7u t\u1ed1c \u0111\u1ed9<\/th>\n<th class=\"td-product-att\">Ki\u1ec3u h\u00f4ng<\/th>\n<th class=\"td-product-att\">Kh\u00f4ng (K) hay c\u00f3 (C) Ru\u1ed9t<\/th>\n<th class=\"td-product-att\">\u0110\u01b0\u1eddng k\u00ednh b\u00ean ngo\u00e0i (mm)<\/th>\n<th class=\"td-product-att\">Chi\u1ec1u r\u1ed9ng (mm)<\/th>\n<th class=\"td-product-att\">M\u00e2m chu\u1ea9n (inch)<\/th>\n<th class=\"td-product-att\">\u0110\u1ed9 sai l\u1ec7ch cho ph\u00e9p (inch)<\/th>\n<th class=\"td-product-att\">\u0110\u1ed9 s\u00e2u gai (mm)<\/th>\n<\/tr>\n<\/thead>\n<tbody>\n<tr class=\"box-table-tr-bg-1\">\n<td>195\/55R15<\/td>\n<td>85<\/td>\n<td>V<\/td>\n<td>BLK<\/td>\n<td>K<\/td>\n<td>595<\/td>\n<td>197<\/td>\n<td>6.0<\/td>\n<td>5.5 &#8211; 7.0<\/td>\n<td>8.0<\/td>\n<\/tr>\n<tr class=\"box-table-tr-bg-1\">\n<td>195\/60R15<\/td>\n<td>88<\/td>\n<td>H<\/td>\n<td>BLK<\/td>\n<td>K<\/td>\n<td>614<\/td>\n<td>197<\/td>\n<td>6.0<\/td>\n<td>5.5 &#8211; 7.0<\/td>\n<td>7.9<\/td>\n<\/tr>\n<tr class=\"box-table-tr-bg-1\">\n<td>205\/60R15<\/td>\n<td>91<\/td>\n<td>H<\/td>\n<td>BLK<\/td>\n<td>K<\/td>\n<td>626<\/td>\n<td>205<\/td>\n<td>6.0<\/td>\n<td>5.5 &#8211; 7.5<\/td>\n<td>8.0<\/td>\n<\/tr>\n<tr class=\"box-table-tr-bg-1\">\n<td>205\/60R15<\/td>\n<td>91<\/td>\n<td>V<\/td>\n<td>BLK<\/td>\n<td>K<\/td>\n<td>624<\/td>\n<td>204<\/td>\n<td>6.0<\/td>\n<td>5.5 &#8211; 7.5<\/td>\n<td>8.0<\/td>\n<\/tr>\n<tr class=\"box-table-tr-bg-1\">\n<td>185\/65R15<\/td>\n<td>88<\/td>\n<td>H<\/td>\n<td>BLK<\/td>\n<td>K<\/td>\n<td>619<\/td>\n<td>204<\/td>\n<td>6.0<\/td>\n<td>5.5 &#8211; 7.5<\/td>\n<td>7.9<\/td>\n<\/tr>\n<tr class=\"box-table-tr-bg-1\">\n<td>195\/65R15<\/td>\n<td>91<\/td>\n<td>H<\/td>\n<td>BLK<\/td>\n<td>K<\/td>\n<td>633<\/td>\n<td>200<\/td>\n<td>6.0<\/td>\n<td>5.5 &#8211; 7.0<\/td>\n<td>7.9<\/td>\n<\/tr>\n<tr class=\"box-table-tr-bg-1\">\n<td>195\/65R15<\/td>\n<td>91<\/td>\n<td>V<\/td>\n<td>BLK<\/td>\n<td>K<\/td>\n<td>632<\/td>\n<td>199<\/td>\n<td>6.0<\/td>\n<td>5.5 &#8211; 7.0<\/td>\n<td>7.9<\/td>\n<\/tr>\n<tr class=\"box-table-tr-bg-1\">\n<td>205\/65R15<\/td>\n<td>94<\/td>\n<td>H<\/td>\n<td>BLK<\/td>\n<td>K<\/td>\n<td>645<\/td>\n<td>208<\/td>\n<td>6.0<\/td>\n<td>5.5 &#8211; 7.5<\/td>\n<td>7.9<\/td>\n<\/tr>\n<tr class=\"box-table-tr-bg-1\">\n<td>205\/65R15<\/td>\n<td>94<\/td>\n<td>V<\/td>\n<td>BLK<\/td>\n<td>K<\/td>\n<td>644<\/td>\n<td>208<\/td>\n<td>6.0<\/td>\n<td>5.5 &#8211; 7.5<\/td>\n<td>7.9<\/td>\n<\/tr>\n<tr class=\"box-table-tr-bg-1\">\n<td>215\/65R15<\/td>\n<td>96<\/td>\n<td>H<\/td>\n<td>BLK<\/td>\n<td>K<\/td>\n<td>659<\/td>\n<td>219<\/td>\n<td>6.5<\/td>\n<td>6.0 &#8211; 7.5<\/td>\n<td>7.9<\/td>\n<\/tr>\n<tr class=\"box-table-tr-bg-1\">\n<td>215\/65R15<\/td>\n<td>96<\/td>\n<td>V<\/td>\n<td>BLK<\/td>\n<td>K<\/td>\n<td>659<\/td>\n<td>220<\/td>\n<td>6.5<\/td>\n<td>6.0 &#8211; 7.5<\/td>\n<td>7.9<\/td>\n<\/tr>\n<tr class=\"box-table-tr-bg-1\">\n<td>225\/50R16<\/td>\n<td>92<\/td>\n<td>V<\/td>\n<td>BLK<\/td>\n<td>K<\/td>\n<td>630<\/td>\n<td>225<\/td>\n<td>7.0<\/td>\n<td>6.0 &#8211; 8.0<\/td>\n<td>8.0<\/td>\n<\/tr>\n<tr class=\"box-table-tr-bg-1\">\n<td>205\/55R16<\/td>\n<td>91<\/td>\n<td>V<\/td>\n<td>BLK<\/td>\n<td>K<\/td>\n<td>632<\/td>\n<td>209<\/td>\n<td>6.5<\/td>\n<td>5.5 &#8211; 7.5<\/td>\n<td>8.0<\/td>\n<\/tr>\n<tr class=\"box-table-tr-bg-1\">\n<td>215\/55R16<\/td>\n<td>93<\/td>\n<td>W<\/td>\n<td>BLK<\/td>\n<td>K<\/td>\n<td>640<\/td>\n<td>222<\/td>\n<td>7.0<\/td>\n<td>6.0 &#8211; 7.5<\/td>\n<td>8.0<\/td>\n<\/tr>\n<tr class=\"box-table-tr-bg-1\">\n<td>225\/55R16<\/td>\n<td>95<\/td>\n<td>W<\/td>\n<td>BLK<\/td>\n<td>K<\/td>\n<td>652<\/td>\n<td>227<\/td>\n<td>7.0<\/td>\n<td>6.0 &#8211; 8.0<\/td>\n<td>8.1<\/td>\n<\/tr>\n<tr class=\"box-table-tr-bg-1\">\n<td>205\/60R16<\/td>\n<td>92<\/td>\n<td>H<\/td>\n<td>BLK<\/td>\n<td>K<\/td>\n<td>652<\/td>\n<td>206<\/td>\n<td>6.0<\/td>\n<td>5.5 &#8211; 7.5<\/td>\n<td>8.0<\/td>\n<\/tr>\n<tr class=\"box-table-tr-bg-1\">\n<td>205\/60R16<\/td>\n<td>92<\/td>\n<td>V<\/td>\n<td>BLK<\/td>\n<td>K<\/td>\n<td>650<\/td>\n<td>207<\/td>\n<td>6.0<\/td>\n<td>5.5 &#8211; 7.5<\/td>\n<td>8.0<\/td>\n<\/tr>\n<tr class=\"box-table-tr-bg-1\">\n<td>215\/60R16<\/td>\n<td>95<\/td>\n<td>H<\/td>\n<td>BLK<\/td>\n<td>K<\/td>\n<td>664<\/td>\n<td>220<\/td>\n<td>6.5<\/td>\n<td>6.0 &#8211; 7.5<\/td>\n<td>8.0<\/td>\n<\/tr>\n<tr class=\"box-table-tr-bg-1\">\n<td>215\/60R16<\/td>\n<td>95<\/td>\n<td>V<\/td>\n<td>BLK<\/td>\n<td>K<\/td>\n<td>662<\/td>\n<td>220<\/td>\n<td>6.5<\/td>\n<td>6.0 &#8211; 7.5<\/td>\n<td>8.0<\/td>\n<\/tr>\n<tr class=\"box-table-tr-bg-1\">\n<td>225\/60R16<\/td>\n<td>98<\/td>\n<td>V<\/td>\n<td>BLK<\/td>\n<td>K<\/td>\n<td>675<\/td>\n<td>226<\/td>\n<td>6.5<\/td>\n<td>6.0 &#8211; 8.0<\/td>\n<td>8.0<\/td>\n<\/tr>\n<tr class=\"box-table-tr-bg-1\">\n<td>225\/60R16<\/td>\n<td>98<\/td>\n<td>W<\/td>\n<td>BLK<\/td>\n<td>K<\/td>\n<td>674<\/td>\n<td>227<\/td>\n<td>6.5<\/td>\n<td>6.0 &#8211; 8.0<\/td>\n<td>8.0<\/td>\n<\/tr>\n<tr class=\"box-table-tr-bg-1\">\n<td>235\/60R16<\/td>\n<td>100<\/td>\n<td>W<\/td>\n<td>BLK<\/td>\n<td>K<\/td>\n<td>687<\/td>\n<td>237<\/td>\n<td>7.0<\/td>\n<td>6.5 &#8211; 8.5<\/td>\n<td>8.0<\/td>\n<\/tr>\n<tr class=\"box-table-tr-bg-1\">\n<td>205\/65R16<\/td>\n<td>95<\/td>\n<td>H<\/td>\n<td>BLK<\/td>\n<td>K<\/td>\n<td>670<\/td>\n<td>209<\/td>\n<td>6.0<\/td>\n<td>5.5 &#8211; 7.5<\/td>\n<td>7.9<\/td>\n<\/tr>\n<tr class=\"box-table-tr-bg-1\">\n<td>205\/65R16<\/td>\n<td>95<\/td>\n<td>V<\/td>\n<td>BLK<\/td>\n<td>K<\/td>\n<td>670<\/td>\n<td>209<\/td>\n<td>6.0<\/td>\n<td>5.5 &#8211; 7.5<\/td>\n<td>8.0<\/td>\n<\/tr>\n<tr class=\"box-table-tr-bg-1\">\n<td>215\/45R17<\/td>\n<td>87<\/td>\n<td>W<\/td>\n<td>BLK<\/td>\n<td>K<\/td>\n<td>624<\/td>\n<td>210<\/td>\n<td>7.0<\/td>\n<td>7.0 &#8211; 8.0<\/td>\n<td>8.0<\/td>\n<\/tr>\n<tr class=\"box-table-tr-bg-1\">\n<td>225\/45R17<\/td>\n<td>91<\/td>\n<td>W<\/td>\n<td>BLK<\/td>\n<td>K<\/td>\n<td>634<\/td>\n<td>223<\/td>\n<td>7.5<\/td>\n<td>7.0 &#8211; 8.5<\/td>\n<td>8.0<\/td>\n<\/tr>\n<tr class=\"box-table-tr-bg-1\">\n<td>225\/45R17<\/td>\n<td>94<\/td>\n<td>W<\/td>\n<td>BLK<\/td>\n<td>K<\/td>\n<td>634<\/td>\n<td>221<\/td>\n<td>7.5<\/td>\n<td>7.0 &#8211; 8.5<\/td>\n<td>8.0<\/td>\n<\/tr>\n<tr class=\"box-table-tr-bg-1\">\n<td>235\/45R17<\/td>\n<td>94<\/td>\n<td>W<\/td>\n<td>BLK<\/td>\n<td>K<\/td>\n<td>642<\/td>\n<td>234<\/td>\n<td>8.0<\/td>\n<td>7.5 &#8211; 9.0<\/td>\n<td>8.0<\/td>\n<\/tr>\n<tr class=\"box-table-tr-bg-1\">\n<td>245\/45R17<\/td>\n<td>95<\/td>\n<td>W<\/td>\n<td>BLK<\/td>\n<td>K<\/td>\n<td>652<\/td>\n<td>240<\/td>\n<td>8.0<\/td>\n<td>7.5 &#8211; 9.0<\/td>\n<td>8.1<\/td>\n<\/tr>\n<tr class=\"box-table-tr-bg-1\">\n<td>215\/50R17<\/td>\n<td>91<\/td>\n<td>V<\/td>\n<td>BLK<\/td>\n<td>K<\/td>\n<td>648<\/td>\n<td>218<\/td>\n<td>7.0<\/td>\n<td>6.0 &#8211; 7.5<\/td>\n<td>8.0<\/td>\n<\/tr>\n<tr class=\"box-table-tr-bg-1\">\n<td>225\/50R17<\/td>\n<td>98<\/td>\n<td>W<\/td>\n<td>BLK<\/td>\n<td>K<\/td>\n<td>657<\/td>\n<td>226<\/td>\n<td>7.0<\/td>\n<td>6.0 &#8211; 8.0<\/td>\n<td>8.0<\/td>\n<\/tr>\n<tr class=\"box-table-tr-bg-1\">\n<td>225\/50R17<\/td>\n<td>94<\/td>\n<td>W<\/td>\n<td>BLK<\/td>\n<td>K<\/td>\n<td>657<\/td>\n<td>226<\/td>\n<td>7.0<\/td>\n<td>6.0 &#8211; 8.0<\/td>\n<td>8.0<\/td>\n<\/tr>\n<tr class=\"box-table-tr-bg-1\">\n<td>215\/55R17<\/td>\n<td>94<\/td>\n<td>V<\/td>\n<td>BLK<\/td>\n<td>K<\/td>\n<td>666<\/td>\n<td>223<\/td>\n<td>7.0<\/td>\n<td>6.0 &#8211; 7.5<\/td>\n<td>8.0<\/td>\n<\/tr>\n<tr class=\"box-table-tr-bg-1\">\n<td>225\/55R17<\/td>\n<td>97<\/td>\n<td>W<\/td>\n<td>BLK<\/td>\n<td>K<\/td>\n<td>680<\/td>\n<td>229<\/td>\n<td>7.0<\/td>\n<td>6.0 &#8211; 8.0<\/td>\n<td>8.1<\/td>\n<\/tr>\n<tr class=\"box-table-tr-bg-1\">\n<td>225\/40R18<\/td>\n<td>88<\/td>\n<td>W<\/td>\n<td>BLK<\/td>\n<td>K<\/td>\n<td>638<\/td>\n<td>229<\/td>\n<td>8.0<\/td>\n<td>7.5 &#8211; 9.0<\/td>\n<td>8.0<\/td>\n<\/tr>\n<tr class=\"box-table-tr-bg-1\">\n<td>225\/40R18<\/td>\n<td>92<\/td>\n<td>W<\/td>\n<td>BLK<\/td>\n<td>K<\/td>\n<td>638<\/td>\n<td>229<\/td>\n<td>8.0<\/td>\n<td>7.5 &#8211; 9.0<\/td>\n<td>8.0<\/td>\n<\/tr>\n<tr class=\"box-table-tr-bg-1\">\n<td>235\/40R18<\/td>\n<td>91<\/td>\n<td>W<\/td>\n<td>BLK<\/td>\n<td>K<\/td>\n<td>643<\/td>\n<td>244<\/td>\n<td>8.5<\/td>\n<td>8.0 &#8211; 9.5<\/td>\n<td>8.0<\/td>\n<\/tr>\n<tr class=\"box-table-tr-bg-1\">\n<td>235\/40R18<\/td>\n<td>95<\/td>\n<td>W<\/td>\n<td>BLK<\/td>\n<td>K<\/td>\n<td>643<\/td>\n<td>242<\/td>\n<td>8.5<\/td>\n<td>8.0 &#8211; 9.5<\/td>\n<td>8.0<\/td>\n<\/tr>\n<tr class=\"box-table-tr-bg-1\">\n<td>245\/40R18<\/td>\n<td>93<\/td>\n<td>W<\/td>\n<td>BLK<\/td>\n<td>K<\/td>\n<td>653<\/td>\n<td>246<\/td>\n<td>8.5<\/td>\n<td>8.0 &#8211; 9.5<\/td>\n<td>8.1<\/td>\n<\/tr>\n<tr class=\"box-table-tr-bg-1\">\n<td>245\/40R18<\/td>\n<td>97<\/td>\n<td>W<\/td>\n<td>BLK<\/td>\n<td>K<\/td>\n<td>653<\/td>\n<td>244<\/td>\n<td>8.5<\/td>\n<td>8.0 &#8211; 9.5<\/td>\n<td>8.1<\/td>\n<\/tr>\n<tr class=\"box-table-tr-bg-1\">\n<td>225\/45R18<\/td>\n<td>91<\/td>\n<td>W<\/td>\n<td>BLK<\/td>\n<td>K<\/td>\n<td>657<\/td>\n<td>224<\/td>\n<td>7.5<\/td>\n<td>7.0 &#8211; 8.5<\/td>\n<td>8.0<\/td>\n<\/tr>\n<tr class=\"box-table-tr-bg-1\">\n<td>225\/45R18<\/td>\n<td>95<\/td>\n<td>W<\/td>\n<td>BLK<\/td>\n<td>K<\/td>\n<td>661<\/td>\n<td>222<\/td>\n<td>7.5<\/td>\n<td>7.0 &#8211; 8.5<\/td>\n<td>8.0<\/td>\n<\/tr>\n<tr class=\"box-table-tr-bg-1\">\n<td>245\/45R18<\/td>\n<td>100<\/td>\n<td>W<\/td>\n<td>BLK<\/td>\n<td>K<\/td>\n<td>678<\/td>\n<td>239<\/td>\n<td>8.0<\/td>\n<td>7.5 &#8211; 9.0<\/td>\n<td>8.1<\/td>\n<\/tr>\n<tr class=\"box-table-tr-bg-1\">\n<td>255\/45R18<\/td>\n<td>103<\/td>\n<td>W<\/td>\n<td>BLK<\/td>\n<td>K<\/td>\n<td>688<\/td>\n<td>255<\/td>\n<td>8.5<\/td>\n<td>8.0 &#8211; 9.5<\/td>\n<td>8.1<\/td>\n<\/tr>\n<tr class=\"box-table-tr-bg-1\">\n<td>235\/50R18<\/td>\n<td>97<\/td>\n<td>W<\/td>\n<td>BLK<\/td>\n<td>K<\/td>\n<td>691<\/td>\n<td>236<\/td>\n<td>7.5<\/td>\n<td>6.5 &#8211; 8.5<\/td>\n<td>8.0<\/td>\n<\/tr>\n<tr class=\"box-table-tr-bg-1\">\n<td>235\/55R18<\/td>\n<td>100<\/td>\n<td>V<\/td>\n<td>BLK<\/td>\n<td>K<\/td>\n<td>714<\/td>\n<td>239<\/td>\n<td>7.5<\/td>\n<td>6.5 &#8211; 8.5<\/td>\n<td>8.0<\/td>\n<\/tr>\n<tr class=\"box-table-tr-bg-1\">\n<td>245\/45R19<\/td>\n<td>98<\/td>\n<td>W<\/td>\n<td>BLK<\/td>\n<td>K<\/td>\n<td>703<\/td>\n<td>240<\/td>\n<td>8.0<\/td>\n<td>7.5 &#8211; 9.0<\/td>\n<td>8.1<\/td>\n<\/tr>\n<tr class=\"box-table-tr-bg-1\">\n<td>245\/45R18<\/td>\n<td>96<\/td>\n<td>W<\/td>\n<td>BLK<\/td>\n<td>K<\/td>\n<td>677<\/td>\n<td>237<\/td>\n<td>8.0<\/td>\n<td>7.5 &#8211; 9.0<\/td>\n<td>8.1<\/td>\n<\/tr>\n<tr class=\"box-table-tr-bg-1\">\n<td>235\/45 R17<\/td>\n<td>94<\/td>\n<td>V<\/td>\n<td>BLK<\/td>\n<td>K<\/td>\n<td>642<\/td>\n<td>234<\/td>\n<td>8.0<\/td>\n<td>7.5 &#8211; 9.0<\/td>\n<td>8.0<\/td>\n<\/tr>\n<tr class=\"box-table-tr-bg-1\">\n<td>235\/40R18<\/td>\n<td>95<\/td>\n<td>Y<\/td>\n<td>BLK<\/td>\n<td>K<\/td>\n<td>643<\/td>\n<td>242<\/td>\n<td>8.5<\/td>\n<td>8.0 &#8211; 9.5<\/td>\n<td>8.0<\/td>\n<\/tr>\n<tr class=\"box-table-tr-bg-1\">\n<td>245\/40 R18<\/td>\n<td>93<\/td>\n<td>W<\/td>\n<td>BLK<\/td>\n<td>K<\/td>\n<td>653<\/td>\n<td>246<\/td>\n<td>8.50<\/td>\n<td>8.00 &#8211; 9.50<\/td>\n<td>8.1<\/td>\n<\/tr>\n<tr class=\"box-table-tr-bg-1\">\n<td>225\/50R17<\/td>\n<td>98<\/td>\n<td>W<\/td>\n<td>BLK<\/td>\n<td>K<\/td>\n<td>657<\/td>\n<td>226<\/td>\n<td>7.00<\/td>\n<td>6.00 &#8211; 8.00<\/td>\n<td>8.0<\/td>\n<\/tr>\n<tr class=\"box-table-tr-bg-1\">\n<td>225\/50R17<\/td>\n<td>94<\/td>\n<td>W<\/td>\n<td>BLK<\/td>\n<td>K<\/td>\n<td>657<\/td>\n<td>226<\/td>\n<td>7.00<\/td>\n<td>6.00 &#8211; 8.00<\/td>\n<td>8.0<\/td>\n<\/tr>\n<\/tbody>\n<\/table>\n[\/vc_column][\/vc_row]\n","protected":false},"excerpt":{"rendered":"<p><p>Th\u1ebf h\u1ec7 th\u1ee9 3 c\u1ee7a l\u1ed1p c\u00f3 l\u1edbp b\u1ed1 tr\u00f2n 2 c\u1ea7u d\u00e0nh cho xe \u0111a d\u1ee5ng. \u1ee8ng d\u1ee5ng c\u00f4ng ngh\u1ec7 &#8221; M\u00f4 Ph\u1ecfng L\u0103n&#8221; \u0111\u1ec3 \u0111\u1ea1t \u0111\u01b0\u1ee3c s\u1ef1 c\u00e2n b\u1eb1ng tuy\u1ec7t v\u1eddi gi\u1eefa \u0111\u01b0\u1eddng xa l\u1ed9 v\u00e0 \u0111\u01b0\u1eddng \u0111\u1ecba h\u00ecnh.<\/p>\n<\/p>","protected":false},"featured_media":724,"comment_status":"open","ping_status":"closed","template":"","meta":{"_links_to":"","_links_to_target":""},"_links":{"self":[{"href":"https:\/\/www.dunloptyre.vn\/vi\/wp-json\/wp\/v2\/product\/180"}],"collection":[{"href":"https:\/\/www.dunloptyre.vn\/vi\/wp-json\/wp\/v2\/product"}],"about":[{"href":"https:\/\/www.dunloptyre.vn\/vi\/wp-json\/wp\/v2\/types\/product"}],"replies":[{"embeddable":true,"href":"https:\/\/www.dunloptyre.vn\/vi\/wp-json\/wp\/v2\/comments?post=180"}],"wp:featuredmedia":[{"embeddable":true,"href":"https:\/\/www.dunloptyre.vn\/vi\/wp-json\/wp\/v2\/media\/724"}],"wp:attachment":[{"href":"https:\/\/www.dunloptyre.vn\/vi\/wp-json\/wp\/v2\/media?parent=180"}],"curies":[{"name":"wp","href":"https:\/\/api.w.org\/{rel}","templated":true}]}}